{"id":206073,"date":"2025-03-21T11:39:37","date_gmt":"2025-03-21T11:39:37","guid":{"rendered":"https:\/\/aromasentia.com\/product\/set-of-6-scented-tealights-cinnamon\/"},"modified":"2025-05-31T02:36:34","modified_gmt":"2025-05-31T02:36:34","slug":"telys-duftlys-kanel-6stk","status":"publish","type":"product","link":"https:\/\/aromasentia.com\/no\/telys-duftlys-kanel-6stk\/","title":{"rendered":"Telys \/ Duftlys &#8211; Kanel 6Stk."},"content":{"rendered":"<p><strong><span style=\"color: rgb(75, 80, 88);\">Dette settet med 6 duftende telys &#8211; Kanel<\/span><\/strong><span style=\"color: rgb(75, 80, 88);\">lar deg skape en atmosf\u00e6re og stemning raskt og enkelt. Velg mellom forskjellige fantastiske dufter.<\/span><\/p>\n<p><span style=\"color: rgb(75, 80, 88);\">Disse duftende telysene kan brukes i en rekke lysestaker og lanterner. De er perfekte for mindre rom. Eske med 15 sett med 6 telys.<\/span><\/p>\n<p><span style=\"color: rgb(75, 80, 88);\">Brenner i opptil 4 timer.<\/span><\/p>\n<p><span style=\"color: rgb(75, 80, 88);\">Lysst\u00f8rrelse: 3,7 x 1,2 cm (10 g) Eskest\u00f8rrelse: 12 x 8 x 1,7 cm eske (70 g) Bestill i dag for \u00e5 gj\u00f8re gjentakende lyssalg.<\/span><\/p>\n","protected":false},"excerpt":{"rendered":"<p>Dette settet med 6 duftende telys &#8211; Kanellar deg skape en atmosf\u00e6re og stemning raskt og enkelt. Velg mellom forskjellige fantastiske dufter. Disse duftende telysene kan brukes i en rekke lysestaker og lanterner. De er perfekte for mindre rom. Eske med 15 sett med 6 telys. Brenner i opptil 4 timer. Lysst\u00f8rrelse: 3,7 x 1,2 [&hellip;]<\/p>\n","protected":false},"featured_media":312404,"comment_status":"closed","ping_status":"open","template":"","meta":{"_angie_page":false},"product_brand":[],"product_cat":[25843,9273,26133,26890,9270,9291],"product_tag":[],"class_list":{"0":"post-206073","1":"product","2":"type-product","3":"status-publish","4":"has-post-thumbnail","6":"product_cat-dufter-aromaer","7":"product_cat-duftlys","8":"product_cat-kanel","9":"product_cat-krydret","10":"product_cat-lysestaker-og-stearinlys","11":"product_cat-soylelys","12":"pa_collection-set-of-6-scented-tealights-no","13":"pa_made-in-polen","15":"first","16":"instock","17":"purchasable","18":"product-type-simple"},"supplier_id":null,"supplier_sku":"STL-19","barcode":null,"atum_controlled":true,"out_stock_date":null,"out_stock_threshold":null,"inheritable":false,"inbound_stock":null,"stock_on_hold":0,"sold_today":0,"sales_last_days":0,"reserved_stock":null,"customer_returns":null,"warehouse_damage":null,"lost_in_post":null,"other_logs":null,"out_stock_days":0,"lost_sales":0,"has_location":null,"update_date":"2026-04-27T07:23:47","atum_locations":[],"atum_stock_status":"instock","restock_status":false,"low_stock_amount":"","sales_update_date":"2026-01-30T01:24:40","calc_backorders":null,"_links":{"self":[{"href":"https:\/\/aromasentia.com\/no\/wp-json\/wp\/v2\/product\/206073","targetHints":{"allow":["GET"]}}],"collection":[{"href":"https:\/\/aromasentia.com\/no\/wp-json\/wp\/v2\/product"}],"about":[{"href":"https:\/\/aromasentia.com\/no\/wp-json\/wp\/v2\/types\/product"}],"replies":[{"embeddable":true,"href":"https:\/\/aromasentia.com\/no\/wp-json\/wp\/v2\/comments?post=206073"}],"version-history":[{"count":0,"href":"https:\/\/aromasentia.com\/no\/wp-json\/wp\/v2\/product\/206073\/revisions"}],"wp:featuredmedia":[{"embeddable":true,"href":"https:\/\/aromasentia.com\/no\/wp-json\/wp\/v2\/media\/312404"}],"wp:attachment":[{"href":"https:\/\/aromasentia.com\/no\/wp-json\/wp\/v2\/media?parent=206073"}],"wp:term":[{"taxonomy":"product_brand","embeddable":true,"href":"https:\/\/aromasentia.com\/no\/wp-json\/wp\/v2\/product_brand?post=206073"},{"taxonomy":"product_cat","embeddable":true,"href":"https:\/\/aromasentia.com\/no\/wp-json\/wp\/v2\/product_cat?post=206073"},{"taxonomy":"product_tag","embeddable":true,"href":"https:\/\/aromasentia.com\/no\/wp-json\/wp\/v2\/product_tag?post=206073"}],"curies":[{"name":"wp","href":"https:\/\/api.w.org\/{rel}","templated":true}]}}