{"id":206064,"date":"2025-03-21T11:39:59","date_gmt":"2025-03-21T11:39:59","guid":{"rendered":"https:\/\/aromasentia.com\/product\/unscented-tealight-4hr\/"},"modified":"2025-05-31T02:36:01","modified_gmt":"2025-05-31T02:36:01","slug":"uparfymert-telys-4-timer","status":"publish","type":"product","link":"https:\/\/aromasentia.com\/no\/uparfymert-telys-4-timer\/","title":{"rendered":"Uparfymert Telys (4 Timer)"},"content":{"rendered":"<p>Telys er et allsidig element \u00e5 ha p\u00e5 lager, siden de har s\u00e5 mange plasser i hjemmet. De kan brukes i spisestuen for \u00e5 dekke et bord, i stuen for \u00e5 fremheve en peis, p\u00e5 badet for avslapning eller p\u00e5 soverommet for romantikk. I sommerm\u00e5nedene kan de til og med brukes utend\u00f8rs for \u00e5 skape en magisk atmosf\u00e6re, og med sitronella-nattlys vil du holde alle insekter unna. Hvis du har en butikk, en eBay-butikk, en markedsbod eller er en nettselger eller bilplyndrer, vil du garantert dra nytte av v\u00e5re fantastiske verdifulle stearinlysjobber.<\/p>\n","protected":false},"excerpt":{"rendered":"<p>Telys er et allsidig element \u00e5 ha p\u00e5 lager, siden de har s\u00e5 mange plasser i hjemmet. De kan brukes i spisestuen for \u00e5 dekke et bord, i stuen for \u00e5 fremheve en peis, p\u00e5 badet for avslapning eller p\u00e5 soverommet for romantikk. I sommerm\u00e5nedene kan de til og med brukes utend\u00f8rs for \u00e5 skape [&hellip;]<\/p>\n","protected":false},"featured_media":312645,"comment_status":"closed","ping_status":"open","template":"","meta":{"_angie_page":false},"product_brand":[],"product_cat":[9270,9291],"product_tag":[],"class_list":{"0":"post-206064","1":"product","2":"type-product","3":"status-publish","4":"has-post-thumbnail","6":"product_cat-lysestaker-og-stearinlys","7":"product_cat-soylelys","8":"pa_collection-bulk-tea-lights-no","9":"pa_made-in-polen","11":"first","12":"outofstock","13":"purchasable","14":"product-type-simple"},"supplier_id":null,"supplier_sku":"TLS-07","barcode":null,"atum_controlled":true,"out_stock_date":"2025-09-05 16:36:42","out_stock_threshold":null,"inheritable":false,"inbound_stock":null,"stock_on_hold":0,"sold_today":0,"sales_last_days":0,"reserved_stock":null,"customer_returns":null,"warehouse_damage":null,"lost_in_post":null,"other_logs":null,"out_stock_days":0,"lost_sales":0,"has_location":null,"update_date":"2026-04-27T07:24:59","atum_locations":[],"atum_stock_status":"outofstock","restock_status":false,"low_stock_amount":"","sales_update_date":"2025-09-05T00:22:19","calc_backorders":null,"_links":{"self":[{"href":"https:\/\/aromasentia.com\/no\/wp-json\/wp\/v2\/product\/206064","targetHints":{"allow":["GET"]}}],"collection":[{"href":"https:\/\/aromasentia.com\/no\/wp-json\/wp\/v2\/product"}],"about":[{"href":"https:\/\/aromasentia.com\/no\/wp-json\/wp\/v2\/types\/product"}],"replies":[{"embeddable":true,"href":"https:\/\/aromasentia.com\/no\/wp-json\/wp\/v2\/comments?post=206064"}],"version-history":[{"count":0,"href":"https:\/\/aromasentia.com\/no\/wp-json\/wp\/v2\/product\/206064\/revisions"}],"wp:featuredmedia":[{"embeddable":true,"href":"https:\/\/aromasentia.com\/no\/wp-json\/wp\/v2\/media\/312645"}],"wp:attachment":[{"href":"https:\/\/aromasentia.com\/no\/wp-json\/wp\/v2\/media?parent=206064"}],"wp:term":[{"taxonomy":"product_brand","embeddable":true,"href":"https:\/\/aromasentia.com\/no\/wp-json\/wp\/v2\/product_brand?post=206064"},{"taxonomy":"product_cat","embeddable":true,"href":"https:\/\/aromasentia.com\/no\/wp-json\/wp\/v2\/product_cat?post=206064"},{"taxonomy":"product_tag","embeddable":true,"href":"https:\/\/aromasentia.com\/no\/wp-json\/wp\/v2\/product_tag?post=206064"}],"curies":[{"name":"wp","href":"https:\/\/api.w.org\/{rel}","templated":true}]}}