{"id":206049,"date":"2025-03-21T11:40:23","date_gmt":"2025-03-21T11:40:23","guid":{"rendered":"https:\/\/aromasentia.com\/product\/large-candle-stand-white-gold\/"},"modified":"2025-05-31T02:35:12","modified_gmt":"2025-05-31T02:35:12","slug":"lysestake-hvitt-gull-stor","status":"publish","type":"product","link":"https:\/\/aromasentia.com\/no\/lysestake-hvitt-gull-stor\/","title":{"rendered":"Lysestake &#8211; Hvitt Gull Stor"},"content":{"rendered":"<p>Vintage lysestaker i tre, perfekte, stilige h\u00e5ndlagde lysestaker i tre. De er et blikkfang og vil skille seg ut i ethvert hjem. Utmerket kvalitet og moderne design.<\/p>\n<p>Disse romantiske lysestakene er laget av b\u00e6rekraftig Albesia-tre, h\u00e5ndsk\u00e5rne, utsmykkede lysestaker, ideelle for \u00e5 holde kirkelys.<\/p>\n","protected":false},"excerpt":{"rendered":"<p>Vintage lysestaker i tre, perfekte, stilige h\u00e5ndlagde lysestaker i tre. De er et blikkfang og vil skille seg ut i ethvert hjem. Utmerket kvalitet og moderne design. Disse romantiske lysestakene er laget av b\u00e6rekraftig Albesia-tre, h\u00e5ndsk\u00e5rne, utsmykkede lysestaker, ideelle for \u00e5 holde kirkelys.<\/p>\n","protected":false},"featured_media":313021,"comment_status":"closed","ping_status":"open","template":"","meta":{"_angie_page":false},"product_brand":[],"product_cat":[9277,9270],"product_tag":[],"class_list":{"0":"post-206049","1":"product","2":"type-product","3":"status-publish","4":"has-post-thumbnail","6":"product_cat-lysestaker","7":"product_cat-lysestaker-og-stearinlys","8":"pa_collection-vintage-candle-stands-no","9":"pa_made-in-indonesia","11":"first","12":"instock","13":"purchasable","14":"product-type-simple"},"supplier_id":null,"supplier_sku":"Vinstics-01","barcode":null,"atum_controlled":true,"out_stock_date":null,"out_stock_threshold":null,"inheritable":false,"inbound_stock":null,"stock_on_hold":0,"sold_today":0,"sales_last_days":0,"reserved_stock":null,"customer_returns":null,"warehouse_damage":null,"lost_in_post":null,"other_logs":null,"out_stock_days":0,"lost_sales":0,"has_location":null,"update_date":"2026-04-27T07:26:15","atum_locations":[],"atum_stock_status":"instock","restock_status":false,"low_stock_amount":"","sales_update_date":"2026-03-23T19:23:05","calc_backorders":null,"_links":{"self":[{"href":"https:\/\/aromasentia.com\/no\/wp-json\/wp\/v2\/product\/206049","targetHints":{"allow":["GET"]}}],"collection":[{"href":"https:\/\/aromasentia.com\/no\/wp-json\/wp\/v2\/product"}],"about":[{"href":"https:\/\/aromasentia.com\/no\/wp-json\/wp\/v2\/types\/product"}],"replies":[{"embeddable":true,"href":"https:\/\/aromasentia.com\/no\/wp-json\/wp\/v2\/comments?post=206049"}],"version-history":[{"count":0,"href":"https:\/\/aromasentia.com\/no\/wp-json\/wp\/v2\/product\/206049\/revisions"}],"wp:featuredmedia":[{"embeddable":true,"href":"https:\/\/aromasentia.com\/no\/wp-json\/wp\/v2\/media\/313021"}],"wp:attachment":[{"href":"https:\/\/aromasentia.com\/no\/wp-json\/wp\/v2\/media?parent=206049"}],"wp:term":[{"taxonomy":"product_brand","embeddable":true,"href":"https:\/\/aromasentia.com\/no\/wp-json\/wp\/v2\/product_brand?post=206049"},{"taxonomy":"product_cat","embeddable":true,"href":"https:\/\/aromasentia.com\/no\/wp-json\/wp\/v2\/product_cat?post=206049"},{"taxonomy":"product_tag","embeddable":true,"href":"https:\/\/aromasentia.com\/no\/wp-json\/wp\/v2\/product_tag?post=206049"}],"curies":[{"name":"wp","href":"https:\/\/api.w.org\/{rel}","templated":true}]}}