{"id":206039,"date":"2025-03-21T11:41:09","date_gmt":"2025-03-21T11:41:09","guid":{"rendered":"https:\/\/aromasentia.com\/product\/wooden-birthday-number-no-8\/"},"modified":"2025-05-31T02:34:32","modified_gmt":"2025-05-31T02:34:32","slug":"bursdags-nummer-i-tre-nr-8","status":"publish","type":"product","link":"https:\/\/aromasentia.com\/no\/bursdags-nummer-i-tre-nr-8\/","title":{"rendered":"Bursdags Nummer I Tre &#8211; Nr. 8"},"content":{"rendered":"<p>Disse tretallene er h\u00e5ndsk\u00e5ret av Albesia-tre og hvitkalket for et trendy utseende. En hel landsby ved bredden av Agung-fjellet er ansatt for \u00e5 lage bestillingene v\u00e5re.<\/p>\n<p>Jeg har fortalt deg om det hyggelige paret som driver denne virksomheten f\u00f8r. Han er landsbyens leder og glad for \u00e5 holde hele landsbyen sin i arbeid.<\/p>\n<p>Hvorfor tall? Vel, jeg bes\u00f8kte en gammel venn litt tilbake som satt i stuen hans og drakk vin og snakket om gamle dager. P\u00e5 en bokhylle ved TV-en sto et nydelig utsk\u00e5ret tall 60 omgitt av bilder fra hans seksti\u00e5rsdagsfeiring.<\/p>\n<p>&laquo;Min kone lagde det til meg&raquo;, forklarte han. For en fin gave, tenkte jeg, og fikk ideen til tretall. S\u00e5 tenkte jeg hva om det var plass til et nattlys \u00f8verst p\u00e5 bokstavene.<\/p>\n<p>Flott n\u00e5 kan bokstavene brukes som en slags bursdagskake &#8211; du kan bl\u00e5se ut lysene. De kan til og med st\u00e5 p\u00e5 toppen av en kake eller i et blomsterarrangement. En perfekt bursdagsgave og ogs\u00e5 nyttig som en enkel og stilig lysestake.<\/p>\n","protected":false},"excerpt":{"rendered":"<p>Disse tretallene er h\u00e5ndsk\u00e5ret av Albesia-tre og hvitkalket for et trendy utseende. En hel landsby ved bredden av Agung-fjellet er ansatt for \u00e5 lage bestillingene v\u00e5re. Jeg har fortalt deg om det hyggelige paret som driver denne virksomheten f\u00f8r. Han er landsbyens leder og glad for \u00e5 holde hele landsbyen sin i arbeid. Hvorfor tall? [&hellip;]<\/p>\n","protected":false},"featured_media":313336,"comment_status":"closed","ping_status":"open","template":"","meta":{"_angie_page":false},"product_brand":[],"product_cat":[9270],"product_tag":[],"class_list":{"0":"post-206039","1":"product","2":"type-product","3":"status-publish","4":"has-post-thumbnail","6":"product_cat-lysestaker-og-stearinlys","7":"pa_made-in-indonesia","9":"first","10":"instock","11":"purchasable","12":"product-type-simple"},"supplier_id":null,"supplier_sku":"WBN-08","barcode":null,"atum_controlled":true,"out_stock_date":null,"out_stock_threshold":null,"inheritable":false,"inbound_stock":null,"stock_on_hold":0,"sold_today":0,"sales_last_days":0,"reserved_stock":null,"customer_returns":null,"warehouse_damage":null,"lost_in_post":null,"other_logs":null,"out_stock_days":0,"lost_sales":0,"has_location":null,"update_date":"2026-04-27T07:26:52","atum_locations":[],"atum_stock_status":"instock","restock_status":false,"low_stock_amount":"","sales_update_date":"2025-09-05T00:22:24","calc_backorders":null,"_links":{"self":[{"href":"https:\/\/aromasentia.com\/no\/wp-json\/wp\/v2\/product\/206039","targetHints":{"allow":["GET"]}}],"collection":[{"href":"https:\/\/aromasentia.com\/no\/wp-json\/wp\/v2\/product"}],"about":[{"href":"https:\/\/aromasentia.com\/no\/wp-json\/wp\/v2\/types\/product"}],"replies":[{"embeddable":true,"href":"https:\/\/aromasentia.com\/no\/wp-json\/wp\/v2\/comments?post=206039"}],"version-history":[{"count":0,"href":"https:\/\/aromasentia.com\/no\/wp-json\/wp\/v2\/product\/206039\/revisions"}],"wp:featuredmedia":[{"embeddable":true,"href":"https:\/\/aromasentia.com\/no\/wp-json\/wp\/v2\/media\/313336"}],"wp:attachment":[{"href":"https:\/\/aromasentia.com\/no\/wp-json\/wp\/v2\/media?parent=206039"}],"wp:term":[{"taxonomy":"product_brand","embeddable":true,"href":"https:\/\/aromasentia.com\/no\/wp-json\/wp\/v2\/product_brand?post=206039"},{"taxonomy":"product_cat","embeddable":true,"href":"https:\/\/aromasentia.com\/no\/wp-json\/wp\/v2\/product_cat?post=206039"},{"taxonomy":"product_tag","embeddable":true,"href":"https:\/\/aromasentia.com\/no\/wp-json\/wp\/v2\/product_tag?post=206039"}],"curies":[{"name":"wp","href":"https:\/\/api.w.org\/{rel}","templated":true}]}}