{"id":206032,"date":"2025-03-21T11:42:30","date_gmt":"2025-03-21T11:42:30","guid":{"rendered":"https:\/\/aromasentia.com\/product\/zodiac-crystal-candle-with-gemstone-bracelet-gemini\/"},"modified":"2025-05-31T02:34:11","modified_gmt":"2025-05-31T02:34:11","slug":"stjernetegn-krystallys-armband-tvillingene","status":"publish","type":"product","link":"https:\/\/aromasentia.com\/no\/stjernetegn-krystallys-armband-tvillingene\/","title":{"rendered":"Stjernetegn Krystallys Armb\u00e5nd &#8211; Tvillingene"},"content":{"rendered":"<p><span style=\"color: rgb(75, 80, 88);\">Legemliggj\u00f8r den dynamiske og tilpasningsdyktige energien til Tvillingene med dette stjernetegnskrystalllyset. Den unike duften av orientalsk tiger\u00f8ye bringer varme og balanse, og komplementerer den nysgjerrige og livlige naturen til dette lufttegnet perfekt.<\/span><\/p>\n<p><span style=\"color: rgb(75, 80, 88);\"><strong>Settet inkluderer et fantastisk edelstensarmb\u00e5nd laget av sitrin, rosenkvarts og m\u00e5nestein, valgt for \u00e5 samsvare med Tvillingenes allsidige egenskaper:<\/strong><\/span><\/p>\n<p><span style=\"color: rgb(75, 80, 88);\"><strong>Sitrin \u00f8ker kreativitet og selvtillit. Rosenkvarts fremmer kj\u00e6rlighet, medf\u00f8lelse og harmoni. M\u00e5nestein forbedrer intuisjon og emosjonell balanse.<\/strong><\/span><\/p>\n<p><span style=\"color: rgb(75, 80, 88);\">Denne livlige kombinasjonen av stearinlys og armb\u00e5nd er en omtenksom gave eller et perfekt tillegg til ditt eget egenpleieritual, og hjelper Tvillingene med \u00e5 omfavne sin doble natur.<\/span><\/p>\n<p><span style=\"color: rgb(75, 80, 88);\"><em><strong>Toppnoter: Bergamott, Fersken<\/strong><\/em><\/span><\/p>\n<p><em><strong><span style=\"color: rgb(75, 80, 88);\">Hjertenoter: Appelsinblomst, Rose, Heliotrop, Lilje, Orkide, Iris, Gardenia<\/span><\/strong><\/em><\/p>\n<p><span style=\"color: rgb(75, 80, 88);\"><strong><em>Basenoter: Sedertre, Amber, Musk, Vetiver, Mose, Benzoin<\/em><\/strong><\/span><\/p>\n","protected":false},"excerpt":{"rendered":"<p>Legemliggj\u00f8r den dynamiske og tilpasningsdyktige energien til Tvillingene med dette stjernetegnskrystalllyset. Den unike duften av orientalsk tiger\u00f8ye bringer varme og balanse, og komplementerer den nysgjerrige og livlige naturen til dette lufttegnet perfekt. Settet inkluderer et fantastisk edelstensarmb\u00e5nd laget av sitrin, rosenkvarts og m\u00e5nestein, valgt for \u00e5 samsvare med Tvillingenes allsidige egenskaper: Sitrin \u00f8ker kreativitet og [&hellip;]<\/p>\n","protected":false},"featured_media":314091,"comment_status":"closed","ping_status":"open","template":"","meta":{"_angie_page":false},"product_brand":[],"product_cat":[25207,9270],"product_tag":[],"class_list":{"0":"post-206032","1":"product","2":"type-product","3":"status-publish","4":"has-post-thumbnail","6":"product_cat-armband","7":"product_cat-lysestaker-og-stearinlys","8":"pa_collection-zodiac-crystal-candles-with-gemstone-bracelet-no","9":"pa_made-in-kina","11":"first","12":"instock","13":"purchasable","14":"product-type-simple"},"supplier_id":null,"supplier_sku":"ZCC-05","barcode":null,"atum_controlled":true,"out_stock_date":null,"out_stock_threshold":null,"inheritable":false,"inbound_stock":null,"stock_on_hold":0,"sold_today":0,"sales_last_days":0,"reserved_stock":null,"customer_returns":null,"warehouse_damage":null,"lost_in_post":null,"other_logs":null,"out_stock_days":0,"lost_sales":0,"has_location":null,"update_date":"2026-04-27T07:27:29","atum_locations":[],"atum_stock_status":"instock","restock_status":false,"low_stock_amount":"","sales_update_date":"2025-09-05T00:22:27","calc_backorders":null,"_links":{"self":[{"href":"https:\/\/aromasentia.com\/no\/wp-json\/wp\/v2\/product\/206032","targetHints":{"allow":["GET"]}}],"collection":[{"href":"https:\/\/aromasentia.com\/no\/wp-json\/wp\/v2\/product"}],"about":[{"href":"https:\/\/aromasentia.com\/no\/wp-json\/wp\/v2\/types\/product"}],"replies":[{"embeddable":true,"href":"https:\/\/aromasentia.com\/no\/wp-json\/wp\/v2\/comments?post=206032"}],"version-history":[{"count":0,"href":"https:\/\/aromasentia.com\/no\/wp-json\/wp\/v2\/product\/206032\/revisions"}],"wp:featuredmedia":[{"embeddable":true,"href":"https:\/\/aromasentia.com\/no\/wp-json\/wp\/v2\/media\/314091"}],"wp:attachment":[{"href":"https:\/\/aromasentia.com\/no\/wp-json\/wp\/v2\/media?parent=206032"}],"wp:term":[{"taxonomy":"product_brand","embeddable":true,"href":"https:\/\/aromasentia.com\/no\/wp-json\/wp\/v2\/product_brand?post=206032"},{"taxonomy":"product_cat","embeddable":true,"href":"https:\/\/aromasentia.com\/no\/wp-json\/wp\/v2\/product_cat?post=206032"},{"taxonomy":"product_tag","embeddable":true,"href":"https:\/\/aromasentia.com\/no\/wp-json\/wp\/v2\/product_tag?post=206032"}],"curies":[{"name":"wp","href":"https:\/\/api.w.org\/{rel}","templated":true}]}}