{"id":206028,"date":"2025-03-21T11:42:30","date_gmt":"2025-03-21T11:42:30","guid":{"rendered":"https:\/\/aromasentia.com\/product\/zodiac-crystal-candle-with-gemstone-bracelet-aquarious\/"},"modified":"2025-05-31T02:33:51","modified_gmt":"2025-05-31T02:33:51","slug":"stjernetegn-krystallys-armband-aquarious","status":"publish","type":"product","link":"https:\/\/aromasentia.com\/no\/stjernetegn-krystallys-armband-aquarious\/","title":{"rendered":"Stjernetegn Krystallys Armb\u00e5nd &#8211; Aquarious"},"content":{"rendered":"<p><span style=\"color: rgb(75, 80, 88);\">Feir Vannmannens visjon\u00e6re \u00e5nd med dette stjernetegnskrystalllyset. Tilsatt den beroligende duften av ametystkrystall og rav, skaper det en fredfull og inspirerende atmosf\u00e6re. N\u00e5r lyset brenner, dukker det opp skimrende edelstener som forsterker forbindelsen til Vannmannens energi.<\/span><\/p>\n<p><span style=\"color: rgb(75, 80, 88);\"><strong>Settet inkluderer et edelstensarmb\u00e5nd laget av ametyst, lapis lazuli og hematitt. Hver stein er n\u00f8ye utvalgt for \u00e5 samsvare med Vannmannens styrker:<\/strong><\/span><\/p>\n<p><span style=\"color: rgb(75, 80, 88);\">Ametyst forsterker intuisjon og \u00e5ndelig vekstLapis lazuli oppmuntrer til visdom og selvutfoldelseHematitt gir jording og fokus<\/span><\/p>\n<p><span style=\"color: rgb(75, 80, 88);\">Denne unike kombinasjonen av stearinlys og armb\u00e5nd er perfekt for bursdager, egenpleieritualer eller som en omtenksom gave inspirert av stjernetegnene.<\/span><\/p>\n<p><span style=\"color: rgb(75, 80, 88);\"><em><strong>Toppnoter: Solb\u00e6r, Mandarin<\/strong><\/em><\/span><\/p>\n<p><em><strong><span style=\"color: rgb(75, 80, 88);\">Hjertenoter: Lavendel, R\u00f8de B\u00e6r, Rose<\/span><\/strong><\/em><\/p>\n<p><span style=\"color: rgb(75, 80, 88);\"><strong><em>Basenoter: Sandeltre, Rav<\/em><\/strong><\/span><\/p>\n","protected":false},"excerpt":{"rendered":"<p>Feir Vannmannens visjon\u00e6re \u00e5nd med dette stjernetegnskrystalllyset. Tilsatt den beroligende duften av ametystkrystall og rav, skaper det en fredfull og inspirerende atmosf\u00e6re. N\u00e5r lyset brenner, dukker det opp skimrende edelstener som forsterker forbindelsen til Vannmannens energi. Settet inkluderer et edelstensarmb\u00e5nd laget av ametyst, lapis lazuli og hematitt. Hver stein er n\u00f8ye utvalgt for \u00e5 samsvare [&hellip;]<\/p>\n","protected":false},"featured_media":313959,"comment_status":"closed","ping_status":"open","template":"","meta":[],"product_brand":[],"product_cat":[25207,9270],"product_tag":[],"class_list":{"0":"post-206028","1":"product","2":"type-product","3":"status-publish","4":"has-post-thumbnail","6":"product_cat-armband","7":"product_cat-lysestaker-og-stearinlys","8":"pa_collection-zodiac-crystal-candles-with-gemstone-bracelet-no","9":"pa_made-in-kina","11":"first","12":"instock","13":"purchasable","14":"product-type-simple"},"supplier_id":null,"supplier_sku":"ZCC-01","barcode":null,"atum_controlled":true,"out_stock_date":null,"out_stock_threshold":null,"inheritable":false,"inbound_stock":null,"stock_on_hold":0,"sold_today":0,"sales_last_days":0,"reserved_stock":null,"customer_returns":null,"warehouse_damage":null,"lost_in_post":null,"other_logs":null,"out_stock_days":0,"lost_sales":0,"has_location":null,"update_date":"2026-02-11T09:36:36","atum_locations":[],"atum_stock_status":"instock","restock_status":false,"low_stock_amount":"","sales_update_date":"2025-09-05T00:22:27","calc_backorders":null,"_links":{"self":[{"href":"https:\/\/aromasentia.com\/no\/wp-json\/wp\/v2\/product\/206028","targetHints":{"allow":["GET"]}}],"collection":[{"href":"https:\/\/aromasentia.com\/no\/wp-json\/wp\/v2\/product"}],"about":[{"href":"https:\/\/aromasentia.com\/no\/wp-json\/wp\/v2\/types\/product"}],"replies":[{"embeddable":true,"href":"https:\/\/aromasentia.com\/no\/wp-json\/wp\/v2\/comments?post=206028"}],"version-history":[{"count":0,"href":"https:\/\/aromasentia.com\/no\/wp-json\/wp\/v2\/product\/206028\/revisions"}],"wp:featuredmedia":[{"embeddable":true,"href":"https:\/\/aromasentia.com\/no\/wp-json\/wp\/v2\/media\/313959"}],"wp:attachment":[{"href":"https:\/\/aromasentia.com\/no\/wp-json\/wp\/v2\/media?parent=206028"}],"wp:term":[{"taxonomy":"product_brand","embeddable":true,"href":"https:\/\/aromasentia.com\/no\/wp-json\/wp\/v2\/product_brand?post=206028"},{"taxonomy":"product_cat","embeddable":true,"href":"https:\/\/aromasentia.com\/no\/wp-json\/wp\/v2\/product_cat?post=206028"},{"taxonomy":"product_tag","embeddable":true,"href":"https:\/\/aromasentia.com\/no\/wp-json\/wp\/v2\/product_tag?post=206028"}],"curies":[{"name":"wp","href":"https:\/\/api.w.org\/{rel}","templated":true}]}}