{"id":206023,"date":"2025-03-21T11:42:30","date_gmt":"2025-03-21T11:42:30","guid":{"rendered":"https:\/\/aromasentia.com\/product\/white-label-soy-wax-jar-candle-so-delicious\/"},"modified":"2025-05-31T02:32:53","modified_gmt":"2025-05-31T02:32:53","slug":"white-label-soyavoks-lys-i-krukke-so-delicious","status":"publish","type":"product","link":"https:\/\/aromasentia.com\/no\/white-label-soyavoks-lys-i-krukke-so-delicious\/","title":{"rendered":"White Label Soyavoks Lys i Krukke &#8211; So Delicious"},"content":{"rendered":"<p>Merkevaren din fortjener \u00e5 v\u00e6re overalt! Stearinlys er et tidl\u00f8st, dekorativt element som kan promotere merkevaren, ideen eller engasjementet ditt og forbedre saken din. Derfor introduserer vi den nye serien med hvite etiketter for soyavokslys, som hjelper deg med \u00e5 lage dine egne merkede\/merkede lys uten \u00e5 bruke penger.<\/p>\n<p>N\u00e5 kan du designe dine egne lys til butikken, restauranten, baren, B&#038;B-ene eller andre spesielle anledninger for de du elsker eller bryr deg om. Eller hvem du enn kan tenke deg. Enten det er til et bryllup, valentinsdagen, julen eller bare en gave til en kunde, vil et privat etikettlys f\u00e5 mottakeren til \u00e5 tenke p\u00e5 deg eller den spesielle dagen hver gang de tenner veken.<\/p>\n<p>Disse personlige soyavokslysene presenteres i tykke, resirkulerte glass med et spesielt st\u00f8vdeksel og en advarselsetikett i bunnen med strekkoden. Bare legg til logoen eller designet ditt, og gj\u00f8r dem til dine egne. V\u00e6r kreativ.<\/p>\n<p>Disse nydelige soyavokslysene kan hjelpe deg med \u00e5 skape et f\u00f8rsteklasses lysalternativ for kundene dine til en rimelig pris.<br \/>Brennetid 30\u201335 timer H: 8 cm, B: 7 cm, D: 7 cm &nbsp;<\/p>\n<p><strong>S\u00e5 ta p\u00e5 deg h\u00e5ndverkerhatten, lag ditt eget lys og tenn opp noen ekstra salg. Bestill i dag!<\/strong><\/p>\n","protected":false},"excerpt":{"rendered":"<p>Merkevaren din fortjener \u00e5 v\u00e6re overalt! Stearinlys er et tidl\u00f8st, dekorativt element som kan promotere merkevaren, ideen eller engasjementet ditt og forbedre saken din. Derfor introduserer vi den nye serien med hvite etiketter for soyavokslys, som hjelper deg med \u00e5 lage dine egne merkede\/merkede lys uten \u00e5 bruke penger. N\u00e5 kan du designe dine egne [&hellip;]<\/p>\n","protected":false},"featured_media":313762,"comment_status":"closed","ping_status":"open","template":"","meta":[],"product_brand":[],"product_cat":[9273,9270,9274],"product_tag":[],"class_list":{"0":"post-206023","1":"product","2":"type-product","3":"status-publish","4":"has-post-thumbnail","6":"product_cat-duftlys","7":"product_cat-lysestaker-og-stearinlys","8":"product_cat-soyavokslys","9":"pa_collection-white-label-unbranded-soy-wax-jar-candles-no","10":"pa_made-in-kina","12":"first","13":"outofstock","14":"purchasable","15":"product-type-simple"},"supplier_id":null,"supplier_sku":"WLSoyC-08","barcode":null,"atum_controlled":true,"out_stock_date":"2025-10-09 12:42:28","out_stock_threshold":null,"inheritable":false,"inbound_stock":null,"stock_on_hold":0,"sold_today":0,"sales_last_days":0,"reserved_stock":null,"customer_returns":null,"warehouse_damage":null,"lost_in_post":null,"other_logs":null,"out_stock_days":112,"lost_sales":0,"has_location":null,"update_date":"2026-01-30T01:25:12","atum_locations":[],"atum_stock_status":"outofstock","restock_status":false,"low_stock_amount":"","sales_update_date":"2026-01-30T01:25:12","calc_backorders":null,"_links":{"self":[{"href":"https:\/\/aromasentia.com\/no\/wp-json\/wp\/v2\/product\/206023","targetHints":{"allow":["GET"]}}],"collection":[{"href":"https:\/\/aromasentia.com\/no\/wp-json\/wp\/v2\/product"}],"about":[{"href":"https:\/\/aromasentia.com\/no\/wp-json\/wp\/v2\/types\/product"}],"replies":[{"embeddable":true,"href":"https:\/\/aromasentia.com\/no\/wp-json\/wp\/v2\/comments?post=206023"}],"version-history":[{"count":0,"href":"https:\/\/aromasentia.com\/no\/wp-json\/wp\/v2\/product\/206023\/revisions"}],"wp:featuredmedia":[{"embeddable":true,"href":"https:\/\/aromasentia.com\/no\/wp-json\/wp\/v2\/media\/313762"}],"wp:attachment":[{"href":"https:\/\/aromasentia.com\/no\/wp-json\/wp\/v2\/media?parent=206023"}],"wp:term":[{"taxonomy":"product_brand","embeddable":true,"href":"https:\/\/aromasentia.com\/no\/wp-json\/wp\/v2\/product_brand?post=206023"},{"taxonomy":"product_cat","embeddable":true,"href":"https:\/\/aromasentia.com\/no\/wp-json\/wp\/v2\/product_cat?post=206023"},{"taxonomy":"product_tag","embeddable":true,"href":"https:\/\/aromasentia.com\/no\/wp-json\/wp\/v2\/product_tag?post=206023"}],"curies":[{"name":"wp","href":"https:\/\/api.w.org\/{rel}","templated":true}]}}