{"id":206016,"date":"2025-03-21T11:43:56","date_gmt":"2025-03-21T11:43:56","guid":{"rendered":"https:\/\/aromasentia.com\/product\/zodiac-crystal-candle-with-gemstone-bracelet-libra\/"},"modified":"2025-05-31T02:32:36","modified_gmt":"2025-05-31T02:32:36","slug":"stjernetegn-krystallys-armband-vekten","status":"publish","type":"product","link":"https:\/\/aromasentia.com\/no\/stjernetegn-krystallys-armband-vekten\/","title":{"rendered":"Stjernetegn Krystallys Armb\u00e5nd &#8211; Vekten"},"content":{"rendered":"<p><span style=\"color: rgb(75, 80, 88);\">Vekten, finn balansen i den kosmiske dansen. Kj\u00f8lig duft av jade og eikemose, et harmonisk ekko av Venus&#8217; ynde, vil berolige din sjel. Titanstein, en perfekt balansert skala, legemliggj\u00f8r din jakt p\u00e5 likevekt. Dans, Vekten, og la dr\u00f8mmene dine lette p\u00e5 vinger av perfekt balanse.<\/span><\/p>\n<p><span style=\"color: rgb(75, 80, 88);\"><strong>Settet inkluderer et edelstensarmb\u00e5nd laget med gr\u00f8nn aventurin, opal og rosenkvarts valgt for \u00e5 resonere med Vektens diplomatiske \u00e5nd, forsterke sjarmen deres og fremme balanse i forholdene deres.<\/strong><\/span><\/p>\n<p><span style=\"color: rgb(75, 80, 88);\">Gr\u00f8nn aventurin hjelper med \u00e5 finne klarhet og balanse i beslutningstaking. Opal forsterker Vektens naturlige sjarm og kreativitet. Rosenkvarts hjelper dem med \u00e5 opprettholde harmoni i forhold.<\/span><\/p>\n<p><span style=\"color: rgb(75, 80, 88);\">Vekten, de diplomatiske sjarm\u00f8rene, s\u00f8ker harmoni i alle ting, og navigerer grasi\u00f8st i situasjoner med et rolig temperament og en skarp sans for rettferdighet. Deres kj\u00e6rlighet for skj\u00f8nnhet og balanse gj\u00f8r dem til sosiale sommerfugler.<\/span><\/p>\n<p><span style=\"color: rgb(75, 80, 88);\"><em><strong>Toppnoter: Urter, Krydder, Sitrus.<\/strong><\/em><\/span><\/p>\n<p><em><strong><span style=\"color: rgb(75, 80, 88);\">Hjertenoter: Rose, Geranium.<\/span><\/strong><\/em><\/p>\n<p><span style=\"color: rgb(75, 80, 88);\"><strong><em>Basenoter: Eikemose, Vanilje, Musk.<\/em><\/strong><\/span><\/p>\n","protected":false},"excerpt":{"rendered":"<p>Vekten, finn balansen i den kosmiske dansen. Kj\u00f8lig duft av jade og eikemose, et harmonisk ekko av Venus&#8217; ynde, vil berolige din sjel. Titanstein, en perfekt balansert skala, legemliggj\u00f8r din jakt p\u00e5 likevekt. Dans, Vekten, og la dr\u00f8mmene dine lette p\u00e5 vinger av perfekt balanse. Settet inkluderer et edelstensarmb\u00e5nd laget med gr\u00f8nn aventurin, opal og [&hellip;]<\/p>\n","protected":false},"featured_media":314223,"comment_status":"closed","ping_status":"open","template":"","meta":{"_angie_page":false},"product_brand":[],"product_cat":[25207,9270],"product_tag":[],"class_list":{"0":"post-206016","1":"product","2":"type-product","3":"status-publish","4":"has-post-thumbnail","6":"product_cat-armband","7":"product_cat-lysestaker-og-stearinlys","8":"pa_collection-zodiac-crystal-candles-with-gemstone-bracelet-no","9":"pa_made-in-kina","11":"first","12":"instock","13":"purchasable","14":"product-type-simple"},"supplier_id":null,"supplier_sku":"ZCC-09","barcode":null,"atum_controlled":true,"out_stock_date":null,"out_stock_threshold":null,"inheritable":false,"inbound_stock":null,"stock_on_hold":0,"sold_today":0,"sales_last_days":0,"reserved_stock":null,"customer_returns":null,"warehouse_damage":null,"lost_in_post":null,"other_logs":null,"out_stock_days":0,"lost_sales":0,"has_location":null,"update_date":"2026-04-27T07:27:30","atum_locations":[],"atum_stock_status":"instock","restock_status":false,"low_stock_amount":"","sales_update_date":"2025-09-05T00:22:28","calc_backorders":null,"_links":{"self":[{"href":"https:\/\/aromasentia.com\/no\/wp-json\/wp\/v2\/product\/206016","targetHints":{"allow":["GET"]}}],"collection":[{"href":"https:\/\/aromasentia.com\/no\/wp-json\/wp\/v2\/product"}],"about":[{"href":"https:\/\/aromasentia.com\/no\/wp-json\/wp\/v2\/types\/product"}],"replies":[{"embeddable":true,"href":"https:\/\/aromasentia.com\/no\/wp-json\/wp\/v2\/comments?post=206016"}],"version-history":[{"count":0,"href":"https:\/\/aromasentia.com\/no\/wp-json\/wp\/v2\/product\/206016\/revisions"}],"wp:featuredmedia":[{"embeddable":true,"href":"https:\/\/aromasentia.com\/no\/wp-json\/wp\/v2\/media\/314223"}],"wp:attachment":[{"href":"https:\/\/aromasentia.com\/no\/wp-json\/wp\/v2\/media?parent=206016"}],"wp:term":[{"taxonomy":"product_brand","embeddable":true,"href":"https:\/\/aromasentia.com\/no\/wp-json\/wp\/v2\/product_brand?post=206016"},{"taxonomy":"product_cat","embeddable":true,"href":"https:\/\/aromasentia.com\/no\/wp-json\/wp\/v2\/product_cat?post=206016"},{"taxonomy":"product_tag","embeddable":true,"href":"https:\/\/aromasentia.com\/no\/wp-json\/wp\/v2\/product_tag?post=206016"}],"curies":[{"name":"wp","href":"https:\/\/api.w.org\/{rel}","templated":true}]}}