{"id":206015,"date":"2025-03-21T11:43:56","date_gmt":"2025-03-21T11:43:56","guid":{"rendered":"https:\/\/aromasentia.com\/product\/zodiac-crystal-candle-with-gemstone-bracelet-virgo\/"},"modified":"2025-05-31T02:32:33","modified_gmt":"2025-05-31T02:32:33","slug":"stjernetegn-krystalllys-med-armband-jomfruen","status":"publish","type":"product","link":"https:\/\/aromasentia.com\/no\/stjernetegn-krystalllys-med-armband-jomfruen\/","title":{"rendered":"Stjernetegn Krystalllys med Armb\u00e5nd &#8211; Jomfruen"},"content":{"rendered":"<p><span style=\"color: rgb(75, 80, 88);\">Omfavn den praktiske, men dypt intuitive energien til Jomfruen med dette krystalllyset fra stjernetegnene. Den jordaktige duften av treagat og oud skaper en jordn\u00e6r, beroligende atmosf\u00e6re som gjenspeiler Jomfruens kj\u00e6rlighet til orden, natur og balanse.<\/span><\/p>\n<p><span style=\"color: rgb(75, 80, 88);\"><strong>Settet inkluderer et edelstensarmb\u00e5nd laget med ametyst, karneol og moseagat, valgt for \u00e5 resonere med Jomfruens pleiende og analytiske egenskaper:<\/strong><\/span><\/p>\n<p><span style=\"color: rgb(75, 80, 88);\">Ametyst forbedrer klarhet og \u00e5ndelig innsikt. Karneol \u00f8ker motivasjon og kreativitet. Moseagat fremmer vekst og forbindelse til naturen.<\/span><\/p>\n<p><span style=\"color: rgb(75, 80, 88);\">Denne beroligende og styrkende kombinasjonen av stearinlys og armb\u00e5nd er perfekt for mindfulness, egenomsorg eller som en omtenksom gave til Jomfruen.<\/span><\/p>\n<p><span style=\"color: rgb(75, 80, 88);\"><em><strong>Toppnoter: Bringeb\u00e6r, Nellik<\/strong><\/em><\/span><\/p>\n<p><em><strong><span style=\"color: rgb(75, 80, 88);\">Hjertenoter: Rose, Geranium, Jasmin, Pralin\u00e9<\/span><\/strong><\/em><\/p>\n<p><span style=\"color: rgb(75, 80, 88);\"><strong><em>Basenoter: Oudh, Amber, Musk, Vanilje<\/em><\/strong><\/span><\/p>\n","protected":false},"excerpt":{"rendered":"<p>Omfavn den praktiske, men dypt intuitive energien til Jomfruen med dette krystalllyset fra stjernetegnene. Den jordaktige duften av treagat og oud skaper en jordn\u00e6r, beroligende atmosf\u00e6re som gjenspeiler Jomfruens kj\u00e6rlighet til orden, natur og balanse. Settet inkluderer et edelstensarmb\u00e5nd laget med ametyst, karneol og moseagat, valgt for \u00e5 resonere med Jomfruens pleiende og analytiske egenskaper: [&hellip;]<\/p>\n","protected":false},"featured_media":314190,"comment_status":"closed","ping_status":"open","template":"","meta":{"_angie_page":false},"product_brand":[],"product_cat":[25207,9270],"product_tag":[],"class_list":{"0":"post-206015","1":"product","2":"type-product","3":"status-publish","4":"has-post-thumbnail","6":"product_cat-armband","7":"product_cat-lysestaker-og-stearinlys","8":"pa_collection-zodiac-crystal-candles-with-gemstone-bracelet-no","9":"pa_made-in-kina","11":"first","12":"instock","13":"purchasable","14":"product-type-simple"},"supplier_id":null,"supplier_sku":"ZCC-08","barcode":null,"atum_controlled":true,"out_stock_date":null,"out_stock_threshold":null,"inheritable":false,"inbound_stock":null,"stock_on_hold":0,"sold_today":0,"sales_last_days":0,"reserved_stock":null,"customer_returns":null,"warehouse_damage":null,"lost_in_post":null,"other_logs":null,"out_stock_days":0,"lost_sales":0,"has_location":null,"update_date":"2026-04-27T07:27:30","atum_locations":[],"atum_stock_status":"instock","restock_status":false,"low_stock_amount":"","sales_update_date":"2025-09-05T00:22:28","calc_backorders":null,"_links":{"self":[{"href":"https:\/\/aromasentia.com\/no\/wp-json\/wp\/v2\/product\/206015","targetHints":{"allow":["GET"]}}],"collection":[{"href":"https:\/\/aromasentia.com\/no\/wp-json\/wp\/v2\/product"}],"about":[{"href":"https:\/\/aromasentia.com\/no\/wp-json\/wp\/v2\/types\/product"}],"replies":[{"embeddable":true,"href":"https:\/\/aromasentia.com\/no\/wp-json\/wp\/v2\/comments?post=206015"}],"version-history":[{"count":0,"href":"https:\/\/aromasentia.com\/no\/wp-json\/wp\/v2\/product\/206015\/revisions"}],"wp:featuredmedia":[{"embeddable":true,"href":"https:\/\/aromasentia.com\/no\/wp-json\/wp\/v2\/media\/314190"}],"wp:attachment":[{"href":"https:\/\/aromasentia.com\/no\/wp-json\/wp\/v2\/media?parent=206015"}],"wp:term":[{"taxonomy":"product_brand","embeddable":true,"href":"https:\/\/aromasentia.com\/no\/wp-json\/wp\/v2\/product_brand?post=206015"},{"taxonomy":"product_cat","embeddable":true,"href":"https:\/\/aromasentia.com\/no\/wp-json\/wp\/v2\/product_cat?post=206015"},{"taxonomy":"product_tag","embeddable":true,"href":"https:\/\/aromasentia.com\/no\/wp-json\/wp\/v2\/product_tag?post=206015"}],"curies":[{"name":"wp","href":"https:\/\/api.w.org\/{rel}","templated":true}]}}