{"id":206013,"date":"2025-03-21T11:43:56","date_gmt":"2025-03-21T11:43:56","guid":{"rendered":"https:\/\/aromasentia.com\/product\/zodiac-crystal-candle-with-gemstone-bracelet-cancer\/"},"modified":"2025-05-31T02:32:29","modified_gmt":"2025-05-31T02:32:29","slug":"stjernetegn-krystallys-armband-kreft","status":"publish","type":"product","link":"https:\/\/aromasentia.com\/no\/stjernetegn-krystallys-armband-kreft\/","title":{"rendered":"Stjernetegn Krystallys Armb\u00e5nd &#8211; Kreft"},"content":{"rendered":"<p><span style=\"color: rgb(75, 80, 88);\">Tap inn den intuitive og pleiende energien til Krepsen med dette krystalllyset fra stjernetegnene. Den beroligende duften av Moonstone Eclipse skaper en beroligende og beskyttende atmosf\u00e6re, som gjenspeiler den emosjonelle dybden og f\u00f8lsomheten til dette vanntegnet.<\/span><\/p>\n<p><span style=\"color: rgb(75, 80, 88);\"><strong>Settet inkluderer et edelstensarmb\u00e5nd laget av akvamarin, r\u00f8ykkvarts og m\u00e5nestein, valgt for \u00e5 st\u00f8tte Krepsens medf\u00f8lende og empatiske natur:<\/strong><\/span><\/p>\n<p><span style=\"color: rgb(75, 80, 88);\">Akvamarin fremmer ro og emosjonell helbredelse. R\u00f8ykvarts gir jording og beskyttelse. M\u00e5nestein forbedrer intuisjon og emosjonell balanse.<\/span><\/p>\n<p><span style=\"color: rgb(75, 80, 88);\">Denne milde og helbredende kombinasjonen av stearinlys og armb\u00e5nd er perfekt for egenpleie, meditasjon eller som en omtenksom gave til en Kreps.<\/span><\/p>\n<p><span style=\"color: rgb(75, 80, 88);\"><em><strong>Toppnoter: Solb\u00e6r, Mandarin<\/strong><\/em><\/span><\/p>\n<p><em><strong><span style=\"color: rgb(75, 80, 88);\">Hjertenoter: Lavendel, R\u00f8de B\u00e6r, Rose<\/span><\/strong><\/em><\/p>\n<p><span style=\"color: rgb(75, 80, 88);\"><strong><em>Basenoter: Sandeltre, Rav<\/em><\/strong><\/span><\/p>\n","protected":false},"excerpt":{"rendered":"<p>Tap inn den intuitive og pleiende energien til Krepsen med dette krystalllyset fra stjernetegnene. Den beroligende duften av Moonstone Eclipse skaper en beroligende og beskyttende atmosf\u00e6re, som gjenspeiler den emosjonelle dybden og f\u00f8lsomheten til dette vanntegnet. Settet inkluderer et edelstensarmb\u00e5nd laget av akvamarin, r\u00f8ykkvarts og m\u00e5nestein, valgt for \u00e5 st\u00f8tte Krepsens medf\u00f8lende og empatiske natur: [&hellip;]<\/p>\n","protected":false},"featured_media":314124,"comment_status":"closed","ping_status":"open","template":"","meta":{"_angie_page":false},"product_brand":[],"product_cat":[25207,9270],"product_tag":[],"class_list":{"0":"post-206013","1":"product","2":"type-product","3":"status-publish","4":"has-post-thumbnail","6":"product_cat-armband","7":"product_cat-lysestaker-og-stearinlys","8":"pa_collection-zodiac-crystal-candles-with-gemstone-bracelet-no","9":"pa_made-in-kina","11":"first","12":"instock","13":"purchasable","14":"product-type-simple"},"supplier_id":null,"supplier_sku":"ZCC-06","barcode":null,"atum_controlled":true,"out_stock_date":null,"out_stock_threshold":null,"inheritable":false,"inbound_stock":null,"stock_on_hold":0,"sold_today":0,"sales_last_days":0,"reserved_stock":null,"customer_returns":null,"warehouse_damage":null,"lost_in_post":null,"other_logs":null,"out_stock_days":0,"lost_sales":0,"has_location":null,"update_date":"2026-04-27T07:27:29","atum_locations":[],"atum_stock_status":"instock","restock_status":false,"low_stock_amount":"","sales_update_date":"2025-09-05T00:22:27","calc_backorders":null,"_links":{"self":[{"href":"https:\/\/aromasentia.com\/no\/wp-json\/wp\/v2\/product\/206013","targetHints":{"allow":["GET"]}}],"collection":[{"href":"https:\/\/aromasentia.com\/no\/wp-json\/wp\/v2\/product"}],"about":[{"href":"https:\/\/aromasentia.com\/no\/wp-json\/wp\/v2\/types\/product"}],"replies":[{"embeddable":true,"href":"https:\/\/aromasentia.com\/no\/wp-json\/wp\/v2\/comments?post=206013"}],"version-history":[{"count":0,"href":"https:\/\/aromasentia.com\/no\/wp-json\/wp\/v2\/product\/206013\/revisions"}],"wp:featuredmedia":[{"embeddable":true,"href":"https:\/\/aromasentia.com\/no\/wp-json\/wp\/v2\/media\/314124"}],"wp:attachment":[{"href":"https:\/\/aromasentia.com\/no\/wp-json\/wp\/v2\/media?parent=206013"}],"wp:term":[{"taxonomy":"product_brand","embeddable":true,"href":"https:\/\/aromasentia.com\/no\/wp-json\/wp\/v2\/product_brand?post=206013"},{"taxonomy":"product_cat","embeddable":true,"href":"https:\/\/aromasentia.com\/no\/wp-json\/wp\/v2\/product_cat?post=206013"},{"taxonomy":"product_tag","embeddable":true,"href":"https:\/\/aromasentia.com\/no\/wp-json\/wp\/v2\/product_tag?post=206013"}],"curies":[{"name":"wp","href":"https:\/\/api.w.org\/{rel}","templated":true}]}}