{"id":206004,"date":"2025-03-21T14:37:32","date_gmt":"2025-03-21T14:37:32","guid":{"rendered":"https:\/\/aromasentia.com\/product\/agnes-and-cat-cotton-bag-6oz-35x30-cm-naturally-artisan\/"},"modified":"2025-05-31T02:31:50","modified_gmt":"2025-05-31T02:31:50","slug":"agnes-og-kattens-bomullspose-6-oz-35x30-cm-naturally-artisan","status":"publish","type":"product","link":"https:\/\/aromasentia.com\/no\/agnes-og-kattens-bomullspose-6-oz-35x30-cm-naturally-artisan\/","title":{"rendered":"Agnes Og Kattens Bomullspose 6 Oz &#8211; 35&#215;30 cm &#8211; Naturally Artisan"},"content":{"rendered":"<p>Denne<strong>Agnes and Cat bomullsposen 6oz &#8211; 35&#215;30 cm &#8211; Naturally Artisan<\/strong><\/p>\n<p>er<strong>&nbsp;<\/strong>vakkert laget av bomull i India.<\/p>\n<p>De leveres med logoen v\u00e5r &#8211; Agnes+Cat &#8211; trykt p\u00e5 seg og sterke svarte stropper. De er ideelle for \u00e5 pakke produktene v\u00e5re og for kunder \u00e5 ta med seg.<\/p>\n<p>Disse handleposene er en annen enkel m\u00e5te for kundene dine \u00e5 v\u00e6re milj\u00f8vennlige p\u00e5 og ha en vakker veske som de kan bruke og gjenbruke!<\/p>\n<p><strong><span style=\"color: rgb(184, 49, 47);\">Bestill n\u00e5 via Aroma Sentia-ping. Bruk og gjenbruk! Bli mer milj\u00f8vennlig.<\/span><\/strong><\/p>\n","protected":false},"excerpt":{"rendered":"<p>DenneAgnes and Cat bomullsposen 6oz &#8211; 35&#215;30 cm &#8211; Naturally Artisan er&nbsp;vakkert laget av bomull i India. De leveres med logoen v\u00e5r &#8211; Agnes+Cat &#8211; trykt p\u00e5 seg og sterke svarte stropper. De er ideelle for \u00e5 pakke produktene v\u00e5re og for kunder \u00e5 ta med seg. Disse handleposene er en annen enkel m\u00e5te for [&hellip;]<\/p>\n","protected":false},"featured_media":314340,"comment_status":"closed","ping_status":"open","template":"","meta":{"_angie_page":false},"product_brand":[27083],"product_cat":[9173,9195,9174],"product_tag":[],"class_list":{"0":"post-206004","1":"product","2":"type-product","3":"status-publish","4":"has-post-thumbnail","6":"product_brand-agnes-and-cat","7":"product_cat-okologiske-vesker","8":"product_cat-slyngevesker-og-bomullsvesker-nepal","9":"product_cat-vesker-ryggsekker","10":"pa_collection-agnes-cat-cotton-tote-bags-no","11":"pa_made-in-india","13":"first","14":"instock","15":"purchasable","16":"product-type-simple"},"supplier_id":null,"supplier_sku":"ACCBag-02","barcode":null,"atum_controlled":true,"out_stock_date":null,"out_stock_threshold":null,"inheritable":false,"inbound_stock":null,"stock_on_hold":0,"sold_today":0,"sales_last_days":0,"reserved_stock":null,"customer_returns":null,"warehouse_damage":null,"lost_in_post":null,"other_logs":null,"out_stock_days":0,"lost_sales":0,"has_location":null,"update_date":"2026-04-27T06:49:08","atum_locations":[],"atum_stock_status":"instock","restock_status":false,"low_stock_amount":"","sales_update_date":"2026-02-06T00:01:45","calc_backorders":null,"_links":{"self":[{"href":"https:\/\/aromasentia.com\/no\/wp-json\/wp\/v2\/product\/206004","targetHints":{"allow":["GET"]}}],"collection":[{"href":"https:\/\/aromasentia.com\/no\/wp-json\/wp\/v2\/product"}],"about":[{"href":"https:\/\/aromasentia.com\/no\/wp-json\/wp\/v2\/types\/product"}],"replies":[{"embeddable":true,"href":"https:\/\/aromasentia.com\/no\/wp-json\/wp\/v2\/comments?post=206004"}],"version-history":[{"count":0,"href":"https:\/\/aromasentia.com\/no\/wp-json\/wp\/v2\/product\/206004\/revisions"}],"wp:featuredmedia":[{"embeddable":true,"href":"https:\/\/aromasentia.com\/no\/wp-json\/wp\/v2\/media\/314340"}],"wp:attachment":[{"href":"https:\/\/aromasentia.com\/no\/wp-json\/wp\/v2\/media?parent=206004"}],"wp:term":[{"taxonomy":"product_brand","embeddable":true,"href":"https:\/\/aromasentia.com\/no\/wp-json\/wp\/v2\/product_brand?post=206004"},{"taxonomy":"product_cat","embeddable":true,"href":"https:\/\/aromasentia.com\/no\/wp-json\/wp\/v2\/product_cat?post=206004"},{"taxonomy":"product_tag","embeddable":true,"href":"https:\/\/aromasentia.com\/no\/wp-json\/wp\/v2\/product_tag?post=206004"}],"curies":[{"name":"wp","href":"https:\/\/api.w.org\/{rel}","templated":true}]}}