{"id":205983,"date":"2025-03-21T14:37:36","date_gmt":"2025-03-21T14:37:36","guid":{"rendered":"https:\/\/aromasentia.com\/product\/hop-hare-bamboo-socks-41-46-bali-jungle\/"},"modified":"2025-05-31T02:30:09","modified_gmt":"2025-05-31T02:30:09","slug":"hop-hare-bambussokker-41-46-bali-jungle","status":"publish","type":"product","link":"https:\/\/aromasentia.com\/no\/hop-hare-bambussokker-41-46-bali-jungle\/","title":{"rendered":"Hop Hare Bambussokker (41-46) &#8211; Bali Jungle"},"content":{"rendered":"<p>Kom i kontakt med den frodige naturen med Hop Hare Bamboo Socks (41-46) &#8211; Bali Jungle. Disse livlige bambussokkene i st\u00f8rrelse 41-46 er prydet med eksotiske m\u00f8nstre inspirert av den rike floraen og faunaen i den balinesiske jungelen. De er laget av myk, b\u00e6rekraftig bambus og gir utmerket komfort og pusteevne, samtidig som de fremkaller en f\u00f8lelse av tropisk eventyr. En stilig m\u00e5te \u00e5 ta med seg jungelparadisets utemmede skj\u00f8nnhet og livlige energi til hverdagsantrekket ditt.<\/p>\n","protected":false},"excerpt":{"rendered":"<p>Kom i kontakt med den frodige naturen med Hop Hare Bamboo Socks (41-46) &#8211; Bali Jungle. Disse livlige bambussokkene i st\u00f8rrelse 41-46 er prydet med eksotiske m\u00f8nstre inspirert av den rike floraen og faunaen i den balinesiske jungelen. De er laget av myk, b\u00e6rekraftig bambus og gir utmerket komfort og pusteevne, samtidig som de fremkaller [&hellip;]<\/p>\n","protected":false},"featured_media":260117,"comment_status":"closed","ping_status":"open","template":"","meta":[],"product_brand":[27114],"product_cat":[25834,26624],"product_tag":[],"class_list":{"0":"post-205983","1":"product","2":"type-product","3":"status-publish","4":"has-post-thumbnail","6":"product_brand-hop-hare","7":"product_cat-klaer","8":"product_cat-sokker-og-stromper","9":"pa_collection-hop-hare-bamboo-socks-no","10":"pa_made-in-tyrkia","12":"first","13":"outofstock","14":"purchasable","15":"product-type-simple"},"supplier_id":null,"supplier_sku":"BamS-24M","barcode":null,"atum_controlled":true,"out_stock_date":"2026-01-09 12:49:22","out_stock_threshold":null,"inheritable":false,"inbound_stock":null,"stock_on_hold":0,"sold_today":0,"sales_last_days":0,"reserved_stock":null,"customer_returns":null,"warehouse_damage":null,"lost_in_post":null,"other_logs":null,"out_stock_days":20,"lost_sales":0,"has_location":null,"update_date":"2026-01-30T01:24:35","atum_locations":[],"atum_stock_status":"outofstock","restock_status":false,"low_stock_amount":"","sales_update_date":"2026-01-30T01:24:35","calc_backorders":null,"_links":{"self":[{"href":"https:\/\/aromasentia.com\/no\/wp-json\/wp\/v2\/product\/205983","targetHints":{"allow":["GET"]}}],"collection":[{"href":"https:\/\/aromasentia.com\/no\/wp-json\/wp\/v2\/product"}],"about":[{"href":"https:\/\/aromasentia.com\/no\/wp-json\/wp\/v2\/types\/product"}],"replies":[{"embeddable":true,"href":"https:\/\/aromasentia.com\/no\/wp-json\/wp\/v2\/comments?post=205983"}],"version-history":[{"count":0,"href":"https:\/\/aromasentia.com\/no\/wp-json\/wp\/v2\/product\/205983\/revisions"}],"wp:featuredmedia":[{"embeddable":true,"href":"https:\/\/aromasentia.com\/no\/wp-json\/wp\/v2\/media\/260117"}],"wp:attachment":[{"href":"https:\/\/aromasentia.com\/no\/wp-json\/wp\/v2\/media?parent=205983"}],"wp:term":[{"taxonomy":"product_brand","embeddable":true,"href":"https:\/\/aromasentia.com\/no\/wp-json\/wp\/v2\/product_brand?post=205983"},{"taxonomy":"product_cat","embeddable":true,"href":"https:\/\/aromasentia.com\/no\/wp-json\/wp\/v2\/product_cat?post=205983"},{"taxonomy":"product_tag","embeddable":true,"href":"https:\/\/aromasentia.com\/no\/wp-json\/wp\/v2\/product_tag?post=205983"}],"curies":[{"name":"wp","href":"https:\/\/api.w.org\/{rel}","templated":true}]}}