{"id":205944,"date":"2025-03-21T14:37:45","date_gmt":"2025-03-21T14:37:45","guid":{"rendered":"https:\/\/aromasentia.com\/product\/m-l-hop-hare-bamboo-socks-low-41-46-sun-and-moon\/"},"modified":"2025-05-31T02:27:48","modified_gmt":"2025-05-31T02:27:48","slug":"m-l-hop-hare-bambussokker-lav-41-46-sun-and-moon","status":"publish","type":"product","link":"https:\/\/aromasentia.com\/no\/m-l-hop-hare-bambussokker-lav-41-46-sun-and-moon\/","title":{"rendered":"M\/L Hop Hare Bambussokker Lav (41-46) &#8211; Sun And Moon"},"content":{"rendered":"<p>Nyt den himmelske stilen med M\/L Hop Hare Bamboo Socks Low (41-46) &#8211; Sun and Moon. Disse lavsk\u00e5rne bambussokkene i st\u00f8rrelse 41-46 har et harmonisk sol- og m\u00e5nedesign som symboliserer balanse og kosmisk rytme. De er laget av utrolig myk, pustende bambus og gir diskret komfort og et snev av himmelsk magi. De er perfekte til hverdags og gir en f\u00f8lelse av kosmisk forbindelse og stilig komfort rett over skokanten.<\/p>\n","protected":false},"excerpt":{"rendered":"<p>Nyt den himmelske stilen med M\/L Hop Hare Bamboo Socks Low (41-46) &#8211; Sun and Moon. Disse lavsk\u00e5rne bambussokkene i st\u00f8rrelse 41-46 har et harmonisk sol- og m\u00e5nedesign som symboliserer balanse og kosmisk rytme. De er laget av utrolig myk, pustende bambus og gir diskret komfort og et snev av himmelsk magi. De er perfekte [&hellip;]<\/p>\n","protected":false},"featured_media":316247,"comment_status":"closed","ping_status":"open","template":"","meta":[],"product_brand":[27114],"product_cat":[25834,26624],"product_tag":[],"class_list":{"0":"post-205944","1":"product","2":"type-product","3":"status-publish","4":"has-post-thumbnail","6":"product_brand-hop-hare","7":"product_cat-klaer","8":"product_cat-sokker-og-stromper","9":"pa_collection-hop-hore-bamboo-low-trainer-socks-no","10":"pa_made-in-tyrkia","12":"first","13":"instock","14":"purchasable","15":"product-type-simple"},"supplier_id":null,"supplier_sku":"BamSL-01M","barcode":null,"atum_controlled":true,"out_stock_date":null,"out_stock_threshold":null,"inheritable":false,"inbound_stock":null,"stock_on_hold":0,"sold_today":0,"sales_last_days":0,"reserved_stock":null,"customer_returns":null,"warehouse_damage":null,"lost_in_post":null,"other_logs":null,"out_stock_days":0,"lost_sales":0,"has_location":null,"update_date":"2026-02-06T00:00:48","atum_locations":[],"atum_stock_status":"instock","restock_status":false,"low_stock_amount":"","sales_update_date":"2026-02-06T00:00:48","calc_backorders":null,"_links":{"self":[{"href":"https:\/\/aromasentia.com\/no\/wp-json\/wp\/v2\/product\/205944","targetHints":{"allow":["GET"]}}],"collection":[{"href":"https:\/\/aromasentia.com\/no\/wp-json\/wp\/v2\/product"}],"about":[{"href":"https:\/\/aromasentia.com\/no\/wp-json\/wp\/v2\/types\/product"}],"replies":[{"embeddable":true,"href":"https:\/\/aromasentia.com\/no\/wp-json\/wp\/v2\/comments?post=205944"}],"version-history":[{"count":0,"href":"https:\/\/aromasentia.com\/no\/wp-json\/wp\/v2\/product\/205944\/revisions"}],"wp:featuredmedia":[{"embeddable":true,"href":"https:\/\/aromasentia.com\/no\/wp-json\/wp\/v2\/media\/316247"}],"wp:attachment":[{"href":"https:\/\/aromasentia.com\/no\/wp-json\/wp\/v2\/media?parent=205944"}],"wp:term":[{"taxonomy":"product_brand","embeddable":true,"href":"https:\/\/aromasentia.com\/no\/wp-json\/wp\/v2\/product_brand?post=205944"},{"taxonomy":"product_cat","embeddable":true,"href":"https:\/\/aromasentia.com\/no\/wp-json\/wp\/v2\/product_cat?post=205944"},{"taxonomy":"product_tag","embeddable":true,"href":"https:\/\/aromasentia.com\/no\/wp-json\/wp\/v2\/product_tag?post=205944"}],"curies":[{"name":"wp","href":"https:\/\/api.w.org\/{rel}","templated":true}]}}