{"id":205931,"date":"2025-03-21T14:37:49","date_gmt":"2025-03-21T14:37:49","guid":{"rendered":"https:\/\/aromasentia.com\/product\/m-l-hop-hare-bamboo-socks-low-41-46-moonlight-wolfs\/"},"modified":"2025-05-31T02:27:04","modified_gmt":"2025-05-31T02:27:04","slug":"m-l-hop-hare-bambussokker-lav-41-46-moonlight-wolfs","status":"publish","type":"product","link":"https:\/\/aromasentia.com\/no\/m-l-hop-hare-bambussokker-lav-41-46-moonlight-wolfs\/","title":{"rendered":"M\/L Hop Hare Bambussokker Lav (41-46) &#8211; Moonlight Wolfs"},"content":{"rendered":"<p>Omfavn den ville \u00e5nden med M\/L Hop Hare Bamboo Socks Low (41-46) &#8211; Moonlight Wolfs. Disse fengslende bambussokkene med lavt snitt (str. 41-46) har et mystisk design av ulver i m\u00e5neskinn, som symboliserer intuisjon, frihet og lojalitet. De er laget av utrolig myk og milj\u00f8vennlig bambus og gir overlegen komfort. Et perfekt tilbeh\u00f8r for deg som tiltrekkes av naturens utemmede skj\u00f8nnhet og ulvens g\u00e5tefulle tiltrekningskraft, og som tilf\u00f8rer stilen din et snev av villmark.<\/p>\n","protected":false},"excerpt":{"rendered":"<p>Omfavn den ville \u00e5nden med M\/L Hop Hare Bamboo Socks Low (41-46) &#8211; Moonlight Wolfs. Disse fengslende bambussokkene med lavt snitt (str. 41-46) har et mystisk design av ulver i m\u00e5neskinn, som symboliserer intuisjon, frihet og lojalitet. De er laget av utrolig myk og milj\u00f8vennlig bambus og gir overlegen komfort. Et perfekt tilbeh\u00f8r for deg [&hellip;]<\/p>\n","protected":false},"featured_media":316788,"comment_status":"closed","ping_status":"open","template":"","meta":[],"product_brand":[27114],"product_cat":[25834,26624],"product_tag":[],"class_list":{"0":"post-205931","1":"product","2":"type-product","3":"status-publish","4":"has-post-thumbnail","6":"product_brand-hop-hare","7":"product_cat-klaer","8":"product_cat-sokker-og-stromper","9":"pa_collection-hop-hore-bamboo-low-trainer-socks-no","10":"pa_made-in-tyrkia","12":"first","13":"instock","14":"purchasable","15":"product-type-simple"},"supplier_id":null,"supplier_sku":"BamSL-14M","barcode":null,"atum_controlled":true,"out_stock_date":null,"out_stock_threshold":null,"inheritable":false,"inbound_stock":null,"stock_on_hold":0,"sold_today":0,"sales_last_days":0,"reserved_stock":null,"customer_returns":null,"warehouse_damage":null,"lost_in_post":null,"other_logs":null,"out_stock_days":0,"lost_sales":0,"has_location":null,"update_date":"2026-01-30T01:25:43","atum_locations":[],"atum_stock_status":"instock","restock_status":false,"low_stock_amount":"","sales_update_date":"2026-01-30T01:25:43","calc_backorders":null,"_links":{"self":[{"href":"https:\/\/aromasentia.com\/no\/wp-json\/wp\/v2\/product\/205931","targetHints":{"allow":["GET"]}}],"collection":[{"href":"https:\/\/aromasentia.com\/no\/wp-json\/wp\/v2\/product"}],"about":[{"href":"https:\/\/aromasentia.com\/no\/wp-json\/wp\/v2\/types\/product"}],"replies":[{"embeddable":true,"href":"https:\/\/aromasentia.com\/no\/wp-json\/wp\/v2\/comments?post=205931"}],"version-history":[{"count":0,"href":"https:\/\/aromasentia.com\/no\/wp-json\/wp\/v2\/product\/205931\/revisions"}],"wp:featuredmedia":[{"embeddable":true,"href":"https:\/\/aromasentia.com\/no\/wp-json\/wp\/v2\/media\/316788"}],"wp:attachment":[{"href":"https:\/\/aromasentia.com\/no\/wp-json\/wp\/v2\/media?parent=205931"}],"wp:term":[{"taxonomy":"product_brand","embeddable":true,"href":"https:\/\/aromasentia.com\/no\/wp-json\/wp\/v2\/product_brand?post=205931"},{"taxonomy":"product_cat","embeddable":true,"href":"https:\/\/aromasentia.com\/no\/wp-json\/wp\/v2\/product_cat?post=205931"},{"taxonomy":"product_tag","embeddable":true,"href":"https:\/\/aromasentia.com\/no\/wp-json\/wp\/v2\/product_tag?post=205931"}],"curies":[{"name":"wp","href":"https:\/\/api.w.org\/{rel}","templated":true}]}}