{"id":205930,"date":"2025-03-21T14:37:49","date_gmt":"2025-03-21T14:37:49","guid":{"rendered":"https:\/\/aromasentia.com\/product\/m-l-hop-hare-bamboo-socks-low-41-46-lucky-cat\/"},"modified":"2025-05-31T02:26:59","modified_gmt":"2025-05-31T02:26:59","slug":"m-l-hop-hare-bambussokker-lav-41-46-lucky-cat","status":"publish","type":"product","link":"https:\/\/aromasentia.com\/no\/m-l-hop-hare-bambussokker-lav-41-46-lucky-cat\/","title":{"rendered":"M\/L Hop Hare Bambussokker Lav (41-46) &#8211; Lucky Cat"},"content":{"rendered":"<p>Inviter til velstand med M\/L Hop Hare Bamboo Socks Low (41-46) &#8211; Lucky Cat. Disse sjarmerende bambussokkene med lav hals i st\u00f8rrelse 41-46 er prydet med Maneki-neko, den japanske katten som lokker, et popul\u00e6rt symbol p\u00e5 lykke og hell. De er laget av eksepsjonelt myk og pustende bambus og s\u00f8rger for komfort hele dagen, samtidig som de tilf\u00f8rer et snev av finurlig sjarm. En herlig og diskret m\u00e5te \u00e5 b\u00e6re med seg litt ekstra flaks og katteappell p\u00e5.<\/p>\n","protected":false},"excerpt":{"rendered":"<p>Inviter til velstand med M\/L Hop Hare Bamboo Socks Low (41-46) &#8211; Lucky Cat. Disse sjarmerende bambussokkene med lav hals i st\u00f8rrelse 41-46 er prydet med Maneki-neko, den japanske katten som lokker, et popul\u00e6rt symbol p\u00e5 lykke og hell. De er laget av eksepsjonelt myk og pustende bambus og s\u00f8rger for komfort hele dagen, samtidig [&hellip;]<\/p>\n","protected":false},"featured_media":316739,"comment_status":"closed","ping_status":"open","template":"","meta":[],"product_brand":[27114],"product_cat":[25834,26624],"product_tag":[],"class_list":{"0":"post-205930","1":"product","2":"type-product","3":"status-publish","4":"has-post-thumbnail","6":"product_brand-hop-hare","7":"product_cat-klaer","8":"product_cat-sokker-og-stromper","9":"pa_collection-hop-hore-bamboo-low-trainer-socks-no","10":"pa_made-in-tyrkia","12":"first","13":"outofstock","14":"purchasable","15":"product-type-simple"},"supplier_id":null,"supplier_sku":"BamSL-13M","barcode":null,"atum_controlled":true,"out_stock_date":"2026-02-09 10:23:43","out_stock_threshold":null,"inheritable":false,"inbound_stock":null,"stock_on_hold":0,"sold_today":0,"sales_last_days":0,"reserved_stock":null,"customer_returns":null,"warehouse_damage":null,"lost_in_post":null,"other_logs":null,"out_stock_days":0,"lost_sales":0,"has_location":null,"update_date":"2026-02-09T11:35:49","atum_locations":[],"atum_stock_status":"outofstock","restock_status":false,"low_stock_amount":"","sales_update_date":"2026-02-06T00:00:48","calc_backorders":null,"_links":{"self":[{"href":"https:\/\/aromasentia.com\/no\/wp-json\/wp\/v2\/product\/205930","targetHints":{"allow":["GET"]}}],"collection":[{"href":"https:\/\/aromasentia.com\/no\/wp-json\/wp\/v2\/product"}],"about":[{"href":"https:\/\/aromasentia.com\/no\/wp-json\/wp\/v2\/types\/product"}],"replies":[{"embeddable":true,"href":"https:\/\/aromasentia.com\/no\/wp-json\/wp\/v2\/comments?post=205930"}],"version-history":[{"count":0,"href":"https:\/\/aromasentia.com\/no\/wp-json\/wp\/v2\/product\/205930\/revisions"}],"wp:featuredmedia":[{"embeddable":true,"href":"https:\/\/aromasentia.com\/no\/wp-json\/wp\/v2\/media\/316739"}],"wp:attachment":[{"href":"https:\/\/aromasentia.com\/no\/wp-json\/wp\/v2\/media?parent=205930"}],"wp:term":[{"taxonomy":"product_brand","embeddable":true,"href":"https:\/\/aromasentia.com\/no\/wp-json\/wp\/v2\/product_brand?post=205930"},{"taxonomy":"product_cat","embeddable":true,"href":"https:\/\/aromasentia.com\/no\/wp-json\/wp\/v2\/product_cat?post=205930"},{"taxonomy":"product_tag","embeddable":true,"href":"https:\/\/aromasentia.com\/no\/wp-json\/wp\/v2\/product_tag?post=205930"}],"curies":[{"name":"wp","href":"https:\/\/api.w.org\/{rel}","templated":true}]}}