{"id":205903,"date":"2025-03-21T14:37:53","date_gmt":"2025-03-21T14:37:53","guid":{"rendered":"https:\/\/aromasentia.com\/product\/s-m-hop-hare-bamboo-socks-low-36-40-dreamcatcher\/"},"modified":"2025-05-31T02:25:20","modified_gmt":"2025-05-31T02:25:20","slug":"s-m-hop-hare-bambussokker-lav-36-40-drommefanger","status":"publish","type":"product","link":"https:\/\/aromasentia.com\/no\/s-m-hop-hare-bambussokker-lav-36-40-drommefanger\/","title":{"rendered":"S\/M Hop Hare Bambussokker Lav (36-40) &#8211; Dr\u00f8mmefanger"},"content":{"rendered":"<p><strong>Hop Hare &nbsp;Bamboo Socks Low &#8211; Dreamcatcher&nbsp;<\/strong>&#8211; &nbsp;fengslende design m\u00f8ter eksepsjonell komfort. Disse sokkene er en vakker representasjon av mystikk, tro, tradisjoner og dr\u00f8mmenes kraft, og tilbyr en blanding av stil og \u00e5ndelig betydning.&nbsp;<\/p>\n<p>Laget av bambusgarn av h\u00f8y kvalitet. Fordelene med <strong>bambusfiber<\/strong>, som utmerket fuktabsorpsjon og ventilasjon, bidrar til \u00e5 holde f\u00f8ttene kj\u00f8lige, t\u00f8rre og luktfrie. Bambusmaterialet har ogs\u00e5 en silkemyk f\u00f8lelse, noe som gj\u00f8r disse sokkene behagelige \u00e5 ha p\u00e5.<\/p>\n<p>Designet er inspirert av <strong>Dr\u00f8mmefangeren<\/strong>. M\u00f8nstrene og detaljene i dr\u00f8mmefangerens design fremkaller en f\u00f8lelse av beskyttelse, positiv energi og troen p\u00e5 \u00e5 fange opp og filtrere bort negative dr\u00f8mmer. Designet fungerer som et symbol p\u00e5 h\u00e5p, \u00e5ndelighet og jakten p\u00e5 \u00e5 oppfylle dr\u00f8mmer. <\/p>\n<p>Det lave snittet gir et allsidig og moteriktig utseende som passer godt sammen med ulike skostiler, fra joggesko til loafers.<\/p>\n<p>Hop Hare-sokkene er tilgjengelige i to st\u00f8rrelser: 3,5-6,5 UK (36-40 EU) og 7,5-11,5 UK (41-46 EU).&nbsp;<\/p>\n<\/p>\n<p><em>Laget i Tyrkia. Sammensetning: 70 % bambus, 28,5 % polyamid, 1,5 % elastan.<\/em><\/p>\n<p><strong>Hvorfor bambussokker?<\/strong><\/p>\n<p>&#8211; pustende<\/p>\n<p>&#8211; antibakteriell<\/p>\n<p>&#8211; termoregulerende<\/p>\n<p>&#8211; fukttransporterende<\/p>\n<p>&#8211; fukttransporterende<\/p>\n<p>&#8211; glatt t\u00e5s\u00f8m<\/p>\n<p>&#8211; milj\u00f8vennlige bambusfibre<\/p>\n<p><strong>Bestill n\u00e5 og gi kundene dine komfort og stil som respekterer planeten.<\/strong><\/p><\/p>\n","protected":false},"excerpt":{"rendered":"<p>Hop Hare &nbsp;Bamboo Socks Low &#8211; Dreamcatcher&nbsp;&#8211; &nbsp;fengslende design m\u00f8ter eksepsjonell komfort. Disse sokkene er en vakker representasjon av mystikk, tro, tradisjoner og dr\u00f8mmenes kraft, og tilbyr en blanding av stil og \u00e5ndelig betydning.&nbsp; Laget av bambusgarn av h\u00f8y kvalitet. Fordelene med bambusfiber, som utmerket fuktabsorpsjon og ventilasjon, bidrar til \u00e5 holde f\u00f8ttene kj\u00f8lige, t\u00f8rre [&hellip;]<\/p>\n","protected":false},"featured_media":317731,"comment_status":"closed","ping_status":"open","template":"","meta":{"_angie_page":false},"product_brand":[27114],"product_cat":[25834,26624],"product_tag":[],"class_list":{"0":"post-205903","1":"product","2":"type-product","3":"status-publish","4":"has-post-thumbnail","6":"product_brand-hop-hare","7":"product_cat-klaer","8":"product_cat-sokker-og-stromper","9":"pa_collection-hop-hore-bamboo-low-trainer-socks-no","10":"pa_made-in-tyrkia","12":"first","13":"instock","14":"purchasable","15":"product-type-simple"},"supplier_id":null,"supplier_sku":"BamSL-17F","barcode":null,"atum_controlled":true,"out_stock_date":null,"out_stock_threshold":null,"inheritable":false,"inbound_stock":null,"stock_on_hold":0,"sold_today":0,"sales_last_days":0,"reserved_stock":null,"customer_returns":null,"warehouse_damage":null,"lost_in_post":null,"other_logs":null,"out_stock_days":0,"lost_sales":0,"has_location":null,"update_date":"2026-05-08T05:04:56","atum_locations":[],"atum_stock_status":"instock","restock_status":false,"low_stock_amount":"","sales_update_date":"2026-01-20T05:13:13","calc_backorders":null,"_links":{"self":[{"href":"https:\/\/aromasentia.com\/no\/wp-json\/wp\/v2\/product\/205903","targetHints":{"allow":["GET"]}}],"collection":[{"href":"https:\/\/aromasentia.com\/no\/wp-json\/wp\/v2\/product"}],"about":[{"href":"https:\/\/aromasentia.com\/no\/wp-json\/wp\/v2\/types\/product"}],"replies":[{"embeddable":true,"href":"https:\/\/aromasentia.com\/no\/wp-json\/wp\/v2\/comments?post=205903"}],"version-history":[{"count":0,"href":"https:\/\/aromasentia.com\/no\/wp-json\/wp\/v2\/product\/205903\/revisions"}],"wp:featuredmedia":[{"embeddable":true,"href":"https:\/\/aromasentia.com\/no\/wp-json\/wp\/v2\/media\/317731"}],"wp:attachment":[{"href":"https:\/\/aromasentia.com\/no\/wp-json\/wp\/v2\/media?parent=205903"}],"wp:term":[{"taxonomy":"product_brand","embeddable":true,"href":"https:\/\/aromasentia.com\/no\/wp-json\/wp\/v2\/product_brand?post=205903"},{"taxonomy":"product_cat","embeddable":true,"href":"https:\/\/aromasentia.com\/no\/wp-json\/wp\/v2\/product_cat?post=205903"},{"taxonomy":"product_tag","embeddable":true,"href":"https:\/\/aromasentia.com\/no\/wp-json\/wp\/v2\/product_tag?post=205903"}],"curies":[{"name":"wp","href":"https:\/\/api.w.org\/{rel}","templated":true}]}}