{"id":205897,"date":"2025-03-21T14:37:57","date_gmt":"2025-03-21T14:37:57","guid":{"rendered":"https:\/\/aromasentia.com\/product\/big-bright-bag-frangipani\/"},"modified":"2025-05-31T02:25:05","modified_gmt":"2025-05-31T02:25:05","slug":"big-bright-bag-frangipani","status":"publish","type":"product","link":"https:\/\/aromasentia.com\/no\/big-bright-bag-frangipani\/","title":{"rendered":"Big Bright Bag &#8211; Frangipani"},"content":{"rendered":"<p><span style=\"color: rgb(75, 80, 88);\"><strong>Tilf\u00f8r dagen din et snev av tropisk stil med v\u00e5r store, lyse, fluorescerende veske i Frangipani-design.<\/strong><\/span><\/p>\n<p><span style=\"color: rgb(75, 80, 88);\"><strong>Med fargerike og intrikate frangipani-blomster,<\/strong> utstr\u00e5ler dette designet eksotisk sjarm og friskhet.<\/span><\/p>\n<p><span style=\"color: rgb(75, 80, 88);\">Enten du skal p\u00e5 en sommerfestival eller en solrik strandtur, kompletterer denne vesken ethvert antrekk med sin livlige blomstersjarm. Laget av 100 % indisk bomull, tilbyr den b\u00e5de holdbarhet og komfort.<\/span><\/p>\n<p><span style=\"color: rgb(75, 80, 88);\">Den sikre magnetiske trykknapplukkingen holder eiendelene dine trygge, mens den lille innvendige glidel\u00e5slommen gir ekstra bekvemmelighet.<\/span><\/p>\n<p><span style=\"color: rgb(75, 80, 88);\"><strong>Med m\u00e5l p\u00e5 55 cm x 36 cm x 19 cm<\/strong> gir denne vesken god plass til alle dine n\u00f8dvendigheter og er enkel \u00e5 vedlikeholde.<\/span><\/p>\n<p><span style=\"color: rgb(75, 80, 88);\"><strong>Vaskbar p\u00e5 40 grader Celsius.<\/strong><\/span><\/p>\n","protected":false},"excerpt":{"rendered":"<p>Tilf\u00f8r dagen din et snev av tropisk stil med v\u00e5r store, lyse, fluorescerende veske i Frangipani-design. Med fargerike og intrikate frangipani-blomster, utstr\u00e5ler dette designet eksotisk sjarm og friskhet. Enten du skal p\u00e5 en sommerfestival eller en solrik strandtur, kompletterer denne vesken ethvert antrekk med sin livlige blomstersjarm. Laget av 100 % indisk bomull, tilbyr den [&hellip;]<\/p>\n","protected":false},"featured_media":318538,"comment_status":"closed","ping_status":"open","template":"","meta":{"_angie_page":false},"product_brand":[],"product_cat":[9173,9174],"product_tag":[],"class_list":{"0":"post-205897","1":"product","2":"type-product","3":"status-publish","4":"has-post-thumbnail","6":"product_cat-okologiske-vesker","7":"product_cat-vesker-ryggsekker","8":"pa_collection-big-bright-bags-no","9":"pa_made-in-india","11":"first","12":"instock","13":"purchasable","14":"product-type-simple"},"supplier_id":null,"supplier_sku":"BFPB-03","barcode":null,"atum_controlled":true,"out_stock_date":null,"out_stock_threshold":null,"inheritable":false,"inbound_stock":null,"stock_on_hold":0,"sold_today":0,"sales_last_days":0,"reserved_stock":null,"customer_returns":null,"warehouse_damage":null,"lost_in_post":null,"other_logs":null,"out_stock_days":0,"lost_sales":0,"has_location":null,"update_date":"2026-04-27T06:54:02","atum_locations":[],"atum_stock_status":"instock","restock_status":false,"low_stock_amount":"","sales_update_date":"2026-01-30T01:25:40","calc_backorders":null,"_links":{"self":[{"href":"https:\/\/aromasentia.com\/no\/wp-json\/wp\/v2\/product\/205897","targetHints":{"allow":["GET"]}}],"collection":[{"href":"https:\/\/aromasentia.com\/no\/wp-json\/wp\/v2\/product"}],"about":[{"href":"https:\/\/aromasentia.com\/no\/wp-json\/wp\/v2\/types\/product"}],"replies":[{"embeddable":true,"href":"https:\/\/aromasentia.com\/no\/wp-json\/wp\/v2\/comments?post=205897"}],"version-history":[{"count":0,"href":"https:\/\/aromasentia.com\/no\/wp-json\/wp\/v2\/product\/205897\/revisions"}],"wp:featuredmedia":[{"embeddable":true,"href":"https:\/\/aromasentia.com\/no\/wp-json\/wp\/v2\/media\/318538"}],"wp:attachment":[{"href":"https:\/\/aromasentia.com\/no\/wp-json\/wp\/v2\/media?parent=205897"}],"wp:term":[{"taxonomy":"product_brand","embeddable":true,"href":"https:\/\/aromasentia.com\/no\/wp-json\/wp\/v2\/product_brand?post=205897"},{"taxonomy":"product_cat","embeddable":true,"href":"https:\/\/aromasentia.com\/no\/wp-json\/wp\/v2\/product_cat?post=205897"},{"taxonomy":"product_tag","embeddable":true,"href":"https:\/\/aromasentia.com\/no\/wp-json\/wp\/v2\/product_tag?post=205897"}],"curies":[{"name":"wp","href":"https:\/\/api.w.org\/{rel}","templated":true}]}}