{"id":205885,"date":"2025-03-21T14:37:57","date_gmt":"2025-03-21T14:37:57","guid":{"rendered":"https:\/\/aromasentia.com\/product\/bali-block-print-sarong-tropical-leaves-4-assorted-colours\/"},"modified":"2025-05-31T02:24:25","modified_gmt":"2025-05-31T02:24:25","slug":"sarong-med-bali-block-print-tropical-leaves-4-assorterte-farger","status":"publish","type":"product","link":"https:\/\/aromasentia.com\/no\/sarong-med-bali-block-print-tropical-leaves-4-assorterte-farger\/","title":{"rendered":"Sarong med Bali Block Print &#8211; Tropical Leaves (4 Assorterte Farger)"},"content":{"rendered":"<p>Disse sarongene er av topp kvalitet og ser vakre ut n\u00e5r de rulles opp eller knytes med kokosknappskall.<\/p>\n<p>Den ideelle st\u00f8rrelsen til \u00e5 vikles rundt livet, kan ogs\u00e5 v\u00e6re b\u00e5de sporty og elegant, perfekt \u00e5 bruke i enhver anledning, spesielt som et strandtilbeh\u00f8r.<\/p>\n<p>Sarongene importeres direkte fra Bali av <strong>Ancient Wisdom<\/strong> og enda viktigere er de h\u00e5ndmalte, noe som gj\u00f8r hver enkelt unik.<\/p>\n<p>St\u00f8rrelser: L: 155 cm og B: 120 cm og<\/p>\n<p>Laget av 100 % rayon.<\/p>\n<p><strong>Du vil v\u00e6re en sarong som ikke elsker meg.<\/strong><\/p>\n","protected":false},"excerpt":{"rendered":"<p>Disse sarongene er av topp kvalitet og ser vakre ut n\u00e5r de rulles opp eller knytes med kokosknappskall. Den ideelle st\u00f8rrelsen til \u00e5 vikles rundt livet, kan ogs\u00e5 v\u00e6re b\u00e5de sporty og elegant, perfekt \u00e5 bruke i enhver anledning, spesielt som et strandtilbeh\u00f8r. Sarongene importeres direkte fra Bali av Ancient Wisdom og enda viktigere er [&hellip;]<\/p>\n","protected":false},"featured_media":318110,"comment_status":"closed","ping_status":"open","template":"","meta":{"_angie_page":false},"product_brand":[],"product_cat":[25834,26623],"product_tag":[],"class_list":{"0":"post-205885","1":"product","2":"type-product","3":"status-publish","4":"has-post-thumbnail","6":"product_cat-klaer","7":"product_cat-saronger","8":"pa_collection-bali-block-print-sarongs-with-coco-decor-no","9":"pa_made-in-indonesia","11":"first","12":"instock","13":"purchasable","14":"product-type-simple"},"supplier_id":null,"supplier_sku":"BBP-04DS","barcode":null,"atum_controlled":true,"out_stock_date":null,"out_stock_threshold":null,"inheritable":false,"inbound_stock":null,"stock_on_hold":0,"sold_today":0,"sales_last_days":0,"reserved_stock":null,"customer_returns":null,"warehouse_damage":null,"lost_in_post":null,"other_logs":null,"out_stock_days":0,"lost_sales":0,"has_location":null,"update_date":"2026-04-27T06:54:25","atum_locations":[],"atum_stock_status":"instock","restock_status":false,"low_stock_amount":"","sales_update_date":"2026-01-30T01:24:21","calc_backorders":null,"_links":{"self":[{"href":"https:\/\/aromasentia.com\/no\/wp-json\/wp\/v2\/product\/205885","targetHints":{"allow":["GET"]}}],"collection":[{"href":"https:\/\/aromasentia.com\/no\/wp-json\/wp\/v2\/product"}],"about":[{"href":"https:\/\/aromasentia.com\/no\/wp-json\/wp\/v2\/types\/product"}],"replies":[{"embeddable":true,"href":"https:\/\/aromasentia.com\/no\/wp-json\/wp\/v2\/comments?post=205885"}],"version-history":[{"count":0,"href":"https:\/\/aromasentia.com\/no\/wp-json\/wp\/v2\/product\/205885\/revisions"}],"wp:featuredmedia":[{"embeddable":true,"href":"https:\/\/aromasentia.com\/no\/wp-json\/wp\/v2\/media\/318110"}],"wp:attachment":[{"href":"https:\/\/aromasentia.com\/no\/wp-json\/wp\/v2\/media?parent=205885"}],"wp:term":[{"taxonomy":"product_brand","embeddable":true,"href":"https:\/\/aromasentia.com\/no\/wp-json\/wp\/v2\/product_brand?post=205885"},{"taxonomy":"product_cat","embeddable":true,"href":"https:\/\/aromasentia.com\/no\/wp-json\/wp\/v2\/product_cat?post=205885"},{"taxonomy":"product_tag","embeddable":true,"href":"https:\/\/aromasentia.com\/no\/wp-json\/wp\/v2\/product_tag?post=205885"}],"curies":[{"name":"wp","href":"https:\/\/api.w.org\/{rel}","templated":true}]}}