{"id":205874,"date":"2025-03-21T14:38:01","date_gmt":"2025-03-21T14:38:01","guid":{"rendered":"https:\/\/aromasentia.com\/product\/two-tone-cotton-bag-38x42x12cm-green-black-10oz\/"},"modified":"2025-05-31T02:23:54","modified_gmt":"2025-05-31T02:23:54","slug":"tofarget-bomullsveske-38x42x12-cm-gronn-og-svart-10-oz","status":"publish","type":"product","link":"https:\/\/aromasentia.com\/no\/tofarget-bomullsveske-38x42x12-cm-gronn-og-svart-10-oz\/","title":{"rendered":"Tofarget Bomullsveske &#8211; 38x42x12 cm &#8211; Gr\u00f8nn Og Svart &#8211; 10 Oz"},"content":{"rendered":"<p>Lag et statement med denne tofargede bomullsvesken &#8211; gr\u00f8nn og svart. Denne vesken m\u00e5ler 38x42x12 cm, er laget av solid 10 oz bomull og har en sl\u00e5ende gr\u00f8nn og svart fargeblokkdesign. De kontrasterende fargene gir et moderne og stilig utseende, mens den sjener\u00f8se st\u00f8rrelsen og kilen gj\u00f8r den perfekt til \u00e5 b\u00e6re dagligvarer, b\u00f8ker eller daglige n\u00f8dvendigheter. Et milj\u00f8vennlig og moteriktig valg som kombinerer praktiske egenskaper med en dristig estetikk for hverdagsbruk.<\/p>\n","protected":false},"excerpt":{"rendered":"<p>Lag et statement med denne tofargede bomullsvesken &#8211; gr\u00f8nn og svart. Denne vesken m\u00e5ler 38x42x12 cm, er laget av solid 10 oz bomull og har en sl\u00e5ende gr\u00f8nn og svart fargeblokkdesign. De kontrasterende fargene gir et moderne og stilig utseende, mens den sjener\u00f8se st\u00f8rrelsen og kilen gj\u00f8r den perfekt til \u00e5 b\u00e6re dagligvarer, b\u00f8ker eller [&hellip;]<\/p>\n","protected":false},"featured_media":319051,"comment_status":"closed","ping_status":"open","template":"","meta":{"_angie_page":false},"product_brand":[],"product_cat":[9173,9195,9174],"product_tag":[],"class_list":{"0":"post-205874","1":"product","2":"type-product","3":"status-publish","4":"has-post-thumbnail","6":"product_cat-okologiske-vesker","7":"product_cat-slyngevesker-og-bomullsvesker-nepal","8":"product_cat-vesker-ryggsekker","9":"pa_collection-very-simple-eco-cotton-bags-no","10":"pa_made-in-india","12":"first","13":"instock","14":"purchasable","15":"product-type-simple"},"supplier_id":null,"supplier_sku":"COTT-13","barcode":null,"atum_controlled":true,"out_stock_date":null,"out_stock_threshold":null,"inheritable":false,"inbound_stock":null,"stock_on_hold":0,"sold_today":0,"sales_last_days":0,"reserved_stock":null,"customer_returns":null,"warehouse_damage":null,"lost_in_post":null,"other_logs":null,"out_stock_days":0,"lost_sales":0,"has_location":null,"update_date":"2026-04-27T06:58:16","atum_locations":[],"atum_stock_status":"instock","restock_status":false,"low_stock_amount":"","sales_update_date":"2025-10-09T03:28:28","calc_backorders":null,"_links":{"self":[{"href":"https:\/\/aromasentia.com\/no\/wp-json\/wp\/v2\/product\/205874","targetHints":{"allow":["GET"]}}],"collection":[{"href":"https:\/\/aromasentia.com\/no\/wp-json\/wp\/v2\/product"}],"about":[{"href":"https:\/\/aromasentia.com\/no\/wp-json\/wp\/v2\/types\/product"}],"replies":[{"embeddable":true,"href":"https:\/\/aromasentia.com\/no\/wp-json\/wp\/v2\/comments?post=205874"}],"version-history":[{"count":0,"href":"https:\/\/aromasentia.com\/no\/wp-json\/wp\/v2\/product\/205874\/revisions"}],"wp:featuredmedia":[{"embeddable":true,"href":"https:\/\/aromasentia.com\/no\/wp-json\/wp\/v2\/media\/319051"}],"wp:attachment":[{"href":"https:\/\/aromasentia.com\/no\/wp-json\/wp\/v2\/media?parent=205874"}],"wp:term":[{"taxonomy":"product_brand","embeddable":true,"href":"https:\/\/aromasentia.com\/no\/wp-json\/wp\/v2\/product_brand?post=205874"},{"taxonomy":"product_cat","embeddable":true,"href":"https:\/\/aromasentia.com\/no\/wp-json\/wp\/v2\/product_cat?post=205874"},{"taxonomy":"product_tag","embeddable":true,"href":"https:\/\/aromasentia.com\/no\/wp-json\/wp\/v2\/product_tag?post=205874"}],"curies":[{"name":"wp","href":"https:\/\/api.w.org\/{rel}","templated":true}]}}