{"id":205873,"date":"2025-03-21T14:38:01","date_gmt":"2025-03-21T14:38:01","guid":{"rendered":"https:\/\/aromasentia.com\/product\/big-cotton-shopping-bag-38x42cm-city-life-10oz\/"},"modified":"2025-05-31T02:23:51","modified_gmt":"2025-05-31T02:23:51","slug":"handlepose-i-bomull-38x42cm-city-life-10-oz","status":"publish","type":"product","link":"https:\/\/aromasentia.com\/no\/handlepose-i-bomull-38x42cm-city-life-10-oz\/","title":{"rendered":"Handlepose I Bomull &#8211; 38x42cm &#8211; City Life &#8211; 10 Oz"},"content":{"rendered":"<p>Ancient Wisdom har et stort utvalg av \u00f8ko-bomullsposer, som kommer i den klassiske bomullskanvas-stilen eller med trykk.nbsp;<\/p>\n<p>Big Cotton Shopping Bag &#8211; City Life er trykt med vakkert bym\u00f8nster.<\/p>\n<p><em>st\u00f8rrelse: 38&#215;42 cm<\/em><\/p>\n<p>Bomullsposer er raskt blitt en av v\u00e5re bestselgere, og de er ideelle \u00e5 bruke til kampanjer, arrangementer, g\u00e5rdsbutikker og dagligvarebutikker. Disse posene har ogs\u00e5 et perfekt avtrykksomr\u00e5de for salgsfremmende form\u00e5l, og kan for eksempel brukes til \u00e5 trykke firmalogoer, de er sterke og praktiske og finnes i forskjellige st\u00f8rrelser for \u00e5 passe dine kunders behov, og posene v\u00e5re er bygget for \u00e5 vare og kan brukes gang p\u00e5 gang.<\/p><\/p>\n","protected":false},"excerpt":{"rendered":"<p>Ancient Wisdom har et stort utvalg av \u00f8ko-bomullsposer, som kommer i den klassiske bomullskanvas-stilen eller med trykk.nbsp; Big Cotton Shopping Bag &#8211; City Life er trykt med vakkert bym\u00f8nster. st\u00f8rrelse: 38&#215;42 cm Bomullsposer er raskt blitt en av v\u00e5re bestselgere, og de er ideelle \u00e5 bruke til kampanjer, arrangementer, g\u00e5rdsbutikker og dagligvarebutikker. Disse posene har [&hellip;]<\/p>\n","protected":false},"featured_media":319018,"comment_status":"closed","ping_status":"open","template":"","meta":{"_angie_page":false},"product_brand":[],"product_cat":[9173,9174],"product_tag":[],"class_list":{"0":"post-205873","1":"product","2":"type-product","3":"status-publish","4":"has-post-thumbnail","6":"product_cat-okologiske-vesker","7":"product_cat-vesker-ryggsekker","8":"pa_collection-very-simple-eco-cotton-bags-no","9":"pa_made-in-india","11":"first","12":"instock","13":"purchasable","14":"product-type-simple"},"supplier_id":null,"supplier_sku":"COTT-12","barcode":null,"atum_controlled":true,"out_stock_date":null,"out_stock_threshold":null,"inheritable":false,"inbound_stock":null,"stock_on_hold":0,"sold_today":0,"sales_last_days":0,"reserved_stock":null,"customer_returns":null,"warehouse_damage":null,"lost_in_post":null,"other_logs":null,"out_stock_days":0,"lost_sales":0,"has_location":null,"update_date":"2026-04-27T06:58:16","atum_locations":[],"atum_stock_status":"instock","restock_status":false,"low_stock_amount":"","sales_update_date":"2026-01-20T05:13:27","calc_backorders":null,"_links":{"self":[{"href":"https:\/\/aromasentia.com\/no\/wp-json\/wp\/v2\/product\/205873","targetHints":{"allow":["GET"]}}],"collection":[{"href":"https:\/\/aromasentia.com\/no\/wp-json\/wp\/v2\/product"}],"about":[{"href":"https:\/\/aromasentia.com\/no\/wp-json\/wp\/v2\/types\/product"}],"replies":[{"embeddable":true,"href":"https:\/\/aromasentia.com\/no\/wp-json\/wp\/v2\/comments?post=205873"}],"version-history":[{"count":0,"href":"https:\/\/aromasentia.com\/no\/wp-json\/wp\/v2\/product\/205873\/revisions"}],"wp:featuredmedia":[{"embeddable":true,"href":"https:\/\/aromasentia.com\/no\/wp-json\/wp\/v2\/media\/319018"}],"wp:attachment":[{"href":"https:\/\/aromasentia.com\/no\/wp-json\/wp\/v2\/media?parent=205873"}],"wp:term":[{"taxonomy":"product_brand","embeddable":true,"href":"https:\/\/aromasentia.com\/no\/wp-json\/wp\/v2\/product_brand?post=205873"},{"taxonomy":"product_cat","embeddable":true,"href":"https:\/\/aromasentia.com\/no\/wp-json\/wp\/v2\/product_cat?post=205873"},{"taxonomy":"product_tag","embeddable":true,"href":"https:\/\/aromasentia.com\/no\/wp-json\/wp\/v2\/product_tag?post=205873"}],"curies":[{"name":"wp","href":"https:\/\/api.w.org\/{rel}","templated":true}]}}