{"id":205860,"date":"2025-03-21T14:38:06","date_gmt":"2025-03-21T14:38:06","guid":{"rendered":"https:\/\/aromasentia.com\/product\/fab-fringe-bag-pineapple-print\/"},"modified":"2025-05-31T02:22:46","modified_gmt":"2025-05-31T02:22:46","slug":"fab-fringe-veske-ananasprint","status":"publish","type":"product","link":"https:\/\/aromasentia.com\/no\/fab-fringe-veske-ananasprint\/","title":{"rendered":"Fab Fringe Veske &#8211; Ananasprint"},"content":{"rendered":"<p>Enkle, men flotte vesker. Avslappede design p\u00e5 mykvasket jute med trendy silketrykk eller broderte design. <strong>Disse Aroma Sentia-ping Fab Fringe-veskene<\/strong> er sv\u00e6rt fint brodert for h\u00e5nd. Vakker gave til alle som elsker vesker. <strong><\/p>\n<p>Avsluttet med en kvalitets (PVC) l\u00e6rrem (112 cm), kan kundene dine virkelig f\u00e5 det fantastiske, naturlige utseendet. Laget p\u00e5 Bali av en familiebedrift.<\/p>\n<p>Veskest\u00f8rrelse: H:24 cm x L:20 cm Vekt: 120 g <strong><\/p>\n<p>Gj\u00f8r litt ekstra forretninger med disse friske, unike veskene.<\/p>\n","protected":false},"excerpt":{"rendered":"<p>Enkle, men flotte vesker. Avslappede design p\u00e5 mykvasket jute med trendy silketrykk eller broderte design. Disse Aroma Sentia-ping Fab Fringe-veskene er sv\u00e6rt fint brodert for h\u00e5nd. Vakker gave til alle som elsker vesker. Avsluttet med en kvalitets (PVC) l\u00e6rrem (112 cm), kan kundene dine virkelig f\u00e5 det fantastiske, naturlige utseendet. Laget p\u00e5 Bali av en [&hellip;]<\/p>\n","protected":false},"featured_media":319933,"comment_status":"closed","ping_status":"open","template":"","meta":{"_angie_page":false},"product_brand":[],"product_cat":[9173,9174],"product_tag":[],"class_list":{"0":"post-205860","1":"product","2":"type-product","3":"status-publish","4":"has-post-thumbnail","6":"product_cat-okologiske-vesker","7":"product_cat-vesker-ryggsekker","8":"pa_collection-fab-fringe-bags-no","9":"pa_made-in-indonesia","11":"first","12":"instock","13":"purchasable","14":"product-type-simple"},"supplier_id":null,"supplier_sku":"FFB-07","barcode":null,"atum_controlled":true,"out_stock_date":null,"out_stock_threshold":null,"inheritable":false,"inbound_stock":null,"stock_on_hold":0,"sold_today":0,"sales_last_days":0,"reserved_stock":null,"customer_returns":null,"warehouse_damage":null,"lost_in_post":null,"other_logs":null,"out_stock_days":0,"lost_sales":0,"has_location":null,"update_date":"2026-04-27T19:09:48","atum_locations":[],"atum_stock_status":"instock","restock_status":false,"low_stock_amount":"","sales_update_date":"2025-09-05T00:22:40","calc_backorders":null,"_links":{"self":[{"href":"https:\/\/aromasentia.com\/no\/wp-json\/wp\/v2\/product\/205860","targetHints":{"allow":["GET"]}}],"collection":[{"href":"https:\/\/aromasentia.com\/no\/wp-json\/wp\/v2\/product"}],"about":[{"href":"https:\/\/aromasentia.com\/no\/wp-json\/wp\/v2\/types\/product"}],"replies":[{"embeddable":true,"href":"https:\/\/aromasentia.com\/no\/wp-json\/wp\/v2\/comments?post=205860"}],"version-history":[{"count":0,"href":"https:\/\/aromasentia.com\/no\/wp-json\/wp\/v2\/product\/205860\/revisions"}],"wp:featuredmedia":[{"embeddable":true,"href":"https:\/\/aromasentia.com\/no\/wp-json\/wp\/v2\/media\/319933"}],"wp:attachment":[{"href":"https:\/\/aromasentia.com\/no\/wp-json\/wp\/v2\/media?parent=205860"}],"wp:term":[{"taxonomy":"product_brand","embeddable":true,"href":"https:\/\/aromasentia.com\/no\/wp-json\/wp\/v2\/product_brand?post=205860"},{"taxonomy":"product_cat","embeddable":true,"href":"https:\/\/aromasentia.com\/no\/wp-json\/wp\/v2\/product_cat?post=205860"},{"taxonomy":"product_tag","embeddable":true,"href":"https:\/\/aromasentia.com\/no\/wp-json\/wp\/v2\/product_tag?post=205860"}],"curies":[{"name":"wp","href":"https:\/\/api.w.org\/{rel}","templated":true}]}}