{"id":205850,"date":"2025-03-21T14:38:06","date_gmt":"2025-03-21T14:38:06","guid":{"rendered":"https:\/\/aromasentia.com\/product\/ethnic-sling-bag-purple-spiral\/"},"modified":"2025-05-31T02:22:19","modified_gmt":"2025-05-31T02:22:19","slug":"etnisk-slyngeveske-lilla-spiral","status":"publish","type":"product","link":"https:\/\/aromasentia.com\/no\/etnisk-slyngeveske-lilla-spiral\/","title":{"rendered":"Etnisk Slyngeveske &#8211; Lilla \/ Spiral"},"content":{"rendered":"<p>Denne etniske slingvesken er fantastisk stilig og praktisk. Den har fantastisk kvalitet og design.<\/p>\n<p>Ikke bare det, men den har ogs\u00e5 god plass og en komfortabel stropp (ca. 46 cm), slik at den er perfekt for \u00e5 b\u00e6re mange ting rundt enkelt. Spesielt nyttig for kunder og studenter.<\/p>\n<p>Alle trenger en veske hele \u00e5ret!<\/p>\n","protected":false},"excerpt":{"rendered":"<p>Denne etniske slingvesken er fantastisk stilig og praktisk. Den har fantastisk kvalitet og design. Ikke bare det, men den har ogs\u00e5 god plass og en komfortabel stropp (ca. 46 cm), slik at den er perfekt for \u00e5 b\u00e6re mange ting rundt enkelt. Spesielt nyttig for kunder og studenter. Alle trenger en veske hele \u00e5ret!<\/p>\n","protected":false},"featured_media":319587,"comment_status":"closed","ping_status":"open","template":"","meta":{"_angie_page":false},"product_brand":[],"product_cat":[26079,9195,9174],"product_tag":[],"class_list":{"0":"post-205850","1":"product","2":"type-product","3":"status-publish","4":"has-post-thumbnail","6":"product_cat-sling-bags","7":"product_cat-slyngevesker-og-bomullsvesker-nepal","8":"product_cat-vesker-ryggsekker","9":"pa_collection-ethnic-sling-bags-no","10":"pa_made-in-india","12":"first","13":"instock","14":"purchasable","15":"product-type-simple"},"supplier_id":null,"supplier_sku":"ETB-01","barcode":null,"atum_controlled":true,"out_stock_date":null,"out_stock_threshold":null,"inheritable":false,"inbound_stock":null,"stock_on_hold":0,"sold_today":0,"sales_last_days":0,"reserved_stock":null,"customer_returns":null,"warehouse_damage":null,"lost_in_post":null,"other_logs":null,"out_stock_days":0,"lost_sales":0,"has_location":null,"update_date":"2026-04-27T07:02:07","atum_locations":[],"atum_stock_status":"instock","restock_status":false,"low_stock_amount":"","sales_update_date":"2026-02-06T00:02:23","calc_backorders":null,"_links":{"self":[{"href":"https:\/\/aromasentia.com\/no\/wp-json\/wp\/v2\/product\/205850","targetHints":{"allow":["GET"]}}],"collection":[{"href":"https:\/\/aromasentia.com\/no\/wp-json\/wp\/v2\/product"}],"about":[{"href":"https:\/\/aromasentia.com\/no\/wp-json\/wp\/v2\/types\/product"}],"replies":[{"embeddable":true,"href":"https:\/\/aromasentia.com\/no\/wp-json\/wp\/v2\/comments?post=205850"}],"version-history":[{"count":0,"href":"https:\/\/aromasentia.com\/no\/wp-json\/wp\/v2\/product\/205850\/revisions"}],"wp:featuredmedia":[{"embeddable":true,"href":"https:\/\/aromasentia.com\/no\/wp-json\/wp\/v2\/media\/319587"}],"wp:attachment":[{"href":"https:\/\/aromasentia.com\/no\/wp-json\/wp\/v2\/media?parent=205850"}],"wp:term":[{"taxonomy":"product_brand","embeddable":true,"href":"https:\/\/aromasentia.com\/no\/wp-json\/wp\/v2\/product_brand?post=205850"},{"taxonomy":"product_cat","embeddable":true,"href":"https:\/\/aromasentia.com\/no\/wp-json\/wp\/v2\/product_cat?post=205850"},{"taxonomy":"product_tag","embeddable":true,"href":"https:\/\/aromasentia.com\/no\/wp-json\/wp\/v2\/product_tag?post=205850"}],"curies":[{"name":"wp","href":"https:\/\/api.w.org\/{rel}","templated":true}]}}