{"id":205849,"date":"2025-03-21T14:38:06","date_gmt":"2025-03-21T14:38:06","guid":{"rendered":"https:\/\/aromasentia.com\/product\/blank-design-2\/"},"modified":"2025-05-31T02:22:16","modified_gmt":"2025-05-31T02:22:16","slug":"blank-design-2","status":"publish","type":"product","link":"https:\/\/aromasentia.com\/no\/blank-design-2\/","title":{"rendered":"Blank Design"},"content":{"rendered":"<p>N\u00e5 er det p\u00e5 tide \u00e5 bytte ut plastposer med milj\u00f8vennlige juteposer. Denne store handleposen er perfekt for handleturen i supermarkedet eller for generell bruk. Myke bomullsh\u00e5ndtak, glidel\u00e5s for sikkerhet, bomullsf\u00f4r med lommer og et kult design.<\/p>\n<p>Utrykt pose for din egen personalisering.<\/p>\n","protected":false},"excerpt":{"rendered":"<p>N\u00e5 er det p\u00e5 tide \u00e5 bytte ut plastposer med milj\u00f8vennlige juteposer. Denne store handleposen er perfekt for handleturen i supermarkedet eller for generell bruk. Myke bomullsh\u00e5ndtak, glidel\u00e5s for sikkerhet, bomullsf\u00f4r med lommer og et kult design. Utrykt pose for din egen personalisering.<\/p>\n","protected":false},"featured_media":319405,"comment_status":"closed","ping_status":"open","template":"","meta":{"_angie_page":false},"product_brand":[],"product_cat":[9185,9174],"product_tag":[],"class_list":{"0":"post-205849","1":"product","2":"type-product","3":"status-publish","4":"has-post-thumbnail","6":"product_cat-jute-vesker-og-kurver","7":"product_cat-vesker-ryggsekker","8":"pa_collection-eco-jute-bags-no","9":"pa_made-in-india","11":"first","12":"instock","13":"purchasable","14":"product-type-simple"},"supplier_id":null,"supplier_sku":"EcoJt-07","barcode":null,"atum_controlled":true,"out_stock_date":null,"out_stock_threshold":null,"inheritable":false,"inbound_stock":null,"stock_on_hold":0,"sold_today":0,"sales_last_days":0,"reserved_stock":null,"customer_returns":null,"warehouse_damage":null,"lost_in_post":null,"other_logs":null,"out_stock_days":0,"lost_sales":0,"has_location":null,"update_date":"2026-04-27T07:00:10","atum_locations":[],"atum_stock_status":"instock","restock_status":false,"low_stock_amount":"","sales_update_date":"2026-01-30T01:25:39","calc_backorders":null,"_links":{"self":[{"href":"https:\/\/aromasentia.com\/no\/wp-json\/wp\/v2\/product\/205849","targetHints":{"allow":["GET"]}}],"collection":[{"href":"https:\/\/aromasentia.com\/no\/wp-json\/wp\/v2\/product"}],"about":[{"href":"https:\/\/aromasentia.com\/no\/wp-json\/wp\/v2\/types\/product"}],"replies":[{"embeddable":true,"href":"https:\/\/aromasentia.com\/no\/wp-json\/wp\/v2\/comments?post=205849"}],"version-history":[{"count":0,"href":"https:\/\/aromasentia.com\/no\/wp-json\/wp\/v2\/product\/205849\/revisions"}],"wp:featuredmedia":[{"embeddable":true,"href":"https:\/\/aromasentia.com\/no\/wp-json\/wp\/v2\/media\/319405"}],"wp:attachment":[{"href":"https:\/\/aromasentia.com\/no\/wp-json\/wp\/v2\/media?parent=205849"}],"wp:term":[{"taxonomy":"product_brand","embeddable":true,"href":"https:\/\/aromasentia.com\/no\/wp-json\/wp\/v2\/product_brand?post=205849"},{"taxonomy":"product_cat","embeddable":true,"href":"https:\/\/aromasentia.com\/no\/wp-json\/wp\/v2\/product_cat?post=205849"},{"taxonomy":"product_tag","embeddable":true,"href":"https:\/\/aromasentia.com\/no\/wp-json\/wp\/v2\/product_tag?post=205849"}],"curies":[{"name":"wp","href":"https:\/\/api.w.org\/{rel}","templated":true}]}}