{"id":205844,"date":"2025-03-21T14:38:06","date_gmt":"2025-03-21T14:38:06","guid":{"rendered":"https:\/\/aromasentia.com\/product\/blank-design\/"},"modified":"2025-05-31T02:21:43","modified_gmt":"2025-05-31T02:21:43","slug":"blank-design","status":"publish","type":"product","link":"https:\/\/aromasentia.com\/no\/blank-design\/","title":{"rendered":"Blank Design"},"content":{"rendered":"<p>Bomullsposer er sterke og praktiske, og finnes i forskjellige st\u00f8rrelser og farger som passer dine behov. Disse posene er laget for \u00e5 vare og kan brukes om og om igjen.<\/p>\n<p>Se for deg hvor godt du gj\u00f8r for planeten v\u00e5r ved \u00e5 erstatte plastposene med en bomullspose.<\/p>\n","protected":false},"excerpt":{"rendered":"<p>Bomullsposer er sterke og praktiske, og finnes i forskjellige st\u00f8rrelser og farger som passer dine behov. Disse posene er laget for \u00e5 vare og kan brukes om og om igjen. Se for deg hvor godt du gj\u00f8r for planeten v\u00e5r ved \u00e5 erstatte plastposene med en bomullspose.<\/p>\n","protected":false},"featured_media":319405,"comment_status":"closed","ping_status":"open","template":"","meta":{"_angie_page":false},"product_brand":[],"product_cat":[9173,9174],"product_tag":[],"class_list":{"0":"post-205844","1":"product","2":"type-product","3":"status-publish","4":"has-post-thumbnail","6":"product_cat-okologiske-vesker","7":"product_cat-vesker-ryggsekker","8":"pa_collection-eco-cotton-bags-no","9":"pa_made-in-india","11":"first","12":"instock","13":"purchasable","14":"product-type-simple"},"supplier_id":null,"supplier_sku":"EcoC-07","barcode":null,"atum_controlled":true,"out_stock_date":null,"out_stock_threshold":null,"inheritable":false,"inbound_stock":null,"stock_on_hold":0,"sold_today":0,"sales_last_days":0,"reserved_stock":null,"customer_returns":null,"warehouse_damage":null,"lost_in_post":null,"other_logs":null,"out_stock_days":0,"lost_sales":0,"has_location":null,"update_date":"2026-05-04T00:02:52","atum_locations":[],"atum_stock_status":"instock","restock_status":false,"low_stock_amount":"","sales_update_date":"2026-01-30T01:25:37","calc_backorders":null,"_links":{"self":[{"href":"https:\/\/aromasentia.com\/no\/wp-json\/wp\/v2\/product\/205844","targetHints":{"allow":["GET"]}}],"collection":[{"href":"https:\/\/aromasentia.com\/no\/wp-json\/wp\/v2\/product"}],"about":[{"href":"https:\/\/aromasentia.com\/no\/wp-json\/wp\/v2\/types\/product"}],"replies":[{"embeddable":true,"href":"https:\/\/aromasentia.com\/no\/wp-json\/wp\/v2\/comments?post=205844"}],"version-history":[{"count":0,"href":"https:\/\/aromasentia.com\/no\/wp-json\/wp\/v2\/product\/205844\/revisions"}],"wp:featuredmedia":[{"embeddable":true,"href":"https:\/\/aromasentia.com\/no\/wp-json\/wp\/v2\/media\/319405"}],"wp:attachment":[{"href":"https:\/\/aromasentia.com\/no\/wp-json\/wp\/v2\/media?parent=205844"}],"wp:term":[{"taxonomy":"product_brand","embeddable":true,"href":"https:\/\/aromasentia.com\/no\/wp-json\/wp\/v2\/product_brand?post=205844"},{"taxonomy":"product_cat","embeddable":true,"href":"https:\/\/aromasentia.com\/no\/wp-json\/wp\/v2\/product_cat?post=205844"},{"taxonomy":"product_tag","embeddable":true,"href":"https:\/\/aromasentia.com\/no\/wp-json\/wp\/v2\/product_tag?post=205844"}],"curies":[{"name":"wp","href":"https:\/\/api.w.org\/{rel}","templated":true}]}}