{"id":205821,"date":"2025-03-21T14:43:57","date_gmt":"2025-03-21T14:43:57","guid":{"rendered":"https:\/\/aromasentia.com\/product\/dont-quit-gym-bag-olive\/"},"modified":"2025-05-31T02:20:01","modified_gmt":"2025-05-31T02:20:01","slug":"dont-quit-gym-bag-oliven","status":"publish","type":"product","link":"https:\/\/aromasentia.com\/no\/dont-quit-gym-bag-oliven\/","title":{"rendered":"Don&#8217;T Quit Gym Bag &#8211; Oliven"},"content":{"rendered":"<p><span style=\"color: rgb(75, 80, 88);\"><strong>Don&#8217;t Quit treningsveske &#8211; Olivengr\u00f8nn | Premium bomull<\/strong><\/span><\/p>\n<p><span style=\"color: rgb(75, 80, 88);\">Laget av 100 % indisk bomull, er denne slitesterke og milj\u00f8vennlige treningsvesken perfekt for trening, reiser og daglig bruk.<\/span><\/p>\n<p><span style=\"color: rgb(75, 80, 88);\">\u2705 Romslig glidel\u00e5srom for n\u00f8dvendigheter<\/span><\/p>\n<p><span style=\"color: rgb(75, 80, 88);\">\u2705 Forsterkede h\u00e5ndtak og Justerbar stropp for enkel b\u00e6ring<\/span><\/p>\n<p><span style=\"color: rgb(75, 80, 88);\">\u2705 Minimalistisk design med stilige kontrastdetaljer<\/span><\/p>\n<p><span style=\"color: rgb(75, 80, 88);\">F\u00e5s i olivengr\u00f8nn, med beige h\u00e5ndtak,<\/span><\/p>\n<p><span style=\"color: rgb(75, 80, 88);\">Hold deg aktiv med stil!<\/span><\/p>\n","protected":false},"excerpt":{"rendered":"<p>Don&#8217;t Quit treningsveske &#8211; Olivengr\u00f8nn | Premium bomull Laget av 100 % indisk bomull, er denne slitesterke og milj\u00f8vennlige treningsvesken perfekt for trening, reiser og daglig bruk. \u2705 Romslig glidel\u00e5srom for n\u00f8dvendigheter \u2705 Forsterkede h\u00e5ndtak og Justerbar stropp for enkel b\u00e6ring \u2705 Minimalistisk design med stilige kontrastdetaljer F\u00e5s i olivengr\u00f8nn, med beige h\u00e5ndtak, Hold deg [&hellip;]<\/p>\n","protected":false},"featured_media":321006,"comment_status":"closed","ping_status":"open","template":"","meta":{"_angie_page":false},"product_brand":[],"product_cat":[9173,9174],"product_tag":[],"class_list":{"0":"post-205821","1":"product","2":"type-product","3":"status-publish","4":"has-post-thumbnail","6":"product_cat-okologiske-vesker","7":"product_cat-vesker-ryggsekker","8":"pa_collection-gym-bags-no","9":"pa_made-in-india","11":"first","12":"instock","13":"purchasable","14":"product-type-simple"},"supplier_id":null,"supplier_sku":"GymB-02","barcode":null,"atum_controlled":true,"out_stock_date":null,"out_stock_threshold":null,"inheritable":false,"inbound_stock":null,"stock_on_hold":0,"sold_today":0,"sales_last_days":0,"reserved_stock":null,"customer_returns":null,"warehouse_damage":null,"lost_in_post":null,"other_logs":null,"out_stock_days":0,"lost_sales":0,"has_location":null,"update_date":"2026-04-27T07:06:31","atum_locations":[],"atum_stock_status":"instock","restock_status":false,"low_stock_amount":"","sales_update_date":"2026-01-30T01:24:36","calc_backorders":null,"_links":{"self":[{"href":"https:\/\/aromasentia.com\/no\/wp-json\/wp\/v2\/product\/205821","targetHints":{"allow":["GET"]}}],"collection":[{"href":"https:\/\/aromasentia.com\/no\/wp-json\/wp\/v2\/product"}],"about":[{"href":"https:\/\/aromasentia.com\/no\/wp-json\/wp\/v2\/types\/product"}],"replies":[{"embeddable":true,"href":"https:\/\/aromasentia.com\/no\/wp-json\/wp\/v2\/comments?post=205821"}],"version-history":[{"count":0,"href":"https:\/\/aromasentia.com\/no\/wp-json\/wp\/v2\/product\/205821\/revisions"}],"wp:featuredmedia":[{"embeddable":true,"href":"https:\/\/aromasentia.com\/no\/wp-json\/wp\/v2\/media\/321006"}],"wp:attachment":[{"href":"https:\/\/aromasentia.com\/no\/wp-json\/wp\/v2\/media?parent=205821"}],"wp:term":[{"taxonomy":"product_brand","embeddable":true,"href":"https:\/\/aromasentia.com\/no\/wp-json\/wp\/v2\/product_brand?post=205821"},{"taxonomy":"product_cat","embeddable":true,"href":"https:\/\/aromasentia.com\/no\/wp-json\/wp\/v2\/product_cat?post=205821"},{"taxonomy":"product_tag","embeddable":true,"href":"https:\/\/aromasentia.com\/no\/wp-json\/wp\/v2\/product_tag?post=205821"}],"curies":[{"name":"wp","href":"https:\/\/api.w.org\/{rel}","templated":true}]}}