{"id":205817,"date":"2025-03-21T14:43:57","date_gmt":"2025-03-21T14:43:57","guid":{"rendered":"https:\/\/aromasentia.com\/product\/reusable-fashion-face-covering-awgifts-adult\/"},"modified":"2025-05-31T02:19:41","modified_gmt":"2025-05-31T02:19:41","slug":"stovmaske-pm2-5-filter-awgifts-voksen","status":"publish","type":"product","link":"https:\/\/aromasentia.com\/no\/stovmaske-pm2-5-filter-awgifts-voksen\/","title":{"rendered":"St\u00f8vmaske PM2.5 Filter &#8211; Awgifts (Voksen)"},"content":{"rendered":"<p>Hold deg trygg og stilig med dette gjenbrukbare moteansiktsovertrekket fra AWGifts for voksne. Dette ansiktsovertrekket er designet for komfortabel hverdagsbruk og er et gjenbrukbart og vaskbart alternativ til engangsmasker. Selv om den spesifikke designen ikke er detaljert, har den som m\u00e5l \u00e5 gi et moteriktig element til beskyttelseskl\u00e6rne dine. Den er laget med tanke p\u00e5 voksenst\u00f8rrelser, og hjelper deg med \u00e5 overholde helseretningslinjene samtidig som den uttrykker et snev av personlig stil i det offentlige rom.<\/p>\n","protected":false},"excerpt":{"rendered":"<p>Hold deg trygg og stilig med dette gjenbrukbare moteansiktsovertrekket fra AWGifts for voksne. Dette ansiktsovertrekket er designet for komfortabel hverdagsbruk og er et gjenbrukbart og vaskbart alternativ til engangsmasker. Selv om den spesifikke designen ikke er detaljert, har den som m\u00e5l \u00e5 gi et moteriktig element til beskyttelseskl\u00e6rne dine. Den er laget med tanke p\u00e5 [&hellip;]<\/p>\n","protected":false},"featured_media":320906,"comment_status":"closed","ping_status":"open","template":"","meta":{"_angie_page":false},"product_brand":[],"product_cat":[25834],"product_tag":[],"class_list":{"0":"post-205817","1":"product","2":"type-product","3":"status-publish","4":"has-post-thumbnail","6":"product_cat-klaer","7":"pa_made-in-kina","9":"first","10":"instock","11":"purchasable","12":"product-type-simple"},"supplier_id":null,"supplier_sku":"FFM-39","barcode":null,"atum_controlled":true,"out_stock_date":null,"out_stock_threshold":null,"inheritable":false,"inbound_stock":null,"stock_on_hold":0,"sold_today":0,"sales_last_days":0,"reserved_stock":null,"customer_returns":null,"warehouse_damage":null,"lost_in_post":null,"other_logs":null,"out_stock_days":0,"lost_sales":0,"has_location":null,"update_date":"2026-02-11T18:08:25","atum_locations":[],"atum_stock_status":"instock","restock_status":false,"low_stock_amount":"","sales_update_date":"2025-09-05T00:22:52","calc_backorders":null,"_links":{"self":[{"href":"https:\/\/aromasentia.com\/no\/wp-json\/wp\/v2\/product\/205817","targetHints":{"allow":["GET"]}}],"collection":[{"href":"https:\/\/aromasentia.com\/no\/wp-json\/wp\/v2\/product"}],"about":[{"href":"https:\/\/aromasentia.com\/no\/wp-json\/wp\/v2\/types\/product"}],"replies":[{"embeddable":true,"href":"https:\/\/aromasentia.com\/no\/wp-json\/wp\/v2\/comments?post=205817"}],"version-history":[{"count":0,"href":"https:\/\/aromasentia.com\/no\/wp-json\/wp\/v2\/product\/205817\/revisions"}],"wp:featuredmedia":[{"embeddable":true,"href":"https:\/\/aromasentia.com\/no\/wp-json\/wp\/v2\/media\/320906"}],"wp:attachment":[{"href":"https:\/\/aromasentia.com\/no\/wp-json\/wp\/v2\/media?parent=205817"}],"wp:term":[{"taxonomy":"product_brand","embeddable":true,"href":"https:\/\/aromasentia.com\/no\/wp-json\/wp\/v2\/product_brand?post=205817"},{"taxonomy":"product_cat","embeddable":true,"href":"https:\/\/aromasentia.com\/no\/wp-json\/wp\/v2\/product_cat?post=205817"},{"taxonomy":"product_tag","embeddable":true,"href":"https:\/\/aromasentia.com\/no\/wp-json\/wp\/v2\/product_tag?post=205817"}],"curies":[{"name":"wp","href":"https:\/\/api.w.org\/{rel}","templated":true}]}}