{"id":205815,"date":"2025-03-21T14:43:57","date_gmt":"2025-03-21T14:43:57","guid":{"rendered":"https:\/\/aromasentia.com\/product\/reusable-fashion-face-covering-fbi-adult\/"},"modified":"2025-05-31T02:19:34","modified_gmt":"2025-05-31T02:19:34","slug":"stovmaske-pm2-5-filter-fbi-voksen","status":"publish","type":"product","link":"https:\/\/aromasentia.com\/no\/stovmaske-pm2-5-filter-fbi-voksen\/","title":{"rendered":"St\u00f8vmaske PM2.5 Filter &#8211; Fbi (Voksen)"},"content":{"rendered":"<p>Laget av h\u00f8ykvalitets bomull og polyestermateriale i en rekke m\u00f8nstre, noe som gj\u00f8r det mykt og behagelig mot ansiktet, og sv\u00e6rt uanstrengt og pustende \u00e5 bruke.<\/p>\n<p>V\u00e5re lette masker er laget av materialer som transporterer bort fuktighet. Du vil v\u00e6re komfortabel med \u00e5 bruke en hele dagen. V\u00e5re fargerike, moteriktige ansiktsmasker er vaskbare og gjenbrukbare. De kan bidra til \u00e5 gi beskyttelse og trygghet n\u00e5r du bruker offentlig transport, handler i supermarkedet eller andre offentlige steder der sosial distansering ikke er mulig. Disse pustende maskene i poly-bomull er designet med justerbare elastiske ringer for en komfortabel passform.<\/p>\n<p>Hver maskene har to lag med stoff som lager en lomme med et PM2.5-filter, som kan fjernes n\u00e5r du vasker masken. Refillfiltre kan kj\u00f8pes og byttes mellom bruk. Vi tilbyr en rekke forskjellige design for voksne og 5 morsomme design for barn, med ett filter inkludert.<\/p>\n","protected":false},"excerpt":{"rendered":"<p>Laget av h\u00f8ykvalitets bomull og polyestermateriale i en rekke m\u00f8nstre, noe som gj\u00f8r det mykt og behagelig mot ansiktet, og sv\u00e6rt uanstrengt og pustende \u00e5 bruke. V\u00e5re lette masker er laget av materialer som transporterer bort fuktighet. Du vil v\u00e6re komfortabel med \u00e5 bruke en hele dagen. V\u00e5re fargerike, moteriktige ansiktsmasker er vaskbare og gjenbrukbare. [&hellip;]<\/p>\n","protected":false},"featured_media":320872,"comment_status":"closed","ping_status":"open","template":"","meta":{"_angie_page":false},"product_brand":[],"product_cat":[25834],"product_tag":[],"class_list":{"0":"post-205815","1":"product","2":"type-product","3":"status-publish","4":"has-post-thumbnail","6":"product_cat-klaer","7":"pa_made-in-kina","9":"first","10":"instock","11":"purchasable","12":"product-type-simple"},"supplier_id":null,"supplier_sku":"FFM-34","barcode":null,"atum_controlled":true,"out_stock_date":null,"out_stock_threshold":null,"inheritable":false,"inbound_stock":null,"stock_on_hold":0,"sold_today":0,"sales_last_days":0,"reserved_stock":null,"customer_returns":null,"warehouse_damage":null,"lost_in_post":null,"other_logs":null,"out_stock_days":0,"lost_sales":0,"has_location":null,"update_date":"2026-02-11T09:37:07","atum_locations":[],"atum_stock_status":"instock","restock_status":false,"low_stock_amount":"","sales_update_date":"2025-09-05T00:22:51","calc_backorders":null,"_links":{"self":[{"href":"https:\/\/aromasentia.com\/no\/wp-json\/wp\/v2\/product\/205815","targetHints":{"allow":["GET"]}}],"collection":[{"href":"https:\/\/aromasentia.com\/no\/wp-json\/wp\/v2\/product"}],"about":[{"href":"https:\/\/aromasentia.com\/no\/wp-json\/wp\/v2\/types\/product"}],"replies":[{"embeddable":true,"href":"https:\/\/aromasentia.com\/no\/wp-json\/wp\/v2\/comments?post=205815"}],"version-history":[{"count":0,"href":"https:\/\/aromasentia.com\/no\/wp-json\/wp\/v2\/product\/205815\/revisions"}],"wp:featuredmedia":[{"embeddable":true,"href":"https:\/\/aromasentia.com\/no\/wp-json\/wp\/v2\/media\/320872"}],"wp:attachment":[{"href":"https:\/\/aromasentia.com\/no\/wp-json\/wp\/v2\/media?parent=205815"}],"wp:term":[{"taxonomy":"product_brand","embeddable":true,"href":"https:\/\/aromasentia.com\/no\/wp-json\/wp\/v2\/product_brand?post=205815"},{"taxonomy":"product_cat","embeddable":true,"href":"https:\/\/aromasentia.com\/no\/wp-json\/wp\/v2\/product_cat?post=205815"},{"taxonomy":"product_tag","embeddable":true,"href":"https:\/\/aromasentia.com\/no\/wp-json\/wp\/v2\/product_tag?post=205815"}],"curies":[{"name":"wp","href":"https:\/\/api.w.org\/{rel}","templated":true}]}}