{"id":205787,"date":"2025-03-21T14:44:03","date_gmt":"2025-03-21T14:44:03","guid":{"rendered":"https:\/\/aromasentia.com\/product\/large-hemp-backpack-straight-zips-style\/"},"modified":"2025-05-31T02:17:37","modified_gmt":"2025-05-31T02:17:37","slug":"ryggsekk-i-hamp-med-rette-glidelaser-stor","status":"publish","type":"product","link":"https:\/\/aromasentia.com\/no\/ryggsekk-i-hamp-med-rette-glidelaser-stor\/","title":{"rendered":"Ryggsekk I Hamp &#8211; med Rette Glidel\u00e5ser Stor"},"content":{"rendered":"<p>Laget i Kathmandu, nepalsk med en blanding av bomull og ren hamp, disse veskene er trendy, fasjonable, godt designet og &#8230; vel &#8230; helt fantastiske. Hva er det ikke \u00e5 elske, praktiske og sterke med milj\u00f8vennlig hamp og bomull. Alle veskene har mange lommer. De er designet for det virkelige liv &#8211; kundene dine vil elske kvaliteten og f\u00f8lelsen. Ikke bekymre deg, hampmateriale vil ikke f\u00e5 deg h\u00f8y, bortsett fra kanskje opp et fjell \ud83d\ude42 Det som godt kan v\u00e6re h\u00f8yt er imidlertid salget ditt &#8230; hamstre i dag for \u00e5 tjene penger p\u00e5 boomet for alt som har med hamp \u00e5 gj\u00f8re. Se hver enkelt produktside for st\u00f8rrelser og vekter.<\/p>\n","protected":false},"excerpt":{"rendered":"<p>Laget i Kathmandu, nepalsk med en blanding av bomull og ren hamp, disse veskene er trendy, fasjonable, godt designet og &#8230; vel &#8230; helt fantastiske. Hva er det ikke \u00e5 elske, praktiske og sterke med milj\u00f8vennlig hamp og bomull. Alle veskene har mange lommer. De er designet for det virkelige liv &#8211; kundene dine vil [&hellip;]<\/p>\n","protected":false},"featured_media":321380,"comment_status":"closed","ping_status":"open","template":"","meta":{"_angie_page":false},"product_brand":[],"product_cat":[25827,9195,9174],"product_tag":[],"class_list":{"0":"post-205787","1":"product","2":"type-product","3":"status-publish","4":"has-post-thumbnail","6":"product_cat-ryggsekker","7":"product_cat-slyngevesker-og-bomullsvesker-nepal","8":"product_cat-vesker-ryggsekker","9":"pa_collection-pure-hemp-and-cotton-bags-no","10":"pa_made-in-nepal","12":"first","13":"instock","14":"purchasable","15":"product-type-simple"},"supplier_id":null,"supplier_sku":"HempB-12","barcode":null,"atum_controlled":true,"out_stock_date":null,"out_stock_threshold":null,"inheritable":false,"inbound_stock":null,"stock_on_hold":0,"sold_today":0,"sales_last_days":0,"reserved_stock":null,"customer_returns":null,"warehouse_damage":null,"lost_in_post":null,"other_logs":null,"out_stock_days":0,"lost_sales":0,"has_location":null,"update_date":"2026-04-27T07:07:42","atum_locations":[],"atum_stock_status":"instock","restock_status":false,"low_stock_amount":"","sales_update_date":"2025-09-05T00:22:56","calc_backorders":null,"_links":{"self":[{"href":"https:\/\/aromasentia.com\/no\/wp-json\/wp\/v2\/product\/205787","targetHints":{"allow":["GET"]}}],"collection":[{"href":"https:\/\/aromasentia.com\/no\/wp-json\/wp\/v2\/product"}],"about":[{"href":"https:\/\/aromasentia.com\/no\/wp-json\/wp\/v2\/types\/product"}],"replies":[{"embeddable":true,"href":"https:\/\/aromasentia.com\/no\/wp-json\/wp\/v2\/comments?post=205787"}],"version-history":[{"count":0,"href":"https:\/\/aromasentia.com\/no\/wp-json\/wp\/v2\/product\/205787\/revisions"}],"wp:featuredmedia":[{"embeddable":true,"href":"https:\/\/aromasentia.com\/no\/wp-json\/wp\/v2\/media\/321380"}],"wp:attachment":[{"href":"https:\/\/aromasentia.com\/no\/wp-json\/wp\/v2\/media?parent=205787"}],"wp:term":[{"taxonomy":"product_brand","embeddable":true,"href":"https:\/\/aromasentia.com\/no\/wp-json\/wp\/v2\/product_brand?post=205787"},{"taxonomy":"product_cat","embeddable":true,"href":"https:\/\/aromasentia.com\/no\/wp-json\/wp\/v2\/product_cat?post=205787"},{"taxonomy":"product_tag","embeddable":true,"href":"https:\/\/aromasentia.com\/no\/wp-json\/wp\/v2\/product_tag?post=205787"}],"curies":[{"name":"wp","href":"https:\/\/api.w.org\/{rel}","templated":true}]}}