{"id":205781,"date":"2025-03-21T14:44:08","date_gmt":"2025-03-21T14:44:08","guid":{"rendered":"https:\/\/aromasentia.com\/product\/hemp-phone-tobacoo-anything-wrap-pouch-assorted\/"},"modified":"2025-05-31T02:16:39","modified_gmt":"2025-05-31T02:16:39","slug":"hemp-phone-tobacoo-anything-wrap-pouch-assortert","status":"publish","type":"product","link":"https:\/\/aromasentia.com\/no\/hemp-phone-tobacoo-anything-wrap-pouch-assortert\/","title":{"rendered":"Hemp Phone\/Tobacoo\/Anything Wrap Pouch (Assortert)"},"content":{"rendered":"<p>Sikre sm\u00e5tingene dine p\u00e5 en naturlig m\u00e5te med denne Hemp Phone\/Tobacco\/Anything Wrap Pouch (assortert). Denne smart designede posen er laget av b\u00e6rekraftig hamp, og har en wrap-around-lukking som gir en unik og sikker m\u00e5te \u00e5 oppbevare telefonen, tobakk eller andre sm\u00e5 verdisaker p\u00e5. Hver pose finnes i ulike stiler og kombinerer praktiske egenskaper med en milj\u00f8bevisst, rustikk sjarm. En perfekt liten f\u00f8lgesvenn for \u00e5 holde det viktigste trygt og stilig oppbevart n\u00e5r du er p\u00e5 farten.<\/p>\n","protected":false},"excerpt":{"rendered":"<p>Sikre sm\u00e5tingene dine p\u00e5 en naturlig m\u00e5te med denne Hemp Phone\/Tobacco\/Anything Wrap Pouch (assortert). Denne smart designede posen er laget av b\u00e6rekraftig hamp, og har en wrap-around-lukking som gir en unik og sikker m\u00e5te \u00e5 oppbevare telefonen, tobakk eller andre sm\u00e5 verdisaker p\u00e5. Hver pose finnes i ulike stiler og kombinerer praktiske egenskaper med en [&hellip;]<\/p>\n","protected":false},"featured_media":322878,"comment_status":"closed","ping_status":"open","template":"","meta":{"_angie_page":false},"product_brand":[],"product_cat":[9195,9174],"product_tag":[],"class_list":{"0":"post-205781","1":"product","2":"type-product","3":"status-publish","4":"has-post-thumbnail","6":"product_cat-slyngevesker-og-bomullsvesker-nepal","7":"product_cat-vesker-ryggsekker","8":"pa_collection-pure-hemp-and-cotton-bags-no","9":"pa_made-in-nepal","11":"first","12":"instock","13":"purchasable","14":"product-type-simple"},"supplier_id":null,"supplier_sku":"HempB-45","barcode":null,"atum_controlled":true,"out_stock_date":null,"out_stock_threshold":null,"inheritable":false,"inbound_stock":null,"stock_on_hold":0,"sold_today":0,"sales_last_days":0,"reserved_stock":null,"customer_returns":null,"warehouse_damage":null,"lost_in_post":null,"other_logs":null,"out_stock_days":0,"lost_sales":0,"has_location":null,"update_date":"2026-04-27T07:07:04","atum_locations":[],"atum_stock_status":"instock","restock_status":false,"low_stock_amount":"","sales_update_date":"2026-01-30T01:25:56","calc_backorders":null,"_links":{"self":[{"href":"https:\/\/aromasentia.com\/no\/wp-json\/wp\/v2\/product\/205781","targetHints":{"allow":["GET"]}}],"collection":[{"href":"https:\/\/aromasentia.com\/no\/wp-json\/wp\/v2\/product"}],"about":[{"href":"https:\/\/aromasentia.com\/no\/wp-json\/wp\/v2\/types\/product"}],"replies":[{"embeddable":true,"href":"https:\/\/aromasentia.com\/no\/wp-json\/wp\/v2\/comments?post=205781"}],"version-history":[{"count":0,"href":"https:\/\/aromasentia.com\/no\/wp-json\/wp\/v2\/product\/205781\/revisions"}],"wp:featuredmedia":[{"embeddable":true,"href":"https:\/\/aromasentia.com\/no\/wp-json\/wp\/v2\/media\/322878"}],"wp:attachment":[{"href":"https:\/\/aromasentia.com\/no\/wp-json\/wp\/v2\/media?parent=205781"}],"wp:term":[{"taxonomy":"product_brand","embeddable":true,"href":"https:\/\/aromasentia.com\/no\/wp-json\/wp\/v2\/product_brand?post=205781"},{"taxonomy":"product_cat","embeddable":true,"href":"https:\/\/aromasentia.com\/no\/wp-json\/wp\/v2\/product_cat?post=205781"},{"taxonomy":"product_tag","embeddable":true,"href":"https:\/\/aromasentia.com\/no\/wp-json\/wp\/v2\/product_tag?post=205781"}],"curies":[{"name":"wp","href":"https:\/\/api.w.org\/{rel}","templated":true}]}}