{"id":205777,"date":"2025-03-21T14:44:08","date_gmt":"2025-03-21T14:44:08","guid":{"rendered":"https:\/\/aromasentia.com\/product\/hemp-laptop-messenger-bag-triangle\/"},"modified":"2025-05-31T02:16:26","modified_gmt":"2025-05-31T02:16:26","slug":"messengerveske-for-baerbar-pc-i-hamp-triangle","status":"publish","type":"product","link":"https:\/\/aromasentia.com\/no\/messengerveske-for-baerbar-pc-i-hamp-triangle\/","title":{"rendered":"Messengerveske For B\u00e6rbar Pc I Hamp &#8211; Triangle"},"content":{"rendered":"<p>Velg moderne, milj\u00f8vennlig teknologitransport med Hemp Laptop Messenger Bag &#8211; Triangle. Denne stilige messenger-vesken er laget av robust hampestoff og er perfekt for transport av den b\u00e6rbare datamaskinen og daglige n\u00f8dvendigheter. &laquo;Triangle&raquo;-designet kan henspille p\u00e5 et geometrisk m\u00f8nster eller en unik konstruksjonsdetalj, og gir en moderne kant. Den er en slitesterk, b\u00e6rekraftig og moterik l\u00f8sning for \u00e5 beskytte teknologien din mens du er p\u00e5 farten, og den er ideell for jobb eller campus.<\/p>\n","protected":false},"excerpt":{"rendered":"<p>Velg moderne, milj\u00f8vennlig teknologitransport med Hemp Laptop Messenger Bag &#8211; Triangle. Denne stilige messenger-vesken er laget av robust hampestoff og er perfekt for transport av den b\u00e6rbare datamaskinen og daglige n\u00f8dvendigheter. &laquo;Triangle&raquo;-designet kan henspille p\u00e5 et geometrisk m\u00f8nster eller en unik konstruksjonsdetalj, og gir en moderne kant. Den er en slitesterk, b\u00e6rekraftig og moterik l\u00f8sning [&hellip;]<\/p>\n","protected":false},"featured_media":322770,"comment_status":"closed","ping_status":"open","template":"","meta":{"_angie_page":false},"product_brand":[],"product_cat":[9195,9174],"product_tag":[],"class_list":{"0":"post-205777","1":"product","2":"type-product","3":"status-publish","4":"has-post-thumbnail","6":"product_cat-slyngevesker-og-bomullsvesker-nepal","7":"product_cat-vesker-ryggsekker","8":"pa_collection-pure-hemp-and-cotton-bags-no","9":"pa_made-in-nepal","11":"first","12":"instock","13":"purchasable","14":"product-type-simple"},"supplier_id":null,"supplier_sku":"HempB-41","barcode":null,"atum_controlled":true,"out_stock_date":null,"out_stock_threshold":null,"inheritable":false,"inbound_stock":null,"stock_on_hold":0,"sold_today":0,"sales_last_days":0,"reserved_stock":null,"customer_returns":null,"warehouse_damage":null,"lost_in_post":null,"other_logs":null,"out_stock_days":0,"lost_sales":0,"has_location":null,"update_date":"2026-04-27T07:07:04","atum_locations":[],"atum_stock_status":"instock","restock_status":false,"low_stock_amount":"","sales_update_date":"2026-01-30T01:24:55","calc_backorders":null,"_links":{"self":[{"href":"https:\/\/aromasentia.com\/no\/wp-json\/wp\/v2\/product\/205777","targetHints":{"allow":["GET"]}}],"collection":[{"href":"https:\/\/aromasentia.com\/no\/wp-json\/wp\/v2\/product"}],"about":[{"href":"https:\/\/aromasentia.com\/no\/wp-json\/wp\/v2\/types\/product"}],"replies":[{"embeddable":true,"href":"https:\/\/aromasentia.com\/no\/wp-json\/wp\/v2\/comments?post=205777"}],"version-history":[{"count":0,"href":"https:\/\/aromasentia.com\/no\/wp-json\/wp\/v2\/product\/205777\/revisions"}],"wp:featuredmedia":[{"embeddable":true,"href":"https:\/\/aromasentia.com\/no\/wp-json\/wp\/v2\/media\/322770"}],"wp:attachment":[{"href":"https:\/\/aromasentia.com\/no\/wp-json\/wp\/v2\/media?parent=205777"}],"wp:term":[{"taxonomy":"product_brand","embeddable":true,"href":"https:\/\/aromasentia.com\/no\/wp-json\/wp\/v2\/product_brand?post=205777"},{"taxonomy":"product_cat","embeddable":true,"href":"https:\/\/aromasentia.com\/no\/wp-json\/wp\/v2\/product_cat?post=205777"},{"taxonomy":"product_tag","embeddable":true,"href":"https:\/\/aromasentia.com\/no\/wp-json\/wp\/v2\/product_tag?post=205777"}],"curies":[{"name":"wp","href":"https:\/\/api.w.org\/{rel}","templated":true}]}}