{"id":205776,"date":"2025-03-21T14:44:08","date_gmt":"2025-03-21T14:44:08","guid":{"rendered":"https:\/\/aromasentia.com\/product\/hemp-laptop-messenger-bag-curves\/"},"modified":"2025-05-31T02:16:22","modified_gmt":"2025-05-31T02:16:22","slug":"messengerveske-for-baerbar-pc-i-hamp-curves","status":"publish","type":"product","link":"https:\/\/aromasentia.com\/no\/messengerveske-for-baerbar-pc-i-hamp-curves\/","title":{"rendered":"Messengerveske For B\u00e6rbar Pc I Hamp &#8211; Curves"},"content":{"rendered":"<p>B\u00e6r teknologien din med stil med Hemp Laptop Messenger Bag &#8211; Curves. Denne elegante messenger-vesken er laget av slitesterk og milj\u00f8vennlig hamp og er designet for sikker transport av din b\u00e6rbare datamaskin og andre viktige ting. &laquo;Curves&raquo;-designet refererer sannsynligvis til den myke, moderne silhuetten eller et dekorativt m\u00f8nster. Den er en komfortabel, praktisk og b\u00e6rekraftig m\u00e5te \u00e5 b\u00e6re arbeids- eller studieutstyret ditt p\u00e5, og kombinerer moderne estetikk med naturlige materialer for den bevisste yrkesut\u00f8veren eller studenten.<\/p>\n","protected":false},"excerpt":{"rendered":"<p>B\u00e6r teknologien din med stil med Hemp Laptop Messenger Bag &#8211; Curves. Denne elegante messenger-vesken er laget av slitesterk og milj\u00f8vennlig hamp og er designet for sikker transport av din b\u00e6rbare datamaskin og andre viktige ting. &laquo;Curves&raquo;-designet refererer sannsynligvis til den myke, moderne silhuetten eller et dekorativt m\u00f8nster. Den er en komfortabel, praktisk og b\u00e6rekraftig [&hellip;]<\/p>\n","protected":false},"featured_media":322721,"comment_status":"closed","ping_status":"open","template":"","meta":{"_angie_page":false},"product_brand":[],"product_cat":[9195,9174],"product_tag":[],"class_list":{"0":"post-205776","1":"product","2":"type-product","3":"status-publish","4":"has-post-thumbnail","6":"product_cat-slyngevesker-og-bomullsvesker-nepal","7":"product_cat-vesker-ryggsekker","8":"pa_collection-pure-hemp-and-cotton-bags-no","9":"pa_made-in-nepal","11":"first","12":"instock","13":"purchasable","14":"product-type-simple"},"supplier_id":null,"supplier_sku":"HempB-40","barcode":null,"atum_controlled":true,"out_stock_date":null,"out_stock_threshold":null,"inheritable":false,"inbound_stock":null,"stock_on_hold":0,"sold_today":0,"sales_last_days":0,"reserved_stock":null,"customer_returns":null,"warehouse_damage":null,"lost_in_post":null,"other_logs":null,"out_stock_days":0,"lost_sales":0,"has_location":null,"update_date":"2026-04-27T07:07:04","atum_locations":[],"atum_stock_status":"instock","restock_status":false,"low_stock_amount":"","sales_update_date":"2026-01-30T01:24:58","calc_backorders":null,"_links":{"self":[{"href":"https:\/\/aromasentia.com\/no\/wp-json\/wp\/v2\/product\/205776","targetHints":{"allow":["GET"]}}],"collection":[{"href":"https:\/\/aromasentia.com\/no\/wp-json\/wp\/v2\/product"}],"about":[{"href":"https:\/\/aromasentia.com\/no\/wp-json\/wp\/v2\/types\/product"}],"replies":[{"embeddable":true,"href":"https:\/\/aromasentia.com\/no\/wp-json\/wp\/v2\/comments?post=205776"}],"version-history":[{"count":0,"href":"https:\/\/aromasentia.com\/no\/wp-json\/wp\/v2\/product\/205776\/revisions"}],"wp:featuredmedia":[{"embeddable":true,"href":"https:\/\/aromasentia.com\/no\/wp-json\/wp\/v2\/media\/322721"}],"wp:attachment":[{"href":"https:\/\/aromasentia.com\/no\/wp-json\/wp\/v2\/media?parent=205776"}],"wp:term":[{"taxonomy":"product_brand","embeddable":true,"href":"https:\/\/aromasentia.com\/no\/wp-json\/wp\/v2\/product_brand?post=205776"},{"taxonomy":"product_cat","embeddable":true,"href":"https:\/\/aromasentia.com\/no\/wp-json\/wp\/v2\/product_cat?post=205776"},{"taxonomy":"product_tag","embeddable":true,"href":"https:\/\/aromasentia.com\/no\/wp-json\/wp\/v2\/product_tag?post=205776"}],"curies":[{"name":"wp","href":"https:\/\/api.w.org\/{rel}","templated":true}]}}