{"id":205775,"date":"2025-03-21T14:44:08","date_gmt":"2025-03-21T14:44:08","guid":{"rendered":"https:\/\/aromasentia.com\/product\/hemp-trekking-rolling-backpack-sunset-orange\/"},"modified":"2025-05-31T02:16:20","modified_gmt":"2025-05-31T02:16:20","slug":"hemp-trekking-rullende-ryggsekk-sunset-orange","status":"publish","type":"product","link":"https:\/\/aromasentia.com\/no\/hemp-trekking-rullende-ryggsekk-sunset-orange\/","title":{"rendered":"Hemp Trekking Rullende Ryggsekk &#8211; Sunset Orange"},"content":{"rendered":"<p>Med Hemp Trekking Rolling Backpack &#8211; Sunset Orange kan du reise uten problemer. Denne innovative ryggsekken kombinerer det praktiske ved en rullende koffert med fleksibiliteten til trekkingstropper, perfekt for den dynamiske reisende. Den er laget av slitesterk hamp i en livlig solnedgangsoransje farge og er b\u00e5de slitesterk og i\u00f8ynefallende. Den har rikelig med oppbevaringsplass og en tilpasningsdyktig design som gj\u00f8r den til en ideell, milj\u00f8bevisst f\u00f8lgesvenn for eventyr som tar deg fra bylandskap til ulendte stier med letthet.<\/p>\n","protected":false},"excerpt":{"rendered":"<p>Med Hemp Trekking Rolling Backpack &#8211; Sunset Orange kan du reise uten problemer. Denne innovative ryggsekken kombinerer det praktiske ved en rullende koffert med fleksibiliteten til trekkingstropper, perfekt for den dynamiske reisende. Den er laget av slitesterk hamp i en livlig solnedgangsoransje farge og er b\u00e5de slitesterk og i\u00f8ynefallende. Den har rikelig med oppbevaringsplass og [&hellip;]<\/p>\n","protected":false},"featured_media":322696,"comment_status":"closed","ping_status":"open","template":"","meta":{"_angie_page":false},"product_brand":[],"product_cat":[25827,9195,9174],"product_tag":[],"class_list":{"0":"post-205775","1":"product","2":"type-product","3":"status-publish","4":"has-post-thumbnail","6":"product_cat-ryggsekker","7":"product_cat-slyngevesker-og-bomullsvesker-nepal","8":"product_cat-vesker-ryggsekker","9":"pa_collection-pure-hemp-and-cotton-bags-no","10":"pa_made-in-nepal","12":"first","13":"instock","14":"purchasable","15":"product-type-simple"},"supplier_id":null,"supplier_sku":"HempB-39","barcode":null,"atum_controlled":true,"out_stock_date":null,"out_stock_threshold":null,"inheritable":false,"inbound_stock":null,"stock_on_hold":0,"sold_today":0,"sales_last_days":0,"reserved_stock":null,"customer_returns":null,"warehouse_damage":null,"lost_in_post":null,"other_logs":null,"out_stock_days":0,"lost_sales":0,"has_location":null,"update_date":"2026-04-27T07:07:04","atum_locations":[],"atum_stock_status":"instock","restock_status":false,"low_stock_amount":"","sales_update_date":"2026-01-30T01:24:52","calc_backorders":null,"_links":{"self":[{"href":"https:\/\/aromasentia.com\/no\/wp-json\/wp\/v2\/product\/205775","targetHints":{"allow":["GET"]}}],"collection":[{"href":"https:\/\/aromasentia.com\/no\/wp-json\/wp\/v2\/product"}],"about":[{"href":"https:\/\/aromasentia.com\/no\/wp-json\/wp\/v2\/types\/product"}],"replies":[{"embeddable":true,"href":"https:\/\/aromasentia.com\/no\/wp-json\/wp\/v2\/comments?post=205775"}],"version-history":[{"count":0,"href":"https:\/\/aromasentia.com\/no\/wp-json\/wp\/v2\/product\/205775\/revisions"}],"wp:featuredmedia":[{"embeddable":true,"href":"https:\/\/aromasentia.com\/no\/wp-json\/wp\/v2\/media\/322696"}],"wp:attachment":[{"href":"https:\/\/aromasentia.com\/no\/wp-json\/wp\/v2\/media?parent=205775"}],"wp:term":[{"taxonomy":"product_brand","embeddable":true,"href":"https:\/\/aromasentia.com\/no\/wp-json\/wp\/v2\/product_brand?post=205775"},{"taxonomy":"product_cat","embeddable":true,"href":"https:\/\/aromasentia.com\/no\/wp-json\/wp\/v2\/product_cat?post=205775"},{"taxonomy":"product_tag","embeddable":true,"href":"https:\/\/aromasentia.com\/no\/wp-json\/wp\/v2\/product_tag?post=205775"}],"curies":[{"name":"wp","href":"https:\/\/api.w.org\/{rel}","templated":true}]}}