{"id":205773,"date":"2025-03-21T14:44:08","date_gmt":"2025-03-21T14:44:08","guid":{"rendered":"https:\/\/aromasentia.com\/product\/hemp-adventure-backpack-kathmandu\/"},"modified":"2025-05-31T02:16:15","modified_gmt":"2025-05-31T02:16:15","slug":"hamp-adventure-ryggsekk-katmandu","status":"publish","type":"product","link":"https:\/\/aromasentia.com\/no\/hamp-adventure-ryggsekk-katmandu\/","title":{"rendered":"Hamp Adventure Ryggsekk &#8211; Katmandu"},"content":{"rendered":"<p>Utforsk verden med Hemp Adventure Backpack &#8211; Kathmandu. Inspirert av den pulserende \u00e5nden i Nepals hovedstad, er denne ryggsekken laget av sterk, b\u00e6rekraftig hamp, klar for b\u00e5de urbane og utend\u00f8rs oppdagelsesreiser. Forvent et design med fokus p\u00e5 praktiske egenskaper, med rikelig med oppbevaringsplass og komfortable b\u00e6refunksjoner. Det etnisk inspirerte eller naturlige utseendet gj\u00f8r den til et unikt og milj\u00f8bevisst valg for reisende og eventyrere som setter pris p\u00e5 holdbarhet og et snev av global stil.<\/p>\n","protected":false},"excerpt":{"rendered":"<p>Utforsk verden med Hemp Adventure Backpack &#8211; Kathmandu. Inspirert av den pulserende \u00e5nden i Nepals hovedstad, er denne ryggsekken laget av sterk, b\u00e6rekraftig hamp, klar for b\u00e5de urbane og utend\u00f8rs oppdagelsesreiser. Forvent et design med fokus p\u00e5 praktiske egenskaper, med rikelig med oppbevaringsplass og komfortable b\u00e6refunksjoner. Det etnisk inspirerte eller naturlige utseendet gj\u00f8r den til [&hellip;]<\/p>\n","protected":false},"featured_media":322630,"comment_status":"closed","ping_status":"open","template":"","meta":{"_angie_page":false},"product_brand":[],"product_cat":[25827,9195,9174],"product_tag":[],"class_list":{"0":"post-205773","1":"product","2":"type-product","3":"status-publish","4":"has-post-thumbnail","6":"product_cat-ryggsekker","7":"product_cat-slyngevesker-og-bomullsvesker-nepal","8":"product_cat-vesker-ryggsekker","9":"pa_collection-pure-hemp-and-cotton-bags-no","10":"pa_made-in-nepal","12":"first","13":"instock","14":"purchasable","15":"product-type-simple"},"supplier_id":null,"supplier_sku":"HempB-37","barcode":null,"atum_controlled":true,"out_stock_date":null,"out_stock_threshold":null,"inheritable":false,"inbound_stock":null,"stock_on_hold":0,"sold_today":0,"sales_last_days":0,"reserved_stock":null,"customer_returns":null,"warehouse_damage":null,"lost_in_post":null,"other_logs":null,"out_stock_days":0,"lost_sales":0,"has_location":null,"update_date":"2026-04-30T13:08:10","atum_locations":[],"atum_stock_status":"instock","restock_status":false,"low_stock_amount":"","sales_update_date":"2026-01-30T01:24:52","calc_backorders":null,"_links":{"self":[{"href":"https:\/\/aromasentia.com\/no\/wp-json\/wp\/v2\/product\/205773","targetHints":{"allow":["GET"]}}],"collection":[{"href":"https:\/\/aromasentia.com\/no\/wp-json\/wp\/v2\/product"}],"about":[{"href":"https:\/\/aromasentia.com\/no\/wp-json\/wp\/v2\/types\/product"}],"replies":[{"embeddable":true,"href":"https:\/\/aromasentia.com\/no\/wp-json\/wp\/v2\/comments?post=205773"}],"version-history":[{"count":0,"href":"https:\/\/aromasentia.com\/no\/wp-json\/wp\/v2\/product\/205773\/revisions"}],"wp:featuredmedia":[{"embeddable":true,"href":"https:\/\/aromasentia.com\/no\/wp-json\/wp\/v2\/media\/322630"}],"wp:attachment":[{"href":"https:\/\/aromasentia.com\/no\/wp-json\/wp\/v2\/media?parent=205773"}],"wp:term":[{"taxonomy":"product_brand","embeddable":true,"href":"https:\/\/aromasentia.com\/no\/wp-json\/wp\/v2\/product_brand?post=205773"},{"taxonomy":"product_cat","embeddable":true,"href":"https:\/\/aromasentia.com\/no\/wp-json\/wp\/v2\/product_cat?post=205773"},{"taxonomy":"product_tag","embeddable":true,"href":"https:\/\/aromasentia.com\/no\/wp-json\/wp\/v2\/product_tag?post=205773"}],"curies":[{"name":"wp","href":"https:\/\/api.w.org\/{rel}","templated":true}]}}