{"id":205772,"date":"2025-03-21T14:44:08","date_gmt":"2025-03-21T14:44:08","guid":{"rendered":"https:\/\/aromasentia.com\/product\/hemp-adventure-backpack-annapurna\/"},"modified":"2025-05-31T02:16:12","modified_gmt":"2025-05-31T02:16:12","slug":"hamp-adventure-ryggsekk-annapurna","status":"publish","type":"product","link":"https:\/\/aromasentia.com\/no\/hamp-adventure-ryggsekk-annapurna\/","title":{"rendered":"Hamp Adventure Ryggsekk &#8211; Annapurna"},"content":{"rendered":"<p>Legg ut p\u00e5 reise med Hemp Adventure Backpack &#8211; Annapurna. Denne ryggsekken er oppkalt etter det majestetiske Himalaya-massivet, og er laget av slitesterk hamp for t\u00f8ffe eventyr. Den har flere rom, komfortable stropper og et design som er laget for utforskning og nytte. Den naturlige, jordn\u00e6re estetikken gjenspeiler kj\u00e6rligheten til naturen, noe som gj\u00f8r den til en p\u00e5litelig og milj\u00f8vennlig f\u00f8lgesvenn for turg\u00e5ere, reisende og alle som er ute etter en robust sekk til sitt neste store eventyr.<\/p>\n","protected":false},"excerpt":{"rendered":"<p>Legg ut p\u00e5 reise med Hemp Adventure Backpack &#8211; Annapurna. Denne ryggsekken er oppkalt etter det majestetiske Himalaya-massivet, og er laget av slitesterk hamp for t\u00f8ffe eventyr. Den har flere rom, komfortable stropper og et design som er laget for utforskning og nytte. Den naturlige, jordn\u00e6re estetikken gjenspeiler kj\u00e6rligheten til naturen, noe som gj\u00f8r den [&hellip;]<\/p>\n","protected":false},"featured_media":322605,"comment_status":"closed","ping_status":"open","template":"","meta":{"_angie_page":false},"product_brand":[],"product_cat":[25827,9195,9174],"product_tag":[],"class_list":{"0":"post-205772","1":"product","2":"type-product","3":"status-publish","4":"has-post-thumbnail","6":"product_cat-ryggsekker","7":"product_cat-slyngevesker-og-bomullsvesker-nepal","8":"product_cat-vesker-ryggsekker","9":"pa_collection-pure-hemp-and-cotton-bags-no","10":"pa_made-in-nepal","12":"first","13":"instock","14":"purchasable","15":"product-type-simple"},"supplier_id":null,"supplier_sku":"HempB-36","barcode":null,"atum_controlled":true,"out_stock_date":null,"out_stock_threshold":null,"inheritable":false,"inbound_stock":null,"stock_on_hold":0,"sold_today":0,"sales_last_days":0,"reserved_stock":null,"customer_returns":null,"warehouse_damage":null,"lost_in_post":null,"other_logs":null,"out_stock_days":0,"lost_sales":0,"has_location":null,"update_date":"2026-04-27T07:07:04","atum_locations":[],"atum_stock_status":"instock","restock_status":false,"low_stock_amount":"","sales_update_date":"2026-01-30T01:25:02","calc_backorders":null,"_links":{"self":[{"href":"https:\/\/aromasentia.com\/no\/wp-json\/wp\/v2\/product\/205772","targetHints":{"allow":["GET"]}}],"collection":[{"href":"https:\/\/aromasentia.com\/no\/wp-json\/wp\/v2\/product"}],"about":[{"href":"https:\/\/aromasentia.com\/no\/wp-json\/wp\/v2\/types\/product"}],"replies":[{"embeddable":true,"href":"https:\/\/aromasentia.com\/no\/wp-json\/wp\/v2\/comments?post=205772"}],"version-history":[{"count":0,"href":"https:\/\/aromasentia.com\/no\/wp-json\/wp\/v2\/product\/205772\/revisions"}],"wp:featuredmedia":[{"embeddable":true,"href":"https:\/\/aromasentia.com\/no\/wp-json\/wp\/v2\/media\/322605"}],"wp:attachment":[{"href":"https:\/\/aromasentia.com\/no\/wp-json\/wp\/v2\/media?parent=205772"}],"wp:term":[{"taxonomy":"product_brand","embeddable":true,"href":"https:\/\/aromasentia.com\/no\/wp-json\/wp\/v2\/product_brand?post=205772"},{"taxonomy":"product_cat","embeddable":true,"href":"https:\/\/aromasentia.com\/no\/wp-json\/wp\/v2\/product_cat?post=205772"},{"taxonomy":"product_tag","embeddable":true,"href":"https:\/\/aromasentia.com\/no\/wp-json\/wp\/v2\/product_tag?post=205772"}],"curies":[{"name":"wp","href":"https:\/\/api.w.org\/{rel}","templated":true}]}}