{"id":205770,"date":"2025-03-21T14:44:08","date_gmt":"2025-03-21T14:44:08","guid":{"rendered":"https:\/\/aromasentia.com\/product\/large-boxy-hemp-backpack-teal-sage\/"},"modified":"2025-05-31T02:16:05","modified_gmt":"2025-05-31T02:16:05","slug":"ryggsekk-i-hamp-teal-sage-stor","status":"publish","type":"product","link":"https:\/\/aromasentia.com\/no\/ryggsekk-i-hamp-teal-sage-stor\/","title":{"rendered":"Ryggsekk I Hamp &#8211; Teal &#038; Sage Stor"},"content":{"rendered":"<p>Omfavn jordfarger med Large Boxy Hemp Backpack &#8211; Teal &#038; Sage. Denne praktiske og stilige ryggsekken er laget av slitesterk hamp og har en beroligende blanding av bl\u00e5gr\u00f8nn og dempet salviegr\u00f8nn. Den sjener\u00f8se boksformede designen gir rikelig med oppbevaringsplass for eiendelene dine, noe som gj\u00f8r den ideell til daglig bruk eller helgeeventyr. Med sine b\u00e6rekraftige materialer og behagelige brukskomfort er den en perfekt kombinasjon av milj\u00f8bevissthet, funksjonalitet og diskret, naturlig stil.<\/p>\n","protected":false},"excerpt":{"rendered":"<p>Omfavn jordfarger med Large Boxy Hemp Backpack &#8211; Teal &#038; Sage. Denne praktiske og stilige ryggsekken er laget av slitesterk hamp og har en beroligende blanding av bl\u00e5gr\u00f8nn og dempet salviegr\u00f8nn. Den sjener\u00f8se boksformede designen gir rikelig med oppbevaringsplass for eiendelene dine, noe som gj\u00f8r den ideell til daglig bruk eller helgeeventyr. Med sine b\u00e6rekraftige [&hellip;]<\/p>\n","protected":false},"featured_media":322563,"comment_status":"closed","ping_status":"open","template":"","meta":{"_angie_page":false},"product_brand":[],"product_cat":[25827,9195,9174],"product_tag":[],"class_list":{"0":"post-205770","1":"product","2":"type-product","3":"status-publish","4":"has-post-thumbnail","6":"product_cat-ryggsekker","7":"product_cat-slyngevesker-og-bomullsvesker-nepal","8":"product_cat-vesker-ryggsekker","9":"pa_collection-pure-hemp-and-cotton-bags-no","10":"pa_made-in-nepal","12":"first","13":"instock","14":"purchasable","15":"product-type-simple"},"supplier_id":null,"supplier_sku":"HempB-34","barcode":null,"atum_controlled":true,"out_stock_date":null,"out_stock_threshold":null,"inheritable":false,"inbound_stock":null,"stock_on_hold":0,"sold_today":0,"sales_last_days":0,"reserved_stock":null,"customer_returns":null,"warehouse_damage":null,"lost_in_post":null,"other_logs":null,"out_stock_days":0,"lost_sales":0,"has_location":null,"update_date":"2026-04-27T07:07:42","atum_locations":[],"atum_stock_status":"instock","restock_status":false,"low_stock_amount":"","sales_update_date":"2026-02-06T00:01:26","calc_backorders":null,"_links":{"self":[{"href":"https:\/\/aromasentia.com\/no\/wp-json\/wp\/v2\/product\/205770","targetHints":{"allow":["GET"]}}],"collection":[{"href":"https:\/\/aromasentia.com\/no\/wp-json\/wp\/v2\/product"}],"about":[{"href":"https:\/\/aromasentia.com\/no\/wp-json\/wp\/v2\/types\/product"}],"replies":[{"embeddable":true,"href":"https:\/\/aromasentia.com\/no\/wp-json\/wp\/v2\/comments?post=205770"}],"version-history":[{"count":0,"href":"https:\/\/aromasentia.com\/no\/wp-json\/wp\/v2\/product\/205770\/revisions"}],"wp:featuredmedia":[{"embeddable":true,"href":"https:\/\/aromasentia.com\/no\/wp-json\/wp\/v2\/media\/322563"}],"wp:attachment":[{"href":"https:\/\/aromasentia.com\/no\/wp-json\/wp\/v2\/media?parent=205770"}],"wp:term":[{"taxonomy":"product_brand","embeddable":true,"href":"https:\/\/aromasentia.com\/no\/wp-json\/wp\/v2\/product_brand?post=205770"},{"taxonomy":"product_cat","embeddable":true,"href":"https:\/\/aromasentia.com\/no\/wp-json\/wp\/v2\/product_cat?post=205770"},{"taxonomy":"product_tag","embeddable":true,"href":"https:\/\/aromasentia.com\/no\/wp-json\/wp\/v2\/product_tag?post=205770"}],"curies":[{"name":"wp","href":"https:\/\/api.w.org\/{rel}","templated":true}]}}