{"id":205769,"date":"2025-03-21T14:44:08","date_gmt":"2025-03-21T14:44:08","guid":{"rendered":"https:\/\/aromasentia.com\/product\/large-boxy-hemp-backpack-teal-tumeric\/"},"modified":"2025-05-31T02:16:02","modified_gmt":"2025-05-31T02:16:02","slug":"ryggsekk-i-hamp-teal-tumeric-stor","status":"publish","type":"product","link":"https:\/\/aromasentia.com\/no\/ryggsekk-i-hamp-teal-tumeric-stor\/","title":{"rendered":"Ryggsekk I Hamp &#8211; Teal &#038; Tumeric Stor"},"content":{"rendered":"<p>B\u00e6r det viktigste med deg i en levende, milj\u00f8vennlig stil med Large Boxy Hemp Backpack &#8211; Teal &#038; Tumeric. Denne romslige ryggsekken kombinerer slitesterkt hampestoff med en sl\u00e5ende fargekombinasjon av dyp bl\u00e5gr\u00f8nn og varm tumeric-gul. Den kasseformede silhuetten gir god plass til b\u00f8ker, en b\u00e6rbar datamaskin eller daglige n\u00f8dvendigheter, og de mange rommene gj\u00f8r det enklere \u00e5 holde orden. Et b\u00e6rekraftig og i\u00f8ynefallende valg for studenter, pendlere og alle som \u00f8nsker en robust ryggsekk med en unik farge.<\/p>\n","protected":false},"excerpt":{"rendered":"<p>B\u00e6r det viktigste med deg i en levende, milj\u00f8vennlig stil med Large Boxy Hemp Backpack &#8211; Teal &#038; Tumeric. Denne romslige ryggsekken kombinerer slitesterkt hampestoff med en sl\u00e5ende fargekombinasjon av dyp bl\u00e5gr\u00f8nn og varm tumeric-gul. Den kasseformede silhuetten gir god plass til b\u00f8ker, en b\u00e6rbar datamaskin eller daglige n\u00f8dvendigheter, og de mange rommene gj\u00f8r det [&hellip;]<\/p>\n","protected":false},"featured_media":322538,"comment_status":"closed","ping_status":"open","template":"","meta":{"_angie_page":false},"product_brand":[],"product_cat":[25827,9195,9174],"product_tag":[],"class_list":{"0":"post-205769","1":"product","2":"type-product","3":"status-publish","4":"has-post-thumbnail","6":"product_cat-ryggsekker","7":"product_cat-slyngevesker-og-bomullsvesker-nepal","8":"product_cat-vesker-ryggsekker","9":"pa_collection-pure-hemp-and-cotton-bags-no","10":"pa_made-in-nepal","12":"first","13":"instock","14":"purchasable","15":"product-type-simple"},"supplier_id":null,"supplier_sku":"HempB-33","barcode":null,"atum_controlled":true,"out_stock_date":null,"out_stock_threshold":null,"inheritable":false,"inbound_stock":null,"stock_on_hold":0,"sold_today":0,"sales_last_days":0,"reserved_stock":null,"customer_returns":null,"warehouse_damage":null,"lost_in_post":null,"other_logs":null,"out_stock_days":0,"lost_sales":0,"has_location":null,"update_date":"2026-04-27T07:07:42","atum_locations":[],"atum_stock_status":"instock","restock_status":false,"low_stock_amount":"","sales_update_date":"2026-01-30T01:25:00","calc_backorders":null,"_links":{"self":[{"href":"https:\/\/aromasentia.com\/no\/wp-json\/wp\/v2\/product\/205769","targetHints":{"allow":["GET"]}}],"collection":[{"href":"https:\/\/aromasentia.com\/no\/wp-json\/wp\/v2\/product"}],"about":[{"href":"https:\/\/aromasentia.com\/no\/wp-json\/wp\/v2\/types\/product"}],"replies":[{"embeddable":true,"href":"https:\/\/aromasentia.com\/no\/wp-json\/wp\/v2\/comments?post=205769"}],"version-history":[{"count":0,"href":"https:\/\/aromasentia.com\/no\/wp-json\/wp\/v2\/product\/205769\/revisions"}],"wp:featuredmedia":[{"embeddable":true,"href":"https:\/\/aromasentia.com\/no\/wp-json\/wp\/v2\/media\/322538"}],"wp:attachment":[{"href":"https:\/\/aromasentia.com\/no\/wp-json\/wp\/v2\/media?parent=205769"}],"wp:term":[{"taxonomy":"product_brand","embeddable":true,"href":"https:\/\/aromasentia.com\/no\/wp-json\/wp\/v2\/product_brand?post=205769"},{"taxonomy":"product_cat","embeddable":true,"href":"https:\/\/aromasentia.com\/no\/wp-json\/wp\/v2\/product_cat?post=205769"},{"taxonomy":"product_tag","embeddable":true,"href":"https:\/\/aromasentia.com\/no\/wp-json\/wp\/v2\/product_tag?post=205769"}],"curies":[{"name":"wp","href":"https:\/\/api.w.org\/{rel}","templated":true}]}}