{"id":205749,"date":"2025-03-21T14:44:12","date_gmt":"2025-03-21T14:44:12","guid":{"rendered":"https:\/\/aromasentia.com\/product\/patched-hemp-cotton-boho-festival-hat-natural\/"},"modified":"2025-05-31T02:14:20","modified_gmt":"2025-05-31T02:14:20","slug":"festivalhatt-i-lappet-hamp-og-bomull-naturlig","status":"publish","type":"product","link":"https:\/\/aromasentia.com\/no\/festivalhatt-i-lappet-hamp-og-bomull-naturlig\/","title":{"rendered":"Festivalhatt I Lappet Hamp Og Bomull &#8211; Naturlig"},"content":{"rendered":"<p><span style=\"color: rgb(75, 80, 88);\"><strong>Oppdag en fantastisk kolleksjon av bohemske festivalhatter i hamp og bomull,<\/strong> perfekte for \u00e5 legge til et snev av sommerlig stil til butikkens utvalg!<\/span><\/p>\n<p><span style=\"color: rgb(75, 80, 88);\">Slipp l\u00f8s sjarmen til den rustikke enkelheten med disse <strong>lappede bohemske festivalhattene i hamp og bomull i naturlig farge.<\/strong> De naturlige fargetonene og det lappede designet skaper et tidl\u00f8st, bohemsk utseende som er perfekt for ethvert sommereventyr. Disse hattene er laget med omhu, og er ikke bare stilige, men ogs\u00e5 milj\u00f8vennlige, og tilbyr kundene dine et b\u00e6rekraftig motevalg for deres utend\u00f8rseventyr.<\/span> <\/p>\n","protected":false},"excerpt":{"rendered":"<p>Oppdag en fantastisk kolleksjon av bohemske festivalhatter i hamp og bomull, perfekte for \u00e5 legge til et snev av sommerlig stil til butikkens utvalg! Slipp l\u00f8s sjarmen til den rustikke enkelheten med disse lappede bohemske festivalhattene i hamp og bomull i naturlig farge. De naturlige fargetonene og det lappede designet skaper et tidl\u00f8st, bohemsk utseende [&hellip;]<\/p>\n","protected":false},"featured_media":323046,"comment_status":"closed","ping_status":"open","template":"","meta":[],"product_brand":[],"product_cat":[26620,25834],"product_tag":[],"class_list":{"0":"post-205749","1":"product","2":"type-product","3":"status-publish","4":"has-post-thumbnail","6":"product_cat-hatter-og-luer","7":"product_cat-klaer","8":"pa_collection-hemp-and-cotton-hats-no","9":"pa_made-in-nepal","11":"first","12":"instock","13":"purchasable","14":"product-type-simple"},"supplier_id":null,"supplier_sku":"HempH-03","barcode":null,"atum_controlled":true,"out_stock_date":null,"out_stock_threshold":null,"inheritable":false,"inbound_stock":null,"stock_on_hold":0,"sold_today":0,"sales_last_days":0,"reserved_stock":null,"customer_returns":null,"warehouse_damage":null,"lost_in_post":null,"other_logs":null,"out_stock_days":0,"lost_sales":0,"has_location":null,"update_date":"2026-01-30T15:27:01","atum_locations":[],"atum_stock_status":"instock","restock_status":false,"low_stock_amount":"","sales_update_date":"2026-01-30T01:25:29","calc_backorders":null,"_links":{"self":[{"href":"https:\/\/aromasentia.com\/no\/wp-json\/wp\/v2\/product\/205749","targetHints":{"allow":["GET"]}}],"collection":[{"href":"https:\/\/aromasentia.com\/no\/wp-json\/wp\/v2\/product"}],"about":[{"href":"https:\/\/aromasentia.com\/no\/wp-json\/wp\/v2\/types\/product"}],"replies":[{"embeddable":true,"href":"https:\/\/aromasentia.com\/no\/wp-json\/wp\/v2\/comments?post=205749"}],"version-history":[{"count":0,"href":"https:\/\/aromasentia.com\/no\/wp-json\/wp\/v2\/product\/205749\/revisions"}],"wp:featuredmedia":[{"embeddable":true,"href":"https:\/\/aromasentia.com\/no\/wp-json\/wp\/v2\/media\/323046"}],"wp:attachment":[{"href":"https:\/\/aromasentia.com\/no\/wp-json\/wp\/v2\/media?parent=205749"}],"wp:term":[{"taxonomy":"product_brand","embeddable":true,"href":"https:\/\/aromasentia.com\/no\/wp-json\/wp\/v2\/product_brand?post=205749"},{"taxonomy":"product_cat","embeddable":true,"href":"https:\/\/aromasentia.com\/no\/wp-json\/wp\/v2\/product_cat?post=205749"},{"taxonomy":"product_tag","embeddable":true,"href":"https:\/\/aromasentia.com\/no\/wp-json\/wp\/v2\/product_tag?post=205749"}],"curies":[{"name":"wp","href":"https:\/\/api.w.org\/{rel}","templated":true}]}}