{"id":205748,"date":"2025-03-21T14:44:12","date_gmt":"2025-03-21T14:44:12","guid":{"rendered":"https:\/\/aromasentia.com\/product\/hand-knited-hemp-cotton-boho-festival-hat-rainbow\/"},"modified":"2025-05-31T02:14:18","modified_gmt":"2025-05-31T02:14:18","slug":"handstrikket-festivalhatt-i-hamp-og-bomull-regnbue","status":"publish","type":"product","link":"https:\/\/aromasentia.com\/no\/handstrikket-festivalhatt-i-hamp-og-bomull-regnbue\/","title":{"rendered":"H\u00e5ndstrikket Festivalhatt I Hamp Og Bomull &#8211; Regnbue"},"content":{"rendered":"<p><span style=\"color: rgb(75, 80, 88);\"><strong>Oppdag en fantastisk kolleksjon av bohemske festivalhatter i hamp og bomull,<\/strong> perfekte for \u00e5 gi butikkens utvalg et snev av sommerlig stil!<\/span><\/p>\n<p><span style=\"color: rgb(75, 80, 88);\">Legg til et fargerikt preg i sommerkolleksjonen din med disse <strong>h\u00e5ndstrikkede bohemske festivalhattene i hamp og bomull i regnbuefarget<\/strong>. Hver hatt er et levende mesterverk, h\u00e5ndstrikket for \u00e5 utstr\u00e5le festlighets\u00e5nd. Med et fargerikt utvalg er disse hattene perfekte for de som s\u00f8ker et snev av innfall og individualitet. Kundene dine vil elske hvordan disse hattene lyser opp sommerantrekket sitt og bringer glede til enhver festival eller stranddag.<\/span> <\/p>\n","protected":false},"excerpt":{"rendered":"<p>Oppdag en fantastisk kolleksjon av bohemske festivalhatter i hamp og bomull, perfekte for \u00e5 gi butikkens utvalg et snev av sommerlig stil! Legg til et fargerikt preg i sommerkolleksjonen din med disse h\u00e5ndstrikkede bohemske festivalhattene i hamp og bomull i regnbuefarget. Hver hatt er et levende mesterverk, h\u00e5ndstrikket for \u00e5 utstr\u00e5le festlighets\u00e5nd. Med et fargerikt [&hellip;]<\/p>\n","protected":false},"featured_media":323013,"comment_status":"closed","ping_status":"open","template":"","meta":[],"product_brand":[],"product_cat":[26620,25834],"product_tag":[],"class_list":{"0":"post-205748","1":"product","2":"type-product","3":"status-publish","4":"has-post-thumbnail","6":"product_cat-hatter-og-luer","7":"product_cat-klaer","8":"pa_collection-hemp-and-cotton-hats-no","9":"pa_made-in-nepal","11":"first","12":"instock","13":"purchasable","14":"product-type-simple"},"supplier_id":null,"supplier_sku":"HempH-02","barcode":null,"atum_controlled":true,"out_stock_date":null,"out_stock_threshold":null,"inheritable":false,"inbound_stock":null,"stock_on_hold":0,"sold_today":0,"sales_last_days":0,"reserved_stock":null,"customer_returns":null,"warehouse_damage":null,"lost_in_post":null,"other_logs":null,"out_stock_days":0,"lost_sales":0,"has_location":null,"update_date":"2026-01-30T15:28:03","atum_locations":[],"atum_stock_status":"instock","restock_status":false,"low_stock_amount":"","sales_update_date":"2026-01-20T05:13:40","calc_backorders":null,"_links":{"self":[{"href":"https:\/\/aromasentia.com\/no\/wp-json\/wp\/v2\/product\/205748","targetHints":{"allow":["GET"]}}],"collection":[{"href":"https:\/\/aromasentia.com\/no\/wp-json\/wp\/v2\/product"}],"about":[{"href":"https:\/\/aromasentia.com\/no\/wp-json\/wp\/v2\/types\/product"}],"replies":[{"embeddable":true,"href":"https:\/\/aromasentia.com\/no\/wp-json\/wp\/v2\/comments?post=205748"}],"version-history":[{"count":0,"href":"https:\/\/aromasentia.com\/no\/wp-json\/wp\/v2\/product\/205748\/revisions"}],"wp:featuredmedia":[{"embeddable":true,"href":"https:\/\/aromasentia.com\/no\/wp-json\/wp\/v2\/media\/323013"}],"wp:attachment":[{"href":"https:\/\/aromasentia.com\/no\/wp-json\/wp\/v2\/media?parent=205748"}],"wp:term":[{"taxonomy":"product_brand","embeddable":true,"href":"https:\/\/aromasentia.com\/no\/wp-json\/wp\/v2\/product_brand?post=205748"},{"taxonomy":"product_cat","embeddable":true,"href":"https:\/\/aromasentia.com\/no\/wp-json\/wp\/v2\/product_cat?post=205748"},{"taxonomy":"product_tag","embeddable":true,"href":"https:\/\/aromasentia.com\/no\/wp-json\/wp\/v2\/product_tag?post=205748"}],"curies":[{"name":"wp","href":"https:\/\/api.w.org\/{rel}","templated":true}]}}