{"id":205746,"date":"2025-03-21T14:44:12","date_gmt":"2025-03-21T14:44:12","guid":{"rendered":"https:\/\/aromasentia.com\/product\/extra-pure-hemp-bum-fanny-bag\/"},"modified":"2025-05-31T02:14:05","modified_gmt":"2025-05-31T02:14:05","slug":"bum-fanny-bag-i-ekstra-ren-hamp","status":"publish","type":"product","link":"https:\/\/aromasentia.com\/no\/bum-fanny-bag-i-ekstra-ren-hamp\/","title":{"rendered":"Bum\/Fanny Bag I Ekstra Ren Hamp"},"content":{"rendered":"<p>G\u00e5 for det helt naturlige med denne Extra Pure Hemp Bum\/Fanny Bag. Denne beltevesken er laget av 100 % ren hamp, og legger vekt p\u00e5 b\u00e6rekraft og holdbarhet. Den robuste konstruksjonen og de naturlige fibrene gj\u00f8r den til et eksepsjonelt milj\u00f8vennlig valg for h\u00e5ndfri transport av de viktigste tingene dine. Den er perfekt for milj\u00f8bevisste personer og har et rustikt, jordn\u00e6rt utseende kombinert med den praktiske bekvemmeligheten til en magepose for alle dine eventyr, store som sm\u00e5, og s\u00f8rger for at tingene dine er sikre.<\/p>\n","protected":false},"excerpt":{"rendered":"<p>G\u00e5 for det helt naturlige med denne Extra Pure Hemp Bum\/Fanny Bag. Denne beltevesken er laget av 100 % ren hamp, og legger vekt p\u00e5 b\u00e6rekraft og holdbarhet. Den robuste konstruksjonen og de naturlige fibrene gj\u00f8r den til et eksepsjonelt milj\u00f8vennlig valg for h\u00e5ndfri transport av de viktigste tingene dine. Den er perfekt for milj\u00f8bevisste [&hellip;]<\/p>\n","protected":false},"featured_media":322979,"comment_status":"closed","ping_status":"open","template":"","meta":{"_angie_page":false},"product_brand":[],"product_cat":[9195,9174],"product_tag":[],"class_list":{"0":"post-205746","1":"product","2":"type-product","3":"status-publish","4":"has-post-thumbnail","6":"product_cat-slyngevesker-og-bomullsvesker-nepal","7":"product_cat-vesker-ryggsekker","8":"pa_collection-pure-hemp-and-cotton-bags-no","9":"pa_made-in-nepal","11":"first","12":"instock","13":"purchasable","14":"product-type-simple"},"supplier_id":null,"supplier_sku":"HempB-50","barcode":null,"atum_controlled":true,"out_stock_date":null,"out_stock_threshold":null,"inheritable":false,"inbound_stock":null,"stock_on_hold":0,"sold_today":0,"sales_last_days":0,"reserved_stock":null,"customer_returns":null,"warehouse_damage":null,"lost_in_post":null,"other_logs":null,"out_stock_days":0,"lost_sales":0,"has_location":null,"update_date":"2026-04-27T07:07:04","atum_locations":[],"atum_stock_status":"instock","restock_status":false,"low_stock_amount":"","sales_update_date":"2026-01-30T01:24:47","calc_backorders":null,"_links":{"self":[{"href":"https:\/\/aromasentia.com\/no\/wp-json\/wp\/v2\/product\/205746","targetHints":{"allow":["GET"]}}],"collection":[{"href":"https:\/\/aromasentia.com\/no\/wp-json\/wp\/v2\/product"}],"about":[{"href":"https:\/\/aromasentia.com\/no\/wp-json\/wp\/v2\/types\/product"}],"replies":[{"embeddable":true,"href":"https:\/\/aromasentia.com\/no\/wp-json\/wp\/v2\/comments?post=205746"}],"version-history":[{"count":0,"href":"https:\/\/aromasentia.com\/no\/wp-json\/wp\/v2\/product\/205746\/revisions"}],"wp:featuredmedia":[{"embeddable":true,"href":"https:\/\/aromasentia.com\/no\/wp-json\/wp\/v2\/media\/322979"}],"wp:attachment":[{"href":"https:\/\/aromasentia.com\/no\/wp-json\/wp\/v2\/media?parent=205746"}],"wp:term":[{"taxonomy":"product_brand","embeddable":true,"href":"https:\/\/aromasentia.com\/no\/wp-json\/wp\/v2\/product_brand?post=205746"},{"taxonomy":"product_cat","embeddable":true,"href":"https:\/\/aromasentia.com\/no\/wp-json\/wp\/v2\/product_cat?post=205746"},{"taxonomy":"product_tag","embeddable":true,"href":"https:\/\/aromasentia.com\/no\/wp-json\/wp\/v2\/product_tag?post=205746"}],"curies":[{"name":"wp","href":"https:\/\/api.w.org\/{rel}","templated":true}]}}