{"id":205745,"date":"2025-03-21T14:44:12","date_gmt":"2025-03-21T14:44:12","guid":{"rendered":"https:\/\/aromasentia.com\/product\/cotton-hemp-style-belt-or-fanny-bag-blue\/"},"modified":"2025-05-31T02:14:03","modified_gmt":"2025-05-31T02:14:03","slug":"belteveske-eller-mageveske-i-bomullshamp-bla","status":"publish","type":"product","link":"https:\/\/aromasentia.com\/no\/belteveske-eller-mageveske-i-bomullshamp-bla\/","title":{"rendered":"Belteveske (Eller Mageveske) I Bomullshamp &#8211; Bl\u00e5"},"content":{"rendered":"<p>Hold det viktigste i n\u00e6rheten med denne beltevesken (eller rumpebagen) i bomullshamp &#8211; bl\u00e5. Denne praktiske beltevesken i en allsidig bl\u00e5 nyanse kombinerer den uformelle komforten til bomull med en robust, hampinspirert estetikk. Den er designet for \u00e5 b\u00e6res rundt midjen, og rommer telefon, n\u00f8kler og andre sm\u00e5ting p\u00e5 en sikker m\u00e5te, slik at du har hendene frie. Den er en ideell f\u00f8lgesvenn til festivaler, turer eller hverdagslige gj\u00f8rem\u00e5l, og tilbyr praktisk oppbevaring med et snev av kul, uformell stil.<\/p>\n","protected":false},"excerpt":{"rendered":"<p>Hold det viktigste i n\u00e6rheten med denne beltevesken (eller rumpebagen) i bomullshamp &#8211; bl\u00e5. Denne praktiske beltevesken i en allsidig bl\u00e5 nyanse kombinerer den uformelle komforten til bomull med en robust, hampinspirert estetikk. Den er designet for \u00e5 b\u00e6res rundt midjen, og rommer telefon, n\u00f8kler og andre sm\u00e5ting p\u00e5 en sikker m\u00e5te, slik at du [&hellip;]<\/p>\n","protected":false},"featured_media":322962,"comment_status":"closed","ping_status":"open","template":"","meta":{"_angie_page":false},"product_brand":[],"product_cat":[9195,9174],"product_tag":[],"class_list":{"0":"post-205745","1":"product","2":"type-product","3":"status-publish","4":"has-post-thumbnail","6":"product_cat-slyngevesker-og-bomullsvesker-nepal","7":"product_cat-vesker-ryggsekker","8":"pa_collection-pure-hemp-and-cotton-bags-no","9":"pa_made-in-nepal","11":"first","12":"instock","13":"purchasable","14":"product-type-simple"},"supplier_id":null,"supplier_sku":"HempB-49","barcode":null,"atum_controlled":true,"out_stock_date":null,"out_stock_threshold":null,"inheritable":false,"inbound_stock":null,"stock_on_hold":0,"sold_today":0,"sales_last_days":0,"reserved_stock":null,"customer_returns":null,"warehouse_damage":null,"lost_in_post":null,"other_logs":null,"out_stock_days":0,"lost_sales":0,"has_location":null,"update_date":"2026-05-08T05:10:48","atum_locations":[],"atum_stock_status":"instock","restock_status":false,"low_stock_amount":"","sales_update_date":"2026-01-30T01:24:31","calc_backorders":null,"_links":{"self":[{"href":"https:\/\/aromasentia.com\/no\/wp-json\/wp\/v2\/product\/205745","targetHints":{"allow":["GET"]}}],"collection":[{"href":"https:\/\/aromasentia.com\/no\/wp-json\/wp\/v2\/product"}],"about":[{"href":"https:\/\/aromasentia.com\/no\/wp-json\/wp\/v2\/types\/product"}],"replies":[{"embeddable":true,"href":"https:\/\/aromasentia.com\/no\/wp-json\/wp\/v2\/comments?post=205745"}],"version-history":[{"count":0,"href":"https:\/\/aromasentia.com\/no\/wp-json\/wp\/v2\/product\/205745\/revisions"}],"wp:featuredmedia":[{"embeddable":true,"href":"https:\/\/aromasentia.com\/no\/wp-json\/wp\/v2\/media\/322962"}],"wp:attachment":[{"href":"https:\/\/aromasentia.com\/no\/wp-json\/wp\/v2\/media?parent=205745"}],"wp:term":[{"taxonomy":"product_brand","embeddable":true,"href":"https:\/\/aromasentia.com\/no\/wp-json\/wp\/v2\/product_brand?post=205745"},{"taxonomy":"product_cat","embeddable":true,"href":"https:\/\/aromasentia.com\/no\/wp-json\/wp\/v2\/product_cat?post=205745"},{"taxonomy":"product_tag","embeddable":true,"href":"https:\/\/aromasentia.com\/no\/wp-json\/wp\/v2\/product_tag?post=205745"}],"curies":[{"name":"wp","href":"https:\/\/api.w.org\/{rel}","templated":true}]}}