{"id":205743,"date":"2025-03-21T14:44:12","date_gmt":"2025-03-21T14:44:12","guid":{"rendered":"https:\/\/aromasentia.com\/product\/cotton-hemp-style-belt-or-fanny-bag-sage\/"},"modified":"2025-05-31T02:13:58","modified_gmt":"2025-05-31T02:13:58","slug":"belteveske-eller-mageveske-i-bomullshamp-sage","status":"publish","type":"product","link":"https:\/\/aromasentia.com\/no\/belteveske-eller-mageveske-i-bomullshamp-sage\/","title":{"rendered":"Belteveske (Eller Mageveske) I Bomullshamp &#8211; Sage"},"content":{"rendered":"<p>B\u00e6r det du trenger med deg i denne beltevesken (eller rumpebagen) i bomullshamp &#8211; Sage. Denne funksjonelle beltevesken i en beroligende salviegr\u00f8nn farge har en blanding av bomullskomfort og hampelignende slitestyrke. Den er designet for \u00e5 b\u00e6res rundt midjen, og holder telefonen, lommeboken og n\u00f8klene sikre og lett tilgjengelige. Den er ideell for aktive dager, reiser eller n\u00e5r du vil ha hendene fri, og kombinerer praktisk design med et snev av jordn\u00e6re, naturlige farger.<\/p>\n","protected":false},"excerpt":{"rendered":"<p>B\u00e6r det du trenger med deg i denne beltevesken (eller rumpebagen) i bomullshamp &#8211; Sage. Denne funksjonelle beltevesken i en beroligende salviegr\u00f8nn farge har en blanding av bomullskomfort og hampelignende slitestyrke. Den er designet for \u00e5 b\u00e6res rundt midjen, og holder telefonen, lommeboken og n\u00f8klene sikre og lett tilgjengelige. Den er ideell for aktive dager, [&hellip;]<\/p>\n","protected":false},"featured_media":322928,"comment_status":"closed","ping_status":"open","template":"","meta":[],"product_brand":[],"product_cat":[9195,9174],"product_tag":[],"class_list":{"0":"post-205743","1":"product","2":"type-product","3":"status-publish","4":"has-post-thumbnail","6":"product_cat-slyngevesker-og-bomullsvesker-nepal","7":"product_cat-vesker-ryggsekker","8":"pa_collection-pure-hemp-and-cotton-bags-no","9":"pa_made-in-nepal","11":"first","12":"instock","13":"purchasable","14":"product-type-simple"},"supplier_id":null,"supplier_sku":"HempB-47","barcode":null,"atum_controlled":true,"out_stock_date":null,"out_stock_threshold":null,"inheritable":false,"inbound_stock":null,"stock_on_hold":0,"sold_today":0,"sales_last_days":0,"reserved_stock":null,"customer_returns":null,"warehouse_damage":null,"lost_in_post":null,"other_logs":null,"out_stock_days":0,"lost_sales":0,"has_location":null,"update_date":"2026-02-05T22:33:37","atum_locations":[],"atum_stock_status":"instock","restock_status":false,"low_stock_amount":"","sales_update_date":"2026-01-30T01:24:48","calc_backorders":null,"_links":{"self":[{"href":"https:\/\/aromasentia.com\/no\/wp-json\/wp\/v2\/product\/205743","targetHints":{"allow":["GET"]}}],"collection":[{"href":"https:\/\/aromasentia.com\/no\/wp-json\/wp\/v2\/product"}],"about":[{"href":"https:\/\/aromasentia.com\/no\/wp-json\/wp\/v2\/types\/product"}],"replies":[{"embeddable":true,"href":"https:\/\/aromasentia.com\/no\/wp-json\/wp\/v2\/comments?post=205743"}],"version-history":[{"count":0,"href":"https:\/\/aromasentia.com\/no\/wp-json\/wp\/v2\/product\/205743\/revisions"}],"wp:featuredmedia":[{"embeddable":true,"href":"https:\/\/aromasentia.com\/no\/wp-json\/wp\/v2\/media\/322928"}],"wp:attachment":[{"href":"https:\/\/aromasentia.com\/no\/wp-json\/wp\/v2\/media?parent=205743"}],"wp:term":[{"taxonomy":"product_brand","embeddable":true,"href":"https:\/\/aromasentia.com\/no\/wp-json\/wp\/v2\/product_brand?post=205743"},{"taxonomy":"product_cat","embeddable":true,"href":"https:\/\/aromasentia.com\/no\/wp-json\/wp\/v2\/product_cat?post=205743"},{"taxonomy":"product_tag","embeddable":true,"href":"https:\/\/aromasentia.com\/no\/wp-json\/wp\/v2\/product_tag?post=205743"}],"curies":[{"name":"wp","href":"https:\/\/api.w.org\/{rel}","templated":true}]}}