{"id":205742,"date":"2025-03-21T14:44:12","date_gmt":"2025-03-21T14:44:12","guid":{"rendered":"https:\/\/aromasentia.com\/product\/cotton-hemp-style-belt-or-fanny-bag-natural\/"},"modified":"2025-05-31T02:13:55","modified_gmt":"2025-05-31T02:13:55","slug":"belteveske-eller-mageveske-i-bomullshamp-naturell","status":"publish","type":"product","link":"https:\/\/aromasentia.com\/no\/belteveske-eller-mageveske-i-bomullshamp-naturell\/","title":{"rendered":"Belteveske (Eller Mageveske) I Bomullshamp &#8211; Naturell"},"content":{"rendered":"<p>Med denne beltevesken (eller magebagen) i bomullshamp &#8211; natur. Denne beltevesken er laget i en naturlig, ufarget fargetone og kombinerer hampens utseende med bomullens mykhet, noe som gir en komfortabel og praktisk m\u00e5te \u00e5 b\u00e6re det viktigste p\u00e5. Perfekt for reiser, festivaler eller hverdagslige \u00e6rend, og holder verdisakene dine sikre og tilgjengelige rundt midjen. Et milj\u00f8inspirert og allsidig tilbeh\u00f8r for deg som setter pris p\u00e5 praktisk funksjonalitet og diskr\u00e9 stil.<\/p>\n","protected":false},"excerpt":{"rendered":"<p>Med denne beltevesken (eller magebagen) i bomullshamp &#8211; natur. Denne beltevesken er laget i en naturlig, ufarget fargetone og kombinerer hampens utseende med bomullens mykhet, noe som gir en komfortabel og praktisk m\u00e5te \u00e5 b\u00e6re det viktigste p\u00e5. Perfekt for reiser, festivaler eller hverdagslige \u00e6rend, og holder verdisakene dine sikre og tilgjengelige rundt midjen. Et [&hellip;]<\/p>\n","protected":false},"featured_media":322895,"comment_status":"closed","ping_status":"open","template":"","meta":{"_angie_page":false},"product_brand":[],"product_cat":[9195,9174],"product_tag":[],"class_list":{"0":"post-205742","1":"product","2":"type-product","3":"status-publish","4":"has-post-thumbnail","6":"product_cat-slyngevesker-og-bomullsvesker-nepal","7":"product_cat-vesker-ryggsekker","8":"pa_collection-pure-hemp-and-cotton-bags-no","9":"pa_made-in-nepal","11":"first","12":"instock","13":"purchasable","14":"product-type-simple"},"supplier_id":null,"supplier_sku":"HempB-46","barcode":null,"atum_controlled":true,"out_stock_date":null,"out_stock_threshold":null,"inheritable":false,"inbound_stock":null,"stock_on_hold":0,"sold_today":0,"sales_last_days":0,"reserved_stock":null,"customer_returns":null,"warehouse_damage":null,"lost_in_post":null,"other_logs":null,"out_stock_days":0,"lost_sales":0,"has_location":null,"update_date":"2026-05-04T00:03:56","atum_locations":[],"atum_stock_status":"instock","restock_status":false,"low_stock_amount":"","sales_update_date":"2026-01-30T01:24:39","calc_backorders":null,"_links":{"self":[{"href":"https:\/\/aromasentia.com\/no\/wp-json\/wp\/v2\/product\/205742","targetHints":{"allow":["GET"]}}],"collection":[{"href":"https:\/\/aromasentia.com\/no\/wp-json\/wp\/v2\/product"}],"about":[{"href":"https:\/\/aromasentia.com\/no\/wp-json\/wp\/v2\/types\/product"}],"replies":[{"embeddable":true,"href":"https:\/\/aromasentia.com\/no\/wp-json\/wp\/v2\/comments?post=205742"}],"version-history":[{"count":0,"href":"https:\/\/aromasentia.com\/no\/wp-json\/wp\/v2\/product\/205742\/revisions"}],"wp:featuredmedia":[{"embeddable":true,"href":"https:\/\/aromasentia.com\/no\/wp-json\/wp\/v2\/media\/322895"}],"wp:attachment":[{"href":"https:\/\/aromasentia.com\/no\/wp-json\/wp\/v2\/media?parent=205742"}],"wp:term":[{"taxonomy":"product_brand","embeddable":true,"href":"https:\/\/aromasentia.com\/no\/wp-json\/wp\/v2\/product_brand?post=205742"},{"taxonomy":"product_cat","embeddable":true,"href":"https:\/\/aromasentia.com\/no\/wp-json\/wp\/v2\/product_cat?post=205742"},{"taxonomy":"product_tag","embeddable":true,"href":"https:\/\/aromasentia.com\/no\/wp-json\/wp\/v2\/product_tag?post=205742"}],"curies":[{"name":"wp","href":"https:\/\/api.w.org\/{rel}","templated":true}]}}