{"id":205740,"date":"2025-03-21T14:44:18","date_gmt":"2025-03-21T14:44:18","guid":{"rendered":"https:\/\/aromasentia.com\/product\/hop-hare-pouch-i-am-magical\/"},"modified":"2025-05-31T02:13:51","modified_gmt":"2025-05-31T02:13:51","slug":"hop-hare-pouch-jeg-er-magisk","status":"publish","type":"product","link":"https:\/\/aromasentia.com\/no\/hop-hare-pouch-jeg-er-magisk\/","title":{"rendered":"Hop Hare Pouch &#8211; Jeg Er Magisk"},"content":{"rendered":"<p><span style=\"color: rgb(75, 80, 88);\"><strong>Omfavn fortryllelsen med \u00abJeg er magisk\u00bb Hop Hare-posen.<\/strong><\/span><\/p>\n<p><span style=\"color: rgb(75, 80, 88);\">Denne sjarmerende posen er ikke bare praktisk, men inspirerer ogs\u00e5 til undring og fantasi med sin gripende bekreftelse. Laget av b\u00e6rekraftig jute, er den perfekt for \u00e5 oppbevare sm\u00e5 minner eller kosmetikk, og gir et snev av magi til det hverdagslige.<\/span><\/p>\n<p><span style=\"color: rgb(75, 80, 88);\">Samle den med badeprodukter for en spa-tema kurv, fyll den med godteri og sjokolade for en oppfriskende gave, eller kombiner den med en motiverende bok eller dagbok. Mulighetene er uendelige! &nbsp;<\/span><\/p>\n<p><span style=\"farge: rgb(75, 80, 88);\"><strong>M\u00e5l:<\/strong><\/span><\/p>\n<p><span style=\"farge: rgb(75, 80, 88);\">19 x 12 x 4,5 cm<\/span><\/p>\n","protected":false},"excerpt":{"rendered":"<p>Omfavn fortryllelsen med \u00abJeg er magisk\u00bb Hop Hare-posen. Denne sjarmerende posen er ikke bare praktisk, men inspirerer ogs\u00e5 til undring og fantasi med sin gripende bekreftelse. Laget av b\u00e6rekraftig jute, er den perfekt for \u00e5 oppbevare sm\u00e5 minner eller kosmetikk, og gir et snev av magi til det hverdagslige. Samle den med badeprodukter for en [&hellip;]<\/p>\n","protected":false},"featured_media":323435,"comment_status":"closed","ping_status":"open","template":"","meta":{"_angie_page":false},"product_brand":[27114],"product_cat":[9173,9174],"product_tag":[],"class_list":{"0":"post-205740","1":"product","2":"type-product","3":"status-publish","4":"has-post-thumbnail","6":"product_brand-hop-hare","7":"product_cat-okologiske-vesker","8":"product_cat-vesker-ryggsekker","9":"pa_collection-hop-hare-pouches-no","10":"pa_made-in-india","12":"first","13":"instock","14":"purchasable","15":"product-type-simple"},"supplier_id":null,"supplier_sku":"HHP-03","barcode":null,"atum_controlled":true,"out_stock_date":null,"out_stock_threshold":null,"inheritable":false,"inbound_stock":null,"stock_on_hold":0,"sold_today":0,"sales_last_days":0,"reserved_stock":null,"customer_returns":null,"warehouse_damage":null,"lost_in_post":null,"other_logs":null,"out_stock_days":0,"lost_sales":0,"has_location":null,"update_date":"2026-04-27T07:07:27","atum_locations":[],"atum_stock_status":"instock","restock_status":false,"low_stock_amount":"","sales_update_date":"2025-09-04T00:18:02","calc_backorders":null,"_links":{"self":[{"href":"https:\/\/aromasentia.com\/no\/wp-json\/wp\/v2\/product\/205740","targetHints":{"allow":["GET"]}}],"collection":[{"href":"https:\/\/aromasentia.com\/no\/wp-json\/wp\/v2\/product"}],"about":[{"href":"https:\/\/aromasentia.com\/no\/wp-json\/wp\/v2\/types\/product"}],"replies":[{"embeddable":true,"href":"https:\/\/aromasentia.com\/no\/wp-json\/wp\/v2\/comments?post=205740"}],"version-history":[{"count":0,"href":"https:\/\/aromasentia.com\/no\/wp-json\/wp\/v2\/product\/205740\/revisions"}],"wp:featuredmedia":[{"embeddable":true,"href":"https:\/\/aromasentia.com\/no\/wp-json\/wp\/v2\/media\/323435"}],"wp:attachment":[{"href":"https:\/\/aromasentia.com\/no\/wp-json\/wp\/v2\/media?parent=205740"}],"wp:term":[{"taxonomy":"product_brand","embeddable":true,"href":"https:\/\/aromasentia.com\/no\/wp-json\/wp\/v2\/product_brand?post=205740"},{"taxonomy":"product_cat","embeddable":true,"href":"https:\/\/aromasentia.com\/no\/wp-json\/wp\/v2\/product_cat?post=205740"},{"taxonomy":"product_tag","embeddable":true,"href":"https:\/\/aromasentia.com\/no\/wp-json\/wp\/v2\/product_tag?post=205740"}],"curies":[{"name":"wp","href":"https:\/\/api.w.org\/{rel}","templated":true}]}}