{"id":205730,"date":"2025-03-21T14:44:18","date_gmt":"2025-03-21T14:44:18","guid":{"rendered":"https:\/\/aromasentia.com\/product\/hop-hare-tote-bag-i-am-loved-10oz-cotton-canvas\/"},"modified":"2025-05-31T02:13:15","modified_gmt":"2025-05-31T02:13:15","slug":"hop-hare-totebag-baereveske-i-am-loved-10-oz-bomullslerret","status":"publish","type":"product","link":"https:\/\/aromasentia.com\/no\/hop-hare-totebag-baereveske-i-am-loved-10-oz-bomullslerret\/","title":{"rendered":"Hop Hare Totebag \/ B\u00e6reveske &#8211; I Am Loved &#8211; 10 Oz Bomullslerret"},"content":{"rendered":"<p><strong><span style=\"color: rgb(75, 80, 88);\">F\u00f8l varmen av universell hengivenhet med \u00abJeg er elsket\u00bb Tarot-bomullsposen.<\/span><\/strong><\/p>\n<p><span style=\"color: rgb(75, 80, 88);\">Denne posen er utsmykket med hjertevarmende tarot-illustrasjoner som minner deg om kj\u00e6rligheten som omgir deg. Ideell for daglige n\u00f8dvendigheter eller spesielle minner som trenger et snev av omsorg og kj\u00e6rlighet.<\/span><\/p>\n<p><span style=\"color: rgb(75, 80, 88);\"><strong>Perfekt for metafysiske butikker, holistiske sentre og ethvert detaljhandelslokale som har som m\u00e5l \u00e5 tilby produkter som blander stil, spiritualitet og b\u00e6rekraft.<\/strong>&nbsp;<\/span><\/p>\n<p><span style=\"color: rgb(75, 80, 88);\"><strong>M\u00e5l:<\/strong><\/span><\/p>\n<p><span style=\"color: rgb(75, 80, 88);\">H\u00f8yde: 42 cm<\/span><\/p>\n<p><span style=\"color: rgb(75, 80, 88);\">Lengde: 39 cm<\/span><\/p>\n<p><span style=\"color: rgb(75, 80, 88);\">Bredde; 13 cm<\/span><\/p>\n<p><span style=\"color: rgb(75, 80, 88);\">H\u00e5ndtakslengde: 30 cm<\/span><\/p>\n","protected":false},"excerpt":{"rendered":"<p>F\u00f8l varmen av universell hengivenhet med \u00abJeg er elsket\u00bb Tarot-bomullsposen. Denne posen er utsmykket med hjertevarmende tarot-illustrasjoner som minner deg om kj\u00e6rligheten som omgir deg. Ideell for daglige n\u00f8dvendigheter eller spesielle minner som trenger et snev av omsorg og kj\u00e6rlighet. Perfekt for metafysiske butikker, holistiske sentre og ethvert detaljhandelslokale som har som m\u00e5l \u00e5 tilby [&hellip;]<\/p>\n","protected":false},"featured_media":323709,"comment_status":"closed","ping_status":"open","template":"","meta":{"_angie_page":false},"product_brand":[27114],"product_cat":[9173,9174],"product_tag":[],"class_list":{"0":"post-205730","1":"product","2":"type-product","3":"status-publish","4":"has-post-thumbnail","6":"product_brand-hop-hare","7":"product_cat-okologiske-vesker","8":"product_cat-vesker-ryggsekker","9":"pa_collection-hop-hare-tarot-cotton-bags-no","10":"pa_made-in-india","12":"first","13":"instock","14":"purchasable","15":"product-type-simple"},"supplier_id":null,"supplier_sku":"HHTB-06","barcode":null,"atum_controlled":true,"out_stock_date":null,"out_stock_threshold":null,"inheritable":false,"inbound_stock":null,"stock_on_hold":0,"sold_today":0,"sales_last_days":0,"reserved_stock":null,"customer_returns":null,"warehouse_damage":null,"lost_in_post":null,"other_logs":null,"out_stock_days":0,"lost_sales":0,"has_location":null,"update_date":"2026-05-04T00:03:56","atum_locations":[],"atum_stock_status":"instock","restock_status":false,"low_stock_amount":"","sales_update_date":"2025-09-04T00:18:23","calc_backorders":null,"_links":{"self":[{"href":"https:\/\/aromasentia.com\/no\/wp-json\/wp\/v2\/product\/205730","targetHints":{"allow":["GET"]}}],"collection":[{"href":"https:\/\/aromasentia.com\/no\/wp-json\/wp\/v2\/product"}],"about":[{"href":"https:\/\/aromasentia.com\/no\/wp-json\/wp\/v2\/types\/product"}],"replies":[{"embeddable":true,"href":"https:\/\/aromasentia.com\/no\/wp-json\/wp\/v2\/comments?post=205730"}],"version-history":[{"count":0,"href":"https:\/\/aromasentia.com\/no\/wp-json\/wp\/v2\/product\/205730\/revisions"}],"wp:featuredmedia":[{"embeddable":true,"href":"https:\/\/aromasentia.com\/no\/wp-json\/wp\/v2\/media\/323709"}],"wp:attachment":[{"href":"https:\/\/aromasentia.com\/no\/wp-json\/wp\/v2\/media?parent=205730"}],"wp:term":[{"taxonomy":"product_brand","embeddable":true,"href":"https:\/\/aromasentia.com\/no\/wp-json\/wp\/v2\/product_brand?post=205730"},{"taxonomy":"product_cat","embeddable":true,"href":"https:\/\/aromasentia.com\/no\/wp-json\/wp\/v2\/product_cat?post=205730"},{"taxonomy":"product_tag","embeddable":true,"href":"https:\/\/aromasentia.com\/no\/wp-json\/wp\/v2\/product_tag?post=205730"}],"curies":[{"name":"wp","href":"https:\/\/api.w.org\/{rel}","templated":true}]}}