{"id":205728,"date":"2025-03-21T14:44:18","date_gmt":"2025-03-21T14:44:18","guid":{"rendered":"https:\/\/aromasentia.com\/product\/hop-hare-tote-bag-i-am-bright-10oz-cotton-canvas\/"},"modified":"2025-05-31T02:13:01","modified_gmt":"2025-05-31T02:13:01","slug":"hop-hare-totebag-baereveske-i-am-bright-10-oz-bomullslerret","status":"publish","type":"product","link":"https:\/\/aromasentia.com\/no\/hop-hare-totebag-baereveske-i-am-bright-10-oz-bomullslerret\/","title":{"rendered":"Hop Hare Totebag \/ B\u00e6reveske &#8211; I Am Bright &#8211; 10 Oz Bomullslerret"},"content":{"rendered":"<p><span style=\"color: rgb(75, 80, 88);\"><strong>Lys opp dagen din med \u00abI Am Bright\u00bb Tarot-bomullsposen.<\/strong><\/span><\/p>\n<p><span style=\"color: rgb(75, 80, 88);\">Denne posen inneholder str\u00e5lende tarot-visualer som inspirerer til positivitet og lys. Et godt valg for de som \u00f8nsker \u00e5 lyse opp lyset sitt, den er praktisk til hverdagsbruk samtidig som den gir et stilig inntrykk.<\/span><\/p>\n<p><span style=\"color: rgb(75, 80, 88);\"><strong>Perfekt for metafysiske butikker, holistiske sentre og ethvert detaljhandelslokale som \u00f8nsker \u00e5 tilby produkter som blander stil, spiritualitet og b\u00e6rekraft.<\/strong>&nbsp;<\/span><\/p>\n<p><span style=\"color: rgb(75, 80, 88);\"><strong>M\u00e5l:<\/strong><\/span><\/p>\n<p><span style=\"color: rgb(75, 80, 88);\">H\u00f8yde: 42 cm<\/span><\/p>\n<p><span style=\"color: rgb(75, 80, 88);\">Lengde: 39 cm<\/span><\/p>\n<p><span style=\"color: rgb(75, 80, 88);\">Bredde; 13 cm<\/span><\/p>\n<p><span style=\"color: rgb(75, 80, 88);\">H\u00e5ndtakslengde: 30 cm<\/span><\/p>\n","protected":false},"excerpt":{"rendered":"<p>Lys opp dagen din med \u00abI Am Bright\u00bb Tarot-bomullsposen. Denne posen inneholder str\u00e5lende tarot-visualer som inspirerer til positivitet og lys. Et godt valg for de som \u00f8nsker \u00e5 lyse opp lyset sitt, den er praktisk til hverdagsbruk samtidig som den gir et stilig inntrykk. Perfekt for metafysiske butikker, holistiske sentre og ethvert detaljhandelslokale som \u00f8nsker [&hellip;]<\/p>\n","protected":false},"featured_media":323643,"comment_status":"closed","ping_status":"open","template":"","meta":{"_angie_page":false},"product_brand":[27114],"product_cat":[9173,9174],"product_tag":[],"class_list":{"0":"post-205728","1":"product","2":"type-product","3":"status-publish","4":"has-post-thumbnail","6":"product_brand-hop-hare","7":"product_cat-okologiske-vesker","8":"product_cat-vesker-ryggsekker","9":"pa_collection-hop-hare-tarot-cotton-bags-no","10":"pa_made-in-india","12":"first","13":"instock","14":"purchasable","15":"product-type-simple"},"supplier_id":null,"supplier_sku":"HHTB-04","barcode":null,"atum_controlled":true,"out_stock_date":null,"out_stock_threshold":null,"inheritable":false,"inbound_stock":null,"stock_on_hold":0,"sold_today":0,"sales_last_days":0,"reserved_stock":null,"customer_returns":null,"warehouse_damage":null,"lost_in_post":null,"other_logs":null,"out_stock_days":0,"lost_sales":0,"has_location":null,"update_date":"2026-05-04T00:03:56","atum_locations":[],"atum_stock_status":"instock","restock_status":false,"low_stock_amount":"","sales_update_date":"2025-09-04T00:18:22","calc_backorders":null,"_links":{"self":[{"href":"https:\/\/aromasentia.com\/no\/wp-json\/wp\/v2\/product\/205728","targetHints":{"allow":["GET"]}}],"collection":[{"href":"https:\/\/aromasentia.com\/no\/wp-json\/wp\/v2\/product"}],"about":[{"href":"https:\/\/aromasentia.com\/no\/wp-json\/wp\/v2\/types\/product"}],"replies":[{"embeddable":true,"href":"https:\/\/aromasentia.com\/no\/wp-json\/wp\/v2\/comments?post=205728"}],"version-history":[{"count":0,"href":"https:\/\/aromasentia.com\/no\/wp-json\/wp\/v2\/product\/205728\/revisions"}],"wp:featuredmedia":[{"embeddable":true,"href":"https:\/\/aromasentia.com\/no\/wp-json\/wp\/v2\/media\/323643"}],"wp:attachment":[{"href":"https:\/\/aromasentia.com\/no\/wp-json\/wp\/v2\/media?parent=205728"}],"wp:term":[{"taxonomy":"product_brand","embeddable":true,"href":"https:\/\/aromasentia.com\/no\/wp-json\/wp\/v2\/product_brand?post=205728"},{"taxonomy":"product_cat","embeddable":true,"href":"https:\/\/aromasentia.com\/no\/wp-json\/wp\/v2\/product_cat?post=205728"},{"taxonomy":"product_tag","embeddable":true,"href":"https:\/\/aromasentia.com\/no\/wp-json\/wp\/v2\/product_tag?post=205728"}],"curies":[{"name":"wp","href":"https:\/\/api.w.org\/{rel}","templated":true}]}}