{"id":205723,"date":"2025-03-21T14:44:18","date_gmt":"2025-03-21T14:44:18","guid":{"rendered":"https:\/\/aromasentia.com\/product\/hop-hare-pouch-i-am-loved\/"},"modified":"2025-05-31T02:12:12","modified_gmt":"2025-05-31T02:12:12","slug":"hop-hare-pouch-i-am-loved","status":"publish","type":"product","link":"https:\/\/aromasentia.com\/no\/hop-hare-pouch-i-am-loved\/","title":{"rendered":"Hop Hare Pouch &#8211; I Am Loved"},"content":{"rendered":"<p><span style=\"color: rgb(75, 80, 88);\"><strong>F\u00f8l deg verdsatt med \u00abJeg er elsket\u00bb-posen med humlehare.<\/strong><\/span><\/p>\n<p><span style=\"color: rgb(75, 80, 88);\">Denne kj\u00e6rlige posen er en s\u00f8t p\u00e5minnelse om kj\u00e6rlighetens varige n\u00e6rv\u00e6r. Ideell for gaver eller personlig bruk, dens milde budskap og slitesterke design gj\u00f8r den til en favoritt for oppbevaring av verdifulle gjenstander.<\/span><\/p>\n<p><span style=\"color: rgb(75, 80, 88);\">Samle den med badeprodukter for en spa-tema kurv, fyll den med godteri og sjokolade for en oppfriskende gave, eller kombiner den med en motiverende bok eller dagbok. &nbsp;Mulighetene er uendelige! &nbsp;<\/span><\/p>\n<p><span style=\"farge: rgb(75, 80, 88);\"><strong>M\u00e5l:<\/strong><\/span><\/p>\n<p><span style=\"farge: rgb(75, 80, 88);\">19 x 12 x 4,5 cm<\/span><\/p>\n","protected":false},"excerpt":{"rendered":"<p>F\u00f8l deg verdsatt med \u00abJeg er elsket\u00bb-posen med humlehare. Denne kj\u00e6rlige posen er en s\u00f8t p\u00e5minnelse om kj\u00e6rlighetens varige n\u00e6rv\u00e6r. Ideell for gaver eller personlig bruk, dens milde budskap og slitesterke design gj\u00f8r den til en favoritt for oppbevaring av verdifulle gjenstander. Samle den med badeprodukter for en spa-tema kurv, fyll den med godteri og [&hellip;]<\/p>\n","protected":false},"featured_media":323510,"comment_status":"closed","ping_status":"open","template":"","meta":{"_angie_page":false},"product_brand":[27114],"product_cat":[9173,9174],"product_tag":[],"class_list":{"0":"post-205723","1":"product","2":"type-product","3":"status-publish","4":"has-post-thumbnail","6":"product_brand-hop-hare","7":"product_cat-okologiske-vesker","8":"product_cat-vesker-ryggsekker","9":"pa_collection-hop-hare-pouches-no","10":"pa_made-in-india","12":"first","13":"instock","14":"purchasable","15":"product-type-simple"},"supplier_id":null,"supplier_sku":"HHP-06","barcode":null,"atum_controlled":true,"out_stock_date":null,"out_stock_threshold":null,"inheritable":false,"inbound_stock":null,"stock_on_hold":0,"sold_today":0,"sales_last_days":0,"reserved_stock":null,"customer_returns":null,"warehouse_damage":null,"lost_in_post":null,"other_logs":null,"out_stock_days":154,"lost_sales":0,"has_location":null,"update_date":"2026-04-27T07:07:27","atum_locations":[],"atum_stock_status":"instock","restock_status":false,"low_stock_amount":"","sales_update_date":"2026-02-06T00:01:10","calc_backorders":null,"_links":{"self":[{"href":"https:\/\/aromasentia.com\/no\/wp-json\/wp\/v2\/product\/205723","targetHints":{"allow":["GET"]}}],"collection":[{"href":"https:\/\/aromasentia.com\/no\/wp-json\/wp\/v2\/product"}],"about":[{"href":"https:\/\/aromasentia.com\/no\/wp-json\/wp\/v2\/types\/product"}],"replies":[{"embeddable":true,"href":"https:\/\/aromasentia.com\/no\/wp-json\/wp\/v2\/comments?post=205723"}],"version-history":[{"count":0,"href":"https:\/\/aromasentia.com\/no\/wp-json\/wp\/v2\/product\/205723\/revisions"}],"wp:featuredmedia":[{"embeddable":true,"href":"https:\/\/aromasentia.com\/no\/wp-json\/wp\/v2\/media\/323510"}],"wp:attachment":[{"href":"https:\/\/aromasentia.com\/no\/wp-json\/wp\/v2\/media?parent=205723"}],"wp:term":[{"taxonomy":"product_brand","embeddable":true,"href":"https:\/\/aromasentia.com\/no\/wp-json\/wp\/v2\/product_brand?post=205723"},{"taxonomy":"product_cat","embeddable":true,"href":"https:\/\/aromasentia.com\/no\/wp-json\/wp\/v2\/product_cat?post=205723"},{"taxonomy":"product_tag","embeddable":true,"href":"https:\/\/aromasentia.com\/no\/wp-json\/wp\/v2\/product_tag?post=205723"}],"curies":[{"name":"wp","href":"https:\/\/api.w.org\/{rel}","templated":true}]}}