{"id":205698,"date":"2025-03-21T14:44:30","date_gmt":"2025-03-21T14:44:30","guid":{"rendered":"https:\/\/aromasentia.com\/product\/canvas-large-laptop-pouch-olive-30x40cm\/"},"modified":"2025-05-31T02:10:15","modified_gmt":"2025-05-31T02:10:15","slug":"laptop-veske-i-lerret-oliven-30x40-cm-stor","status":"publish","type":"product","link":"https:\/\/aromasentia.com\/no\/laptop-veske-i-lerret-oliven-30x40-cm-stor\/","title":{"rendered":"Laptop Veske I Lerret &#8211; Oliven &#8211; 30&#215;40 cm Stor"},"content":{"rendered":"<p><strong>Grossist nettbrettveske i lerret&nbsp;<\/strong>&#8211; Olivengr\u00f8nn Leter du etter en stilig og praktisk m\u00e5te \u00e5 beskytte nettbrettet ditt p\u00e5? Denne<strong>&nbsp;Canvas Tablet Pouch i elegant olivengr\u00f8nn<\/strong>, stolt produsert i India, er det perfekte valget til butikksamlingen din. Den er designet med tanke p\u00e5 bekvemmelighet og raffinement, og er ideell for alle som har en fartsfylt livsstil p\u00e5 farten.<\/p>\n<p>Hurtig tilgangsdesign:<strong>&nbsp;Skyv nettbrettet enkelt inn og ut<\/strong>, slik at enheten alltid er innen rekkevidde.<\/p>\n<p>Slank og b\u00e6rbar:<strong>&nbsp;Lett og kompakt<\/strong>, denne vesken er enkel \u00e5 b\u00e6re alene eller passe inn i en ryggsekk, h\u00e5ndveske eller koffert.<\/p>\n<p>Ekstra sidelomme: Hold orden med ekstra plass til \u00e5 oppbevare smarttelefoner, penner, ladere, kabler eller annet tilbeh\u00f8r. Enten kundene dine pendler, er p\u00e5 reise eller jobber eksternt, s\u00f8rger denne vesken for at nettbrettet er trygt og at det viktigste er lett tilgjengelig.Stilig<\/strong> og allsidig, denne vesken er et must-have i enhver gaveartikelsamling eller et gjennomtenkt gavealternativ til venner, familie eller kolleger.<\/p>\n<p><strong>Lagre opp med Olive Green Canvas Tablet Pouch til butikken din i dag!<\/strong><\/p>\n","protected":false},"excerpt":{"rendered":"<p>Grossist nettbrettveske i lerret&nbsp;&#8211; Olivengr\u00f8nn Leter du etter en stilig og praktisk m\u00e5te \u00e5 beskytte nettbrettet ditt p\u00e5? Denne&nbsp;Canvas Tablet Pouch i elegant olivengr\u00f8nn, stolt produsert i India, er det perfekte valget til butikksamlingen din. Den er designet med tanke p\u00e5 bekvemmelighet og raffinement, og er ideell for alle som har en fartsfylt livsstil p\u00e5 [&hellip;]<\/p>\n","protected":false},"featured_media":325074,"comment_status":"closed","ping_status":"open","template":"","meta":[],"product_brand":[],"product_cat":[9173,9174],"product_tag":[],"class_list":{"0":"post-205698","1":"product","2":"type-product","3":"status-publish","4":"has-post-thumbnail","6":"product_cat-okologiske-vesker","7":"product_cat-vesker-ryggsekker","8":"pa_collection-laptop-tablet-pouches-no","9":"pa_made-in-india","11":"first","12":"instock","13":"purchasable","14":"product-type-simple"},"supplier_id":null,"supplier_sku":"LTB-09","barcode":null,"atum_controlled":true,"out_stock_date":null,"out_stock_threshold":null,"inheritable":false,"inbound_stock":null,"stock_on_hold":0,"sold_today":0,"sales_last_days":0,"reserved_stock":null,"customer_returns":null,"warehouse_damage":null,"lost_in_post":null,"other_logs":null,"out_stock_days":0,"lost_sales":0,"has_location":null,"update_date":"2026-02-02T14:19:43","atum_locations":[],"atum_stock_status":"instock","restock_status":false,"low_stock_amount":"","sales_update_date":"2026-01-30T01:25:30","calc_backorders":null,"_links":{"self":[{"href":"https:\/\/aromasentia.com\/no\/wp-json\/wp\/v2\/product\/205698","targetHints":{"allow":["GET"]}}],"collection":[{"href":"https:\/\/aromasentia.com\/no\/wp-json\/wp\/v2\/product"}],"about":[{"href":"https:\/\/aromasentia.com\/no\/wp-json\/wp\/v2\/types\/product"}],"replies":[{"embeddable":true,"href":"https:\/\/aromasentia.com\/no\/wp-json\/wp\/v2\/comments?post=205698"}],"version-history":[{"count":0,"href":"https:\/\/aromasentia.com\/no\/wp-json\/wp\/v2\/product\/205698\/revisions"}],"wp:featuredmedia":[{"embeddable":true,"href":"https:\/\/aromasentia.com\/no\/wp-json\/wp\/v2\/media\/325074"}],"wp:attachment":[{"href":"https:\/\/aromasentia.com\/no\/wp-json\/wp\/v2\/media?parent=205698"}],"wp:term":[{"taxonomy":"product_brand","embeddable":true,"href":"https:\/\/aromasentia.com\/no\/wp-json\/wp\/v2\/product_brand?post=205698"},{"taxonomy":"product_cat","embeddable":true,"href":"https:\/\/aromasentia.com\/no\/wp-json\/wp\/v2\/product_cat?post=205698"},{"taxonomy":"product_tag","embeddable":true,"href":"https:\/\/aromasentia.com\/no\/wp-json\/wp\/v2\/product_tag?post=205698"}],"curies":[{"name":"wp","href":"https:\/\/api.w.org\/{rel}","templated":true}]}}