{"id":205696,"date":"2025-03-21T14:44:30","date_gmt":"2025-03-21T14:44:30","guid":{"rendered":"https:\/\/aromasentia.com\/product\/canvas-large-laptop-pouch-orange-30x40cm\/"},"modified":"2025-05-31T02:10:10","modified_gmt":"2025-05-31T02:10:10","slug":"laptop-veske-i-lerret-oransje-30x40-cm-stor","status":"publish","type":"product","link":"https:\/\/aromasentia.com\/no\/laptop-veske-i-lerret-oransje-30x40-cm-stor\/","title":{"rendered":"Laptop Veske I Lerret &#8211; Oransje &#8211; 30&#215;40 cm Stor"},"content":{"rendered":"<p><strong>Etui for nettbrett i lerret &#8211; Levende oransje farge<\/strong>. Leter du etter en stilig og praktisk m\u00e5te \u00e5 beskytte nettbrettet ditt p\u00e5? Da er dette<strong>&nbsp;Canva Tablet Pouch<\/strong> i levende oransje, stolt produsert i India, det ideelle valget. Den er designet med bekvemmelighet og eleganse i tankene, og er perfekt for alle med en fartsfylt livsstil p\u00e5 farten.nbsp;<\/p>\n<p>Hurtig tilgangsdesign: Skyv nettbrettet enkelt inn og ut, slik at du alltid har enheten lett tilgjengelig.nbsp;<\/p>\n<p>Slank og b\u00e6rbar: Den lette og kompakte designen gj\u00f8r den enkel \u00e5 b\u00e6re alene eller legge i ryggsekken, h\u00e5ndvesken eller dokumentmappen.&nbsp;<\/p>\n<p>Ekstra sidelomme: Hold det viktigste organisert og tilgjengelig &#8211; perfekt for oppbevaring av smarttelefon, penner, ladere, kabler eller annet tilbeh\u00f8r. Enten kundene dine pendler, reiser eller jobber eksternt, s\u00f8rger denne vesken for at nettbrettet er trygt og at det viktigste er innen rekkevidde.&nbsp;<\/p>\n<p>Et must for gavebutikker og gjennomtenkte gaver Denne <strong>vesken er lys og allsidig, og er et utmerket tillegg til enhver gavebutikk eller en gjennomtenkt gave til venner, familie eller kolleger.<\/p>\n<\/p>\n<p>\n","protected":false},"excerpt":{"rendered":"<p>Etui for nettbrett i lerret &#8211; Levende oransje farge. Leter du etter en stilig og praktisk m\u00e5te \u00e5 beskytte nettbrettet ditt p\u00e5? Da er dette&nbsp;Canva Tablet Pouch i levende oransje, stolt produsert i India, det ideelle valget. Den er designet med bekvemmelighet og eleganse i tankene, og er perfekt for alle med en fartsfylt livsstil [&hellip;]<\/p>\n","protected":false},"featured_media":325056,"comment_status":"closed","ping_status":"open","template":"","meta":{"_angie_page":false},"product_brand":[],"product_cat":[9173,9174],"product_tag":[],"class_list":{"0":"post-205696","1":"product","2":"type-product","3":"status-publish","4":"has-post-thumbnail","6":"product_cat-okologiske-vesker","7":"product_cat-vesker-ryggsekker","8":"pa_collection-laptop-tablet-pouches-no","9":"pa_made-in-india","11":"first","12":"instock","13":"purchasable","14":"product-type-simple"},"supplier_id":null,"supplier_sku":"LTB-07","barcode":null,"atum_controlled":true,"out_stock_date":null,"out_stock_threshold":null,"inheritable":false,"inbound_stock":null,"stock_on_hold":0,"sold_today":0,"sales_last_days":0,"reserved_stock":null,"customer_returns":null,"warehouse_damage":null,"lost_in_post":null,"other_logs":null,"out_stock_days":0,"lost_sales":0,"has_location":null,"update_date":"2026-04-27T07:11:30","atum_locations":[],"atum_stock_status":"instock","restock_status":false,"low_stock_amount":"","sales_update_date":"2026-01-30T01:26:29","calc_backorders":null,"_links":{"self":[{"href":"https:\/\/aromasentia.com\/no\/wp-json\/wp\/v2\/product\/205696","targetHints":{"allow":["GET"]}}],"collection":[{"href":"https:\/\/aromasentia.com\/no\/wp-json\/wp\/v2\/product"}],"about":[{"href":"https:\/\/aromasentia.com\/no\/wp-json\/wp\/v2\/types\/product"}],"replies":[{"embeddable":true,"href":"https:\/\/aromasentia.com\/no\/wp-json\/wp\/v2\/comments?post=205696"}],"version-history":[{"count":0,"href":"https:\/\/aromasentia.com\/no\/wp-json\/wp\/v2\/product\/205696\/revisions"}],"wp:featuredmedia":[{"embeddable":true,"href":"https:\/\/aromasentia.com\/no\/wp-json\/wp\/v2\/media\/325056"}],"wp:attachment":[{"href":"https:\/\/aromasentia.com\/no\/wp-json\/wp\/v2\/media?parent=205696"}],"wp:term":[{"taxonomy":"product_brand","embeddable":true,"href":"https:\/\/aromasentia.com\/no\/wp-json\/wp\/v2\/product_brand?post=205696"},{"taxonomy":"product_cat","embeddable":true,"href":"https:\/\/aromasentia.com\/no\/wp-json\/wp\/v2\/product_cat?post=205696"},{"taxonomy":"product_tag","embeddable":true,"href":"https:\/\/aromasentia.com\/no\/wp-json\/wp\/v2\/product_tag?post=205696"}],"curies":[{"name":"wp","href":"https:\/\/api.w.org\/{rel}","templated":true}]}}