{"id":205690,"date":"2025-03-21T14:44:30","date_gmt":"2025-03-21T14:44:30","guid":{"rendered":"https:\/\/aromasentia.com\/product\/canvas-tablet-pouch-orange-21x29cm\/"},"modified":"2025-05-31T02:09:41","modified_gmt":"2025-05-31T02:09:41","slug":"nettbrettveske-i-lerret-oransje-21x29-cm","status":"publish","type":"product","link":"https:\/\/aromasentia.com\/no\/nettbrettveske-i-lerret-oransje-21x29-cm\/","title":{"rendered":"Nettbrettveske I Lerret &#8211; Oransje &#8211; 21&#215;29 cm"},"content":{"rendered":"<p><strong>Canvas Tablet Pouch &#8211; Vibrant Orange Color.<\/strong> Leter du etter en stilig og praktisk m\u00e5te \u00e5 beskytte nettbrettet ditt p\u00e5? <strong>&nbsp;Denne Canva Tablet Pouch i livlig oransje, stolt produsert i India,<\/strong> er det ideelle valget.<\/p>\n<p>Designet med bekvemmelighet og eleganse i tankene, er den perfekt for alle med en fartsfylt livsstil p\u00e5 farten.<\/p>\n<p><strong>Hurtig tilgangsdesign:<\/strong> Skyv nettbrettet enkelt inn og ut, slik at du alltid har enheten lett tilgjengelig.&nbsp;<\/p>\n<p><strong>Slank og b\u00e6rbar:<\/strong> Den lette og kompakte designen gj\u00f8r den enkel \u00e5 b\u00e6re alene eller legge i ryggsekken, h\u00e5ndvesken eller kofferten.<\/p>\n<p><strong>Ekstra sidelomme:<\/strong> Hold det viktigste organisert og tilgjengelig &#8211; perfekt for oppbevaring av smarttelefon, penner, ladere, kabler eller annet tilbeh\u00f8r.<\/p>\n<p>Uansett om kundene dine pendler, er p\u00e5 reise eller jobber eksternt, s\u00f8rger denne vesken for at nettbrettet er trygt og at det viktigste er innen rekkevidde.<\/p>\n<p> <strong>Et must for gavebutikker og gjennomtenkte gaver Denne lyse og allsidige vesken er et utmerket tillegg til enhver gavebutikk eller en gjennomtenkt gave til venner, familie eller kolleger.<\/strong> <strong> <\/p>\n<p> <strong>Lysende og allsidig.<\/strong> <\/p><\/p>\n","protected":false},"excerpt":{"rendered":"<p>Canvas Tablet Pouch &#8211; Vibrant Orange Color. Leter du etter en stilig og praktisk m\u00e5te \u00e5 beskytte nettbrettet ditt p\u00e5? &nbsp;Denne Canva Tablet Pouch i livlig oransje, stolt produsert i India, er det ideelle valget. Designet med bekvemmelighet og eleganse i tankene, er den perfekt for alle med en fartsfylt livsstil p\u00e5 farten. Hurtig tilgangsdesign: [&hellip;]<\/p>\n","protected":false},"featured_media":325002,"comment_status":"closed","ping_status":"open","template":"","meta":{"_angie_page":false},"product_brand":[],"product_cat":[9173,9174],"product_tag":[],"class_list":{"0":"post-205690","1":"product","2":"type-product","3":"status-publish","4":"has-post-thumbnail","6":"product_cat-okologiske-vesker","7":"product_cat-vesker-ryggsekker","8":"pa_collection-laptop-tablet-pouches-no","9":"pa_made-in-india","11":"first","12":"instock","13":"purchasable","14":"product-type-simple"},"supplier_id":null,"supplier_sku":"LTB-01","barcode":null,"atum_controlled":true,"out_stock_date":null,"out_stock_threshold":null,"inheritable":false,"inbound_stock":null,"stock_on_hold":0,"sold_today":0,"sales_last_days":0,"reserved_stock":null,"customer_returns":null,"warehouse_damage":null,"lost_in_post":null,"other_logs":null,"out_stock_days":0,"lost_sales":0,"has_location":null,"update_date":"2026-04-27T07:11:30","atum_locations":[],"atum_stock_status":"instock","restock_status":false,"low_stock_amount":"","sales_update_date":"2025-09-05T00:23:15","calc_backorders":null,"_links":{"self":[{"href":"https:\/\/aromasentia.com\/no\/wp-json\/wp\/v2\/product\/205690","targetHints":{"allow":["GET"]}}],"collection":[{"href":"https:\/\/aromasentia.com\/no\/wp-json\/wp\/v2\/product"}],"about":[{"href":"https:\/\/aromasentia.com\/no\/wp-json\/wp\/v2\/types\/product"}],"replies":[{"embeddable":true,"href":"https:\/\/aromasentia.com\/no\/wp-json\/wp\/v2\/comments?post=205690"}],"version-history":[{"count":0,"href":"https:\/\/aromasentia.com\/no\/wp-json\/wp\/v2\/product\/205690\/revisions"}],"wp:featuredmedia":[{"embeddable":true,"href":"https:\/\/aromasentia.com\/no\/wp-json\/wp\/v2\/media\/325002"}],"wp:attachment":[{"href":"https:\/\/aromasentia.com\/no\/wp-json\/wp\/v2\/media?parent=205690"}],"wp:term":[{"taxonomy":"product_brand","embeddable":true,"href":"https:\/\/aromasentia.com\/no\/wp-json\/wp\/v2\/product_brand?post=205690"},{"taxonomy":"product_cat","embeddable":true,"href":"https:\/\/aromasentia.com\/no\/wp-json\/wp\/v2\/product_cat?post=205690"},{"taxonomy":"product_tag","embeddable":true,"href":"https:\/\/aromasentia.com\/no\/wp-json\/wp\/v2\/product_tag?post=205690"}],"curies":[{"name":"wp","href":"https:\/\/api.w.org\/{rel}","templated":true}]}}