{"id":205668,"date":"2025-03-21T14:44:35","date_gmt":"2025-03-21T14:44:35","guid":{"rendered":"https:\/\/aromasentia.com\/product\/peacock-classic-mandela-sarong\/"},"modified":"2025-05-31T02:07:56","modified_gmt":"2025-05-31T02:07:56","slug":"peacock-classic-mandela-sarong","status":"publish","type":"product","link":"https:\/\/aromasentia.com\/no\/peacock-classic-mandela-sarong\/","title":{"rendered":"Peacock Classic Mandela Sarong"},"content":{"rendered":"<p style=\"text-align: justify;\">Vi er glade for \u00e5 introdusere det nye sortimentet av <strong>grossist Bali Peacock Classic Mandala Sarongs.<\/strong> Disse Sarongs ble laget i en perfekt st\u00f8rrelse for \u00e5 vikle rundt midjen, og kan ogs\u00e5 v\u00e6re b\u00e5de sporty og elegant, perfekt \u00e5 ha p\u00e5 seg til enhver anledning, spesielt som et tilbeh\u00f8r til strandkl\u00e6r.<\/p>\n<p style=\"text-align: justify;\">N\u00e5r sommeren n\u00e6rmer seg og de kj\u00f8lige kveldene, vil disse Sarongs definitivt selge, de er lette, b\u00e6rbare og fasjonable. Kundene dine vil elske det.<\/p>\n<p style=\"text-align: justify;\">Bali Mandala Sarongs finnes i seks forskjellige fantastiske design. Hvert design kommer i en pakke med 2 stk. Skjerfene \/ Sarongs-materialet er laget av 100% rayon.&nbsp;<\/p>\n<p style=\"text-align: justify;\"><strong>St\u00f8rrelse: Lengde 140 cm, bredde 100 cm<\/strong><\/p>\n","protected":false},"excerpt":{"rendered":"<p>Vi er glade for \u00e5 introdusere det nye sortimentet av grossist Bali Peacock Classic Mandala Sarongs. Disse Sarongs ble laget i en perfekt st\u00f8rrelse for \u00e5 vikle rundt midjen, og kan ogs\u00e5 v\u00e6re b\u00e5de sporty og elegant, perfekt \u00e5 ha p\u00e5 seg til enhver anledning, spesielt som et tilbeh\u00f8r til strandkl\u00e6r. N\u00e5r sommeren n\u00e6rmer seg [&hellip;]<\/p>\n","protected":false},"featured_media":325380,"comment_status":"closed","ping_status":"open","template":"","meta":{"_angie_page":false},"product_brand":[],"product_cat":[25834,26623],"product_tag":[],"class_list":{"0":"post-205668","1":"product","2":"type-product","3":"status-publish","4":"has-post-thumbnail","6":"product_cat-klaer","7":"product_cat-saronger","8":"pa_collection-mandala-sarongs-no","9":"pa_made-in-indonesia","11":"first","12":"instock","13":"purchasable","14":"product-type-simple"},"supplier_id":null,"supplier_sku":"MANT-04","barcode":null,"atum_controlled":true,"out_stock_date":null,"out_stock_threshold":null,"inheritable":false,"inbound_stock":null,"stock_on_hold":0,"sold_today":0,"sales_last_days":0,"reserved_stock":null,"customer_returns":null,"warehouse_damage":null,"lost_in_post":null,"other_logs":null,"out_stock_days":0,"lost_sales":0,"has_location":null,"update_date":"2026-05-08T05:13:08","atum_locations":[],"atum_stock_status":"instock","restock_status":false,"low_stock_amount":"","sales_update_date":"2026-02-06T00:02:29","calc_backorders":null,"_links":{"self":[{"href":"https:\/\/aromasentia.com\/no\/wp-json\/wp\/v2\/product\/205668","targetHints":{"allow":["GET"]}}],"collection":[{"href":"https:\/\/aromasentia.com\/no\/wp-json\/wp\/v2\/product"}],"about":[{"href":"https:\/\/aromasentia.com\/no\/wp-json\/wp\/v2\/types\/product"}],"replies":[{"embeddable":true,"href":"https:\/\/aromasentia.com\/no\/wp-json\/wp\/v2\/comments?post=205668"}],"version-history":[{"count":0,"href":"https:\/\/aromasentia.com\/no\/wp-json\/wp\/v2\/product\/205668\/revisions"}],"wp:featuredmedia":[{"embeddable":true,"href":"https:\/\/aromasentia.com\/no\/wp-json\/wp\/v2\/media\/325380"}],"wp:attachment":[{"href":"https:\/\/aromasentia.com\/no\/wp-json\/wp\/v2\/media?parent=205668"}],"wp:term":[{"taxonomy":"product_brand","embeddable":true,"href":"https:\/\/aromasentia.com\/no\/wp-json\/wp\/v2\/product_brand?post=205668"},{"taxonomy":"product_cat","embeddable":true,"href":"https:\/\/aromasentia.com\/no\/wp-json\/wp\/v2\/product_cat?post=205668"},{"taxonomy":"product_tag","embeddable":true,"href":"https:\/\/aromasentia.com\/no\/wp-json\/wp\/v2\/product_tag?post=205668"}],"curies":[{"name":"wp","href":"https:\/\/api.w.org\/{rel}","templated":true}]}}